{"id":728044,"date":"2025-06-14T21:20:15","date_gmt":"2025-06-14T18:20:15","guid":{"rendered":"https:\/\/nextsnkr.com\/product\/v2-israfil\/"},"modified":"2026-01-30T16:08:28","modified_gmt":"2026-01-30T13:08:28","slug":"v2-israfil","status":"publish","type":"product","link":"https:\/\/nextsnkr.com\/et\/toode\/v2-israfil\/","title":{"rendered":"Tossud V2 Israfil Tekstiil v\u00f5rguga"},"content":{"rendered":"<h2>Tossud V2 Israfil Tekstiil v\u00f5rguga<\/h2>\n<p>Kerged ja hingavad V2 Israfil tossud on valmistatud tekstiili ja v\u00f5rgusilma kombinatsioonist, mis tagab maksimaalse mugavuse ja ventilatsiooni aktiivse kandmise ajal. Mudelil on kaasaegne disain ja vastupidav konstruktsioon, mis sobib igap\u00e4evaseks kasutamiseks ja sportlikuks tegevuseks. Hiinas toodetud tossud \u00fchendavad ideaalselt stiili, praktilisuse ja kerguse, muutes need suurep\u00e4raseks valikuks neile, kes hindavad mugavust ja trendikat v\u00e4limust.<\/p>\n","protected":false},"excerpt":{"rendered":"<p>Kerged ja hingavad V2 Israfil tossud on valmistatud tekstiili ja v\u00f5rgusilma kombinatsioonist, mis tagab maksimaalse mugavuse ja ventilatsiooni aktiivse kandmise ajal. Mudelil on kaasaegne disain ja vastupidav konstruktsioon, mis sobib igap\u00e4evaseks kasutamiseks ja sportlikuks tegevuseks. Hiinas toodetud tossud \u00fchendavad ideaalselt stiili, praktilisuse ja kerguse, muutes need suurep\u00e4raseks valikuks neile, kes hindavad mugavust ja trendikat v\u00e4limust.<\/p>\n","protected":false},"featured_media":728045,"comment_status":"open","ping_status":"open","template":"","meta":[],"product_brand":[],"product_cat":[3186,3187],"product_tag":[],"class_list":{"0":"post-728044","1":"product","2":"type-product","3":"status-publish","4":"has-post-thumbnail","6":"product_cat-all-product","7":"product_cat-krosivky","8":"pa_rozmir-910","9":"pa_rozmir-912","10":"pa_rozmir-914","11":"pa_rozmir-915","12":"pa_rozmir-916","13":"pa_rozmir-917","14":"pa_rozmir-918","15":"pa_rozmir-919","16":"pa_rozmir-920","17":"pa_rozmir-921","18":"pa_rozmir-922","20":"first","21":"instock","22":"purchasable","23":"product-type-variable"},"_links":{"self":[{"href":"https:\/\/nextsnkr.com\/et\/wp-json\/wp\/v2\/product\/728044","targetHints":{"allow":["GET"]}}],"collection":[{"href":"https:\/\/nextsnkr.com\/et\/wp-json\/wp\/v2\/product"}],"about":[{"href":"https:\/\/nextsnkr.com\/et\/wp-json\/wp\/v2\/types\/product"}],"replies":[{"embeddable":true,"href":"https:\/\/nextsnkr.com\/et\/wp-json\/wp\/v2\/comments?post=728044"}],"version-history":[{"count":0,"href":"https:\/\/nextsnkr.com\/et\/wp-json\/wp\/v2\/product\/728044\/revisions"}],"wp:featuredmedia":[{"embeddable":true,"href":"https:\/\/nextsnkr.com\/et\/wp-json\/wp\/v2\/media\/728045"}],"wp:attachment":[{"href":"https:\/\/nextsnkr.com\/et\/wp-json\/wp\/v2\/media?parent=728044"}],"wp:term":[{"taxonomy":"product_brand","embeddable":true,"href":"https:\/\/nextsnkr.com\/et\/wp-json\/wp\/v2\/product_brand?post=728044"},{"taxonomy":"product_cat","embeddable":true,"href":"https:\/\/nextsnkr.com\/et\/wp-json\/wp\/v2\/product_cat?post=728044"},{"taxonomy":"product_tag","embeddable":true,"href":"https:\/\/nextsnkr.com\/et\/wp-json\/wp\/v2\/product_tag?post=728044"}],"curies":[{"name":"wp","href":"https:\/\/api.w.org\/{rel}","templated":true}]}}