{"id":727857,"date":"2025-06-14T21:21:07","date_gmt":"2025-06-14T18:21:07","guid":{"rendered":"https:\/\/nextsnkr.com\/product\/black-ref-shnurky-ne-premyum-rasprodazha\/"},"modified":"2026-01-30T16:08:13","modified_gmt":"2026-01-30T13:08:13","slug":"black-ref-shnurky-ne-premyum-rasprodazha","status":"publish","type":"product","link":"https:\/\/nextsnkr.com\/et\/toode\/black-ref-shnurky-ne-premyum-rasprodazha\/","title":{"rendered":"Tossud Black * Ref Tekstiil v\u00f5rguga-meeste n\u00f6\u00f6riga"},"content":{"rendered":"<h2>Tossud Black * Ref Tekstiil v\u00f5rguga-meeste n\u00f6\u00f6riga<\/h2>\n<p>Tossud Black * Ref kingapaelad ei ole esmaklassilised-kerged meeste tekstiilist ja v\u00f5rgusilmast tossud, mis on loodud igap\u00e4evaseks mugavuseks. Hingavad materjalid tagavad jala ventilatsiooni ja n\u00f6\u00f6rimine v\u00f5imaldab k\u00f5ndimise ajal mugavust reguleerida. Mudel \u00fchendab praktilisuse ja stiili, sobib jalutamiseks, v\u00e4litegevuseks v\u00f5i linna igap\u00e4evaseks kandmiseks. Taskukohane hind muudab need tossud soodsaks valikuks neile, kes hindavad mugavust ja kaasaegset disaini.<\/p>\n","protected":false},"excerpt":{"rendered":"<p>Tossud Black * Ref kingapaelad ei ole esmaklassilised-kerged meeste tekstiilist ja v\u00f5rgusilmast tossud, mis on loodud igap\u00e4evaseks mugavuseks. Hingavad materjalid tagavad jala ventilatsiooni ja n\u00f6\u00f6rimine v\u00f5imaldab k\u00f5ndimise ajal mugavust reguleerida. Mudel \u00fchendab praktilisuse ja stiili, sobib jalutamiseks, v\u00e4litegevuseks v\u00f5i linna igap\u00e4evaseks kandmiseks. Taskukohane hind muudab need tossud soodsaks valikuks neile, kes hindavad mugavust ja kaasaegset disaini.<\/p>\n","protected":false},"featured_media":727861,"comment_status":"open","ping_status":"open","template":"","meta":[],"product_brand":[],"product_cat":[3186,3187],"product_tag":[],"class_list":{"0":"post-727857","1":"product","2":"type-product","3":"status-publish","4":"has-post-thumbnail","6":"product_cat-all-product","7":"product_cat-krosivky","8":"pa_rozmir-910","9":"pa_rozmir-912","10":"pa_rozmir-914","11":"pa_rozmir-915","12":"pa_rozmir-916","13":"pa_rozmir-917","14":"pa_rozmir-918","15":"pa_rozmir-919","16":"pa_rozmir-920","17":"pa_rozmir-921","18":"pa_rozmir-922","20":"first","21":"instock","22":"purchasable","23":"product-type-variable"},"_links":{"self":[{"href":"https:\/\/nextsnkr.com\/et\/wp-json\/wp\/v2\/product\/727857","targetHints":{"allow":["GET"]}}],"collection":[{"href":"https:\/\/nextsnkr.com\/et\/wp-json\/wp\/v2\/product"}],"about":[{"href":"https:\/\/nextsnkr.com\/et\/wp-json\/wp\/v2\/types\/product"}],"replies":[{"embeddable":true,"href":"https:\/\/nextsnkr.com\/et\/wp-json\/wp\/v2\/comments?post=727857"}],"version-history":[{"count":0,"href":"https:\/\/nextsnkr.com\/et\/wp-json\/wp\/v2\/product\/727857\/revisions"}],"wp:featuredmedia":[{"embeddable":true,"href":"https:\/\/nextsnkr.com\/et\/wp-json\/wp\/v2\/media\/727861"}],"wp:attachment":[{"href":"https:\/\/nextsnkr.com\/et\/wp-json\/wp\/v2\/media?parent=727857"}],"wp:term":[{"taxonomy":"product_brand","embeddable":true,"href":"https:\/\/nextsnkr.com\/et\/wp-json\/wp\/v2\/product_brand?post=727857"},{"taxonomy":"product_cat","embeddable":true,"href":"https:\/\/nextsnkr.com\/et\/wp-json\/wp\/v2\/product_cat?post=727857"},{"taxonomy":"product_tag","embeddable":true,"href":"https:\/\/nextsnkr.com\/et\/wp-json\/wp\/v2\/product_tag?post=727857"}],"curies":[{"name":"wp","href":"https:\/\/api.w.org\/{rel}","templated":true}]}}