{"id":727537,"date":"2025-06-14T21:21:54","date_gmt":"2025-06-14T18:21:54","guid":{"rendered":"https:\/\/nextsnkr.com\/product\/350-white-strip\/"},"modified":"2026-01-30T16:08:03","modified_gmt":"2026-01-30T13:08:03","slug":"350-white-strip","status":"publish","type":"product","link":"https:\/\/nextsnkr.com\/et\/toode\/350-white-strip\/","title":{"rendered":"Tossud 350 White \/ Strip-tekstiilist stiilsed mehed \/ naised"},"content":{"rendered":"<h2>Tossud 350 White \/ Strip-tekstiilist stiilsed mehed \/ naised<\/h2>\n<p>350 white \/ Strip tossud on kaasaegsed ja mugavad kingad, millel on tekstiili ja v\u00f5rgusilma kombinatsioon igap\u00e4evaseks kandmiseks. Mudelil on kerge konstruktsioon, mugav istuvus ja hingavad materjalid, mis pakuvad mugavust kogu p\u00e4eva v\u00e4ltel. Valge v\u00e4rv koos triipudega lisab mitmek\u00fclgsust ja stiilset v\u00e4limust, mis on h\u00f5lpsasti \u00fchendatud mis tahes juhusliku v\u00e4limusega. Vietnamis toodetud tossud pakuvad vastupidavust, kergust ja kaasaegset disaini aktiivseks eluviisiks.<\/p>\n","protected":false},"excerpt":{"rendered":"<p>350 white \/ Strip tossud on kaasaegsed ja mugavad kingad, millel on tekstiili ja v\u00f5rgusilma kombinatsioon igap\u00e4evaseks kandmiseks. Mudelil on kerge konstruktsioon, mugav istuvus ja hingavad materjalid, mis pakuvad mugavust kogu p\u00e4eva v\u00e4ltel. Valge v\u00e4rv koos triipudega lisab mitmek\u00fclgsust ja stiilset v\u00e4limust, mis on h\u00f5lpsasti \u00fchendatud mis tahes juhusliku v\u00e4limusega. Vietnamis toodetud tossud pakuvad vastupidavust, kergust ja kaasaegset disaini aktiivseks eluviisiks.<\/p>\n","protected":false},"featured_media":727538,"comment_status":"open","ping_status":"open","template":"","meta":[],"product_brand":[],"product_cat":[3186,3187],"product_tag":[],"class_list":{"0":"post-727537","1":"product","2":"type-product","3":"status-publish","4":"has-post-thumbnail","6":"product_cat-all-product","7":"product_cat-krosivky","8":"pa_rozmir-910","9":"pa_rozmir-912","10":"pa_rozmir-914","11":"pa_rozmir-915","12":"pa_rozmir-916","13":"pa_rozmir-917","14":"pa_rozmir-918","15":"pa_rozmir-919","16":"pa_rozmir-920","17":"pa_rozmir-921","18":"pa_rozmir-922","20":"first","21":"onbackorder","22":"purchasable","23":"product-type-variable"},"_links":{"self":[{"href":"https:\/\/nextsnkr.com\/et\/wp-json\/wp\/v2\/product\/727537","targetHints":{"allow":["GET"]}}],"collection":[{"href":"https:\/\/nextsnkr.com\/et\/wp-json\/wp\/v2\/product"}],"about":[{"href":"https:\/\/nextsnkr.com\/et\/wp-json\/wp\/v2\/types\/product"}],"replies":[{"embeddable":true,"href":"https:\/\/nextsnkr.com\/et\/wp-json\/wp\/v2\/comments?post=727537"}],"version-history":[{"count":0,"href":"https:\/\/nextsnkr.com\/et\/wp-json\/wp\/v2\/product\/727537\/revisions"}],"wp:featuredmedia":[{"embeddable":true,"href":"https:\/\/nextsnkr.com\/et\/wp-json\/wp\/v2\/media\/727538"}],"wp:attachment":[{"href":"https:\/\/nextsnkr.com\/et\/wp-json\/wp\/v2\/media?parent=727537"}],"wp:term":[{"taxonomy":"product_brand","embeddable":true,"href":"https:\/\/nextsnkr.com\/et\/wp-json\/wp\/v2\/product_brand?post=727537"},{"taxonomy":"product_cat","embeddable":true,"href":"https:\/\/nextsnkr.com\/et\/wp-json\/wp\/v2\/product_cat?post=727537"},{"taxonomy":"product_tag","embeddable":true,"href":"https:\/\/nextsnkr.com\/et\/wp-json\/wp\/v2\/product_tag?post=727537"}],"curies":[{"name":"wp","href":"https:\/\/api.w.org\/{rel}","templated":true}]}}