{"id":727368,"date":"2025-06-14T21:22:41","date_gmt":"2025-06-14T18:22:41","guid":{"rendered":"https:\/\/nextsnkr.com\/product\/350-true-form\/"},"modified":"2026-01-30T16:07:48","modified_gmt":"2026-01-30T13:07:48","slug":"350-true-form","status":"publish","type":"product","link":"https:\/\/nextsnkr.com\/et\/toode\/350-true-form\/","title":{"rendered":"Tossud 350 True Form Tekstiil \/ v\u00f5rk-kerge ja mugav"},"content":{"rendered":"<h2>Tossud 350 True Form Tekstiil \/ v\u00f5rk-kerge ja mugav<\/h2>\n<p>350 True Form tossud on valmistatud hingavast tekstiilist ja v\u00f5rgust, mis tagab igap\u00e4evase kasutamise ajal suurep\u00e4rase ventilatsiooni, kerguse ja mugavuse. Ergonoomiline tald annab jalale pehmenduse ja toe ning kaasaegne disain muudab mudeli stiilseks valikuks linna-ja sportliku stiili jaoks. Vietnamis toodetud tossud \u00fchendavad kaubam\u00e4rgi 350 True Form, praktilisuse ja trendika v\u00e4limuse, et saada ideaalseks valikuks aktiivse elustiili jaoks.<\/p>\n","protected":false},"excerpt":{"rendered":"<p>350 True Form tossud on valmistatud hingavast tekstiilist ja v\u00f5rgust, mis tagab igap\u00e4evase kasutamise ajal suurep\u00e4rase ventilatsiooni, kerguse ja mugavuse. Ergonoomiline tald annab jalale pehmenduse ja toe ning kaasaegne disain muudab mudeli stiilseks valikuks linna-ja sportliku stiili jaoks. Vietnamis toodetud tossud \u00fchendavad kaubam\u00e4rgi 350 True Form, praktilisuse ja trendika v\u00e4limuse, et saada ideaalseks valikuks aktiivse elustiili jaoks.<\/p>\n","protected":false},"featured_media":727369,"comment_status":"open","ping_status":"open","template":"","meta":[],"product_brand":[],"product_cat":[3186,3187],"product_tag":[],"class_list":{"0":"post-727368","1":"product","2":"type-product","3":"status-publish","4":"has-post-thumbnail","6":"product_cat-all-product","7":"product_cat-krosivky","8":"pa_rozmir-910","9":"pa_rozmir-912","10":"pa_rozmir-914","11":"pa_rozmir-915","12":"pa_rozmir-916","13":"pa_rozmir-917","14":"pa_rozmir-918","15":"pa_rozmir-919","16":"pa_rozmir-920","17":"pa_rozmir-921","18":"pa_rozmir-922","20":"first","21":"instock","22":"purchasable","23":"product-type-variable"},"_links":{"self":[{"href":"https:\/\/nextsnkr.com\/et\/wp-json\/wp\/v2\/product\/727368","targetHints":{"allow":["GET"]}}],"collection":[{"href":"https:\/\/nextsnkr.com\/et\/wp-json\/wp\/v2\/product"}],"about":[{"href":"https:\/\/nextsnkr.com\/et\/wp-json\/wp\/v2\/types\/product"}],"replies":[{"embeddable":true,"href":"https:\/\/nextsnkr.com\/et\/wp-json\/wp\/v2\/comments?post=727368"}],"version-history":[{"count":0,"href":"https:\/\/nextsnkr.com\/et\/wp-json\/wp\/v2\/product\/727368\/revisions"}],"wp:featuredmedia":[{"embeddable":true,"href":"https:\/\/nextsnkr.com\/et\/wp-json\/wp\/v2\/media\/727369"}],"wp:attachment":[{"href":"https:\/\/nextsnkr.com\/et\/wp-json\/wp\/v2\/media?parent=727368"}],"wp:term":[{"taxonomy":"product_brand","embeddable":true,"href":"https:\/\/nextsnkr.com\/et\/wp-json\/wp\/v2\/product_brand?post=727368"},{"taxonomy":"product_cat","embeddable":true,"href":"https:\/\/nextsnkr.com\/et\/wp-json\/wp\/v2\/product_cat?post=727368"},{"taxonomy":"product_tag","embeddable":true,"href":"https:\/\/nextsnkr.com\/et\/wp-json\/wp\/v2\/product_tag?post=727368"}],"curies":[{"name":"wp","href":"https:\/\/api.w.org\/{rel}","templated":true}]}}