{"id":726860,"date":"2025-06-14T21:24:17","date_gmt":"2025-06-14T18:24:17","guid":{"rendered":"https:\/\/nextsnkr.com\/product\/350-tail-light\/"},"modified":"2026-01-30T16:07:26","modified_gmt":"2026-01-30T13:07:26","slug":"350-tail-light","status":"publish","type":"product","link":"https:\/\/nextsnkr.com\/et\/toode\/350-tail-light\/","title":{"rendered":"350 Tail Light tossud &#8211; meeste tekstiilist tossud"},"content":{"rendered":"<h2>350 Tail Light tossud &#8211; meeste tekstiilist tossud<\/h2>\n<p>350 Tail Light tossud on stiilsed tekstiilist ja v\u00f5rgusilmast meeste tossud, mis pakuvad kandmisel kergust, ventilatsiooni ja mugavust. Mudel sobib ideaalselt igap\u00e4evaseks kasutamiseks, jalutamiseks ja aktiivseks puhkuseks. Pehmendav tald tagab mugavuse k\u00f5ndimise ajal ning kaasaegne disain lisab v\u00e4limusele d\u00fcnaamilisust ja suundumust. Vietnami tootmine kinnitab materjalide kvaliteeti ja pikaealisust. Valige 350 Tail Light, et saada stiilne ja mugav v\u00e4limus iga p\u00e4ev.<\/p>\n","protected":false},"excerpt":{"rendered":"<p>350 Tail Light tossud on stiilsed tekstiilist ja v\u00f5rgusilmast meeste tossud, mis pakuvad kandmisel kergust, ventilatsiooni ja mugavust. Mudel sobib ideaalselt igap\u00e4evaseks kasutamiseks, jalutamiseks ja aktiivseks puhkuseks. Pehmendav tald tagab mugavuse k\u00f5ndimise ajal ning kaasaegne disain lisab v\u00e4limusele d\u00fcnaamilisust ja suundumust. Vietnami tootmine kinnitab materjalide kvaliteeti ja pikaealisust. Valige 350 Tail Light, et saada stiilne ja mugav v\u00e4limus iga p\u00e4ev.<\/p>\n","protected":false},"featured_media":726861,"comment_status":"open","ping_status":"open","template":"","meta":[],"product_brand":[],"product_cat":[3186,3187],"product_tag":[],"class_list":{"0":"post-726860","1":"product","2":"type-product","3":"status-publish","4":"has-post-thumbnail","6":"product_cat-all-product","7":"product_cat-krosivky","8":"pa_rozmir-910","9":"pa_rozmir-912","10":"pa_rozmir-914","11":"pa_rozmir-915","12":"pa_rozmir-916","13":"pa_rozmir-917","14":"pa_rozmir-918","15":"pa_rozmir-919","16":"pa_rozmir-920","17":"pa_rozmir-921","18":"pa_rozmir-922","20":"first","21":"instock","22":"purchasable","23":"product-type-variable"},"_links":{"self":[{"href":"https:\/\/nextsnkr.com\/et\/wp-json\/wp\/v2\/product\/726860","targetHints":{"allow":["GET"]}}],"collection":[{"href":"https:\/\/nextsnkr.com\/et\/wp-json\/wp\/v2\/product"}],"about":[{"href":"https:\/\/nextsnkr.com\/et\/wp-json\/wp\/v2\/types\/product"}],"replies":[{"embeddable":true,"href":"https:\/\/nextsnkr.com\/et\/wp-json\/wp\/v2\/comments?post=726860"}],"version-history":[{"count":0,"href":"https:\/\/nextsnkr.com\/et\/wp-json\/wp\/v2\/product\/726860\/revisions"}],"wp:featuredmedia":[{"embeddable":true,"href":"https:\/\/nextsnkr.com\/et\/wp-json\/wp\/v2\/media\/726861"}],"wp:attachment":[{"href":"https:\/\/nextsnkr.com\/et\/wp-json\/wp\/v2\/media?parent=726860"}],"wp:term":[{"taxonomy":"product_brand","embeddable":true,"href":"https:\/\/nextsnkr.com\/et\/wp-json\/wp\/v2\/product_brand?post=726860"},{"taxonomy":"product_cat","embeddable":true,"href":"https:\/\/nextsnkr.com\/et\/wp-json\/wp\/v2\/product_cat?post=726860"},{"taxonomy":"product_tag","embeddable":true,"href":"https:\/\/nextsnkr.com\/et\/wp-json\/wp\/v2\/product_tag?post=726860"}],"curies":[{"name":"wp","href":"https:\/\/api.w.org\/{rel}","templated":true}]}}