{"id":725506,"date":"2025-06-16T20:47:18","date_gmt":"2025-06-16T17:47:18","guid":{"rendered":"https:\/\/nextsnkr.com\/product\/new-balance-530-white-blue-silver\/"},"modified":"2026-01-30T16:06:30","modified_gmt":"2026-01-30T13:06:30","slug":"new-balance-530-white-blue-silver","status":"publish","type":"product","link":"https:\/\/nextsnkr.com\/et\/toode\/new-balance-530-white-blue-silver\/","title":{"rendered":"New Balance 530 &#8220;Valge \/ sinine h\u00f5be&#8221; tossud &#8211; meeste Tekstiil ja nahk"},"content":{"rendered":"<h2>New Balance 530 &#8220;Valge \/ sinine h\u00f5be&#8221; tossud &#8211; meeste Tekstiil ja nahk<\/h2>\n<p>New Balance 530&#8243; White\/Blue Silver &#8221; tossud \u00fchendavad stiilse disaini ja maksimaalse mugavuse. Tekstiili-ja ehtsast nahast pealsed tagavad kerguse, tugevuse ja ventilatsiooni, samas kui mugav tald tagab k\u00f5ndimise ajal pehmenduse ja stabiilsuse. Valge-sinine-h\u00f5bedane v\u00e4rv lisab mitmek\u00fclgsust ja kaasaegset v\u00e4limust. Valmistatud Vietnamis, on need tossud kvaliteetsed ja kauakestvad. Valige New Balance 530 igap\u00e4evase aktiivse elu ja trendika v\u00e4ljan\u00e4gemise jaoks.<\/p>\n","protected":false},"excerpt":{"rendered":"<p>New Balance 530&#8243; White\/Blue Silver &#8221; tossud \u00fchendavad stiilse disaini ja maksimaalse mugavuse. Tekstiili-ja ehtsast nahast pealsed tagavad kerguse, tugevuse ja ventilatsiooni, samas kui mugav tald tagab k\u00f5ndimise ajal pehmenduse ja stabiilsuse. Valge-sinine-h\u00f5bedane v\u00e4rv lisab mitmek\u00fclgsust ja kaasaegset v\u00e4limust. Valmistatud Vietnamis, on need tossud kvaliteetsed ja kauakestvad. Valige New Balance 530 igap\u00e4evase aktiivse elu ja trendika v\u00e4ljan\u00e4gemise jaoks.<\/p>\n","protected":false},"featured_media":725507,"comment_status":"open","ping_status":"open","template":"","meta":[],"product_brand":[],"product_cat":[3186,3187],"product_tag":[],"class_list":{"0":"post-725506","1":"product","2":"type-product","3":"status-publish","4":"has-post-thumbnail","6":"product_cat-all-product","7":"product_cat-krosivky","8":"pa_rozmir-910","9":"pa_rozmir-912","10":"pa_rozmir-914","11":"pa_rozmir-915","12":"pa_rozmir-916","13":"pa_rozmir-917","14":"pa_rozmir-918","15":"pa_rozmir-919","16":"pa_rozmir-920","17":"pa_rozmir-921","18":"pa_rozmir-922","20":"first","21":"onbackorder","22":"purchasable","23":"product-type-variable"},"_links":{"self":[{"href":"https:\/\/nextsnkr.com\/et\/wp-json\/wp\/v2\/product\/725506","targetHints":{"allow":["GET"]}}],"collection":[{"href":"https:\/\/nextsnkr.com\/et\/wp-json\/wp\/v2\/product"}],"about":[{"href":"https:\/\/nextsnkr.com\/et\/wp-json\/wp\/v2\/types\/product"}],"replies":[{"embeddable":true,"href":"https:\/\/nextsnkr.com\/et\/wp-json\/wp\/v2\/comments?post=725506"}],"version-history":[{"count":0,"href":"https:\/\/nextsnkr.com\/et\/wp-json\/wp\/v2\/product\/725506\/revisions"}],"wp:featuredmedia":[{"embeddable":true,"href":"https:\/\/nextsnkr.com\/et\/wp-json\/wp\/v2\/media\/725507"}],"wp:attachment":[{"href":"https:\/\/nextsnkr.com\/et\/wp-json\/wp\/v2\/media?parent=725506"}],"wp:term":[{"taxonomy":"product_brand","embeddable":true,"href":"https:\/\/nextsnkr.com\/et\/wp-json\/wp\/v2\/product_brand?post=725506"},{"taxonomy":"product_cat","embeddable":true,"href":"https:\/\/nextsnkr.com\/et\/wp-json\/wp\/v2\/product_cat?post=725506"},{"taxonomy":"product_tag","embeddable":true,"href":"https:\/\/nextsnkr.com\/et\/wp-json\/wp\/v2\/product_tag?post=725506"}],"curies":[{"name":"wp","href":"https:\/\/api.w.org\/{rel}","templated":true}]}}