{"id":725271,"date":"2025-06-16T20:48:08","date_gmt":"2025-06-16T17:48:08","guid":{"rendered":"https:\/\/nextsnkr.com\/product\/new-balance-530-silver-orange\/"},"modified":"2026-01-30T16:06:15","modified_gmt":"2026-01-30T13:06:15","slug":"new-balance-530-silver-orange","status":"publish","type":"product","link":"https:\/\/nextsnkr.com\/et\/toode\/new-balance-530-silver-orange\/","title":{"rendered":"New Balance 530 Silver \u2014 Orange tossud &#8211; naiste Tekstiil-ja nahast tossud"},"content":{"rendered":"<h2>New Balance 530 Silver \u2014 Orange tossud &#8211; naiste Tekstiil-ja nahast tossud<\/h2>\n<p>Stiilsed New Balance 530 Silver\/Orange tossud \u00fchendavad tekstiiliv\u00f5rgu kerguse ja naha tugevuse, et maksimeerida mugavust aktiivsel p\u00e4eval. L\u00f6\u00f6ke neelav tald tagab sammu pehmuse ja stabiilsuse, samas kui h\u00f5beda ja oran\u017ei s\u00e4rav segu lisab v\u00e4limusele d\u00fcnaamikat ja isikup\u00e4ra. Ideaalne valik linnastiili, spordi v\u00f5i vabaaja kandmiseks, kui oluline on New Balance &#8216; i kaubam\u00e4rgi mugavus, kvaliteet ja stiil.<\/p>\n","protected":false},"excerpt":{"rendered":"<p>Stiilsed New Balance 530 Silver\/Orange tossud \u00fchendavad tekstiiliv\u00f5rgu kerguse ja naha tugevuse, et maksimeerida mugavust aktiivsel p\u00e4eval. L\u00f6\u00f6ke neelav tald tagab sammu pehmuse ja stabiilsuse, samas kui h\u00f5beda ja oran\u017ei s\u00e4rav segu lisab v\u00e4limusele d\u00fcnaamikat ja isikup\u00e4ra. Ideaalne valik linnastiili, spordi v\u00f5i vabaaja kandmiseks, kui oluline on New Balance &#8216; i kaubam\u00e4rgi mugavus, kvaliteet ja stiil.<\/p>\n","protected":false},"featured_media":725273,"comment_status":"open","ping_status":"open","template":"","meta":[],"product_brand":[],"product_cat":[3186,3187],"product_tag":[],"class_list":{"0":"post-725271","1":"product","2":"type-product","3":"status-publish","4":"has-post-thumbnail","6":"product_cat-all-product","7":"product_cat-krosivky","8":"pa_rozmir-910","9":"pa_rozmir-912","10":"pa_rozmir-914","11":"pa_rozmir-915","12":"pa_rozmir-916","13":"pa_rozmir-917","14":"pa_rozmir-918","15":"pa_rozmir-919","16":"pa_rozmir-920","17":"pa_rozmir-921","18":"pa_rozmir-922","20":"first","21":"onbackorder","22":"purchasable","23":"product-type-variable"},"_links":{"self":[{"href":"https:\/\/nextsnkr.com\/et\/wp-json\/wp\/v2\/product\/725271","targetHints":{"allow":["GET"]}}],"collection":[{"href":"https:\/\/nextsnkr.com\/et\/wp-json\/wp\/v2\/product"}],"about":[{"href":"https:\/\/nextsnkr.com\/et\/wp-json\/wp\/v2\/types\/product"}],"replies":[{"embeddable":true,"href":"https:\/\/nextsnkr.com\/et\/wp-json\/wp\/v2\/comments?post=725271"}],"version-history":[{"count":0,"href":"https:\/\/nextsnkr.com\/et\/wp-json\/wp\/v2\/product\/725271\/revisions"}],"wp:featuredmedia":[{"embeddable":true,"href":"https:\/\/nextsnkr.com\/et\/wp-json\/wp\/v2\/media\/725273"}],"wp:attachment":[{"href":"https:\/\/nextsnkr.com\/et\/wp-json\/wp\/v2\/media?parent=725271"}],"wp:term":[{"taxonomy":"product_brand","embeddable":true,"href":"https:\/\/nextsnkr.com\/et\/wp-json\/wp\/v2\/product_brand?post=725271"},{"taxonomy":"product_cat","embeddable":true,"href":"https:\/\/nextsnkr.com\/et\/wp-json\/wp\/v2\/product_cat?post=725271"},{"taxonomy":"product_tag","embeddable":true,"href":"https:\/\/nextsnkr.com\/et\/wp-json\/wp\/v2\/product_tag?post=725271"}],"curies":[{"name":"wp","href":"https:\/\/api.w.org\/{rel}","templated":true}]}}