{"id":724750,"date":"2025-06-14T17:01:59","date_gmt":"2025-06-14T14:01:59","guid":{"rendered":"https:\/\/nextsnkr.com\/product\/nike-x-jacquemus-light-beige\/"},"modified":"2026-01-30T16:05:52","modified_gmt":"2026-01-30T13:05:52","slug":"nike-x-jacquemus-light-beige","status":"publish","type":"product","link":"https:\/\/nextsnkr.com\/et\/toode\/nike-x-jacquemus-light-beige\/","title":{"rendered":"NIKE x JACQUEMUS Light Beige tossud-nahast ja seemisnahast stiilne"},"content":{"rendered":"<h2>NIKE x JACQUEMUS Light Beige tossud-nahast ja seemisnahast stiilne<\/h2>\n<p>Nike x JACQUEMUS Light Beige-eksklusiivsed tossud, mis on loodud koost\u00f6\u00f6s Jacquemuse kaubam\u00e4rgiga, \u00fchendavad mugavuse ja vastupidavuse tagamiseks seemisnaha, naha ja tekstiili. Hele bee\u017e toon lisab elegantsi ja mitmek\u00fclgsust, sobib ideaalselt igap\u00e4evaseks kandmiseks ja stiilseks v\u00e4ljan\u00e4gemiseks. Vietnamis toodetud tossudel on kaasaegne disain, Vastupidav tald ja mugav jala istuvus. Ideaalne valik neile, kes hindavad mugavust ja esmaklassilist stiili.<\/p>\n","protected":false},"excerpt":{"rendered":"<p>Nike x JACQUEMUS Light Beige-eksklusiivsed tossud, mis on loodud koost\u00f6\u00f6s Jacquemuse kaubam\u00e4rgiga, \u00fchendavad mugavuse ja vastupidavuse tagamiseks seemisnaha, naha ja tekstiili. Hele bee\u017e toon lisab elegantsi ja mitmek\u00fclgsust, sobib ideaalselt igap\u00e4evaseks kandmiseks ja stiilseks v\u00e4ljan\u00e4gemiseks. Vietnamis toodetud tossudel on kaasaegne disain, Vastupidav tald ja mugav jala istuvus. Ideaalne valik neile, kes hindavad mugavust ja esmaklassilist stiili.<\/p>\n","protected":false},"featured_media":724752,"comment_status":"open","ping_status":"open","template":"","meta":[],"product_brand":[],"product_cat":[3186,3187],"product_tag":[],"class_list":{"0":"post-724750","1":"product","2":"type-product","3":"status-publish","4":"has-post-thumbnail","6":"product_cat-all-product","7":"product_cat-krosivky","8":"pa_rozmir-910","9":"pa_rozmir-912","10":"pa_rozmir-914","11":"pa_rozmir-915","12":"pa_rozmir-916","13":"pa_rozmir-917","14":"pa_rozmir-918","15":"pa_rozmir-919","16":"pa_rozmir-920","17":"pa_rozmir-921","18":"pa_rozmir-922","20":"first","21":"onbackorder","22":"purchasable","23":"product-type-variable"},"_links":{"self":[{"href":"https:\/\/nextsnkr.com\/et\/wp-json\/wp\/v2\/product\/724750","targetHints":{"allow":["GET"]}}],"collection":[{"href":"https:\/\/nextsnkr.com\/et\/wp-json\/wp\/v2\/product"}],"about":[{"href":"https:\/\/nextsnkr.com\/et\/wp-json\/wp\/v2\/types\/product"}],"replies":[{"embeddable":true,"href":"https:\/\/nextsnkr.com\/et\/wp-json\/wp\/v2\/comments?post=724750"}],"version-history":[{"count":0,"href":"https:\/\/nextsnkr.com\/et\/wp-json\/wp\/v2\/product\/724750\/revisions"}],"wp:featuredmedia":[{"embeddable":true,"href":"https:\/\/nextsnkr.com\/et\/wp-json\/wp\/v2\/media\/724752"}],"wp:attachment":[{"href":"https:\/\/nextsnkr.com\/et\/wp-json\/wp\/v2\/media?parent=724750"}],"wp:term":[{"taxonomy":"product_brand","embeddable":true,"href":"https:\/\/nextsnkr.com\/et\/wp-json\/wp\/v2\/product_brand?post=724750"},{"taxonomy":"product_cat","embeddable":true,"href":"https:\/\/nextsnkr.com\/et\/wp-json\/wp\/v2\/product_cat?post=724750"},{"taxonomy":"product_tag","embeddable":true,"href":"https:\/\/nextsnkr.com\/et\/wp-json\/wp\/v2\/product_tag?post=724750"}],"curies":[{"name":"wp","href":"https:\/\/api.w.org\/{rel}","templated":true}]}}