{"id":721599,"date":"2025-06-14T17:07:32","date_gmt":"2025-06-14T14:07:32","guid":{"rendered":"https:\/\/nextsnkr.com\/product\/550-white-green\/"},"modified":"2026-01-30T16:03:27","modified_gmt":"2026-01-30T13:03:27","slug":"550-white-green","status":"publish","type":"product","link":"https:\/\/nextsnkr.com\/et\/toode\/550-white-green\/","title":{"rendered":"Tossud 550 White \/ Green-stiilsed nahast tossud igap\u00e4evaseks kandmiseks"},"content":{"rendered":"<h2>Tossud 550 White \/ Green-stiilsed nahast tossud igap\u00e4evaseks kandmiseks<\/h2>\n<p>550 white \/ Green tossud on mugav ja stiilne kvaliteetsest nahast mudel, mis tagab vastupidavuse ja mugavuse kogu p\u00e4eva v\u00e4ltel. Valge ja rohelise kontrastne kombinatsioon annab kingadele v\u00e4rske ja kaasaegse ilme. Tald pakub pehmendust ja usaldusv\u00e4\u00e4rset jalatuge ning universaalne disain Sobib k\u00f5ndimiseks, \u00f5ppimiseks v\u00f5i v\u00e4litegevuseks. Tootja-Vietnam. Valige 550 white \/ Green tossud stiili ja mugavuse kombinatsiooni jaoks. Kood: 0493273034.<\/p>\n","protected":false},"excerpt":{"rendered":"<p>550 white \/ Green tossud on mugav ja stiilne kvaliteetsest nahast mudel, mis tagab vastupidavuse ja mugavuse kogu p\u00e4eva v\u00e4ltel. Valge ja rohelise kontrastne kombinatsioon annab kingadele v\u00e4rske ja kaasaegse ilme. Tald pakub pehmendust ja usaldusv\u00e4\u00e4rset jalatuge ning universaalne disain Sobib k\u00f5ndimiseks, \u00f5ppimiseks v\u00f5i v\u00e4litegevuseks. Tootja-Vietnam. Valige 550 white \/ Green tossud stiili ja mugavuse kombinatsiooni jaoks. Kood: 0493273034.<\/p>\n","protected":false},"featured_media":721600,"comment_status":"open","ping_status":"open","template":"","meta":[],"product_brand":[],"product_cat":[3186,3317],"product_tag":[],"class_list":{"0":"post-721599","1":"product","2":"type-product","3":"status-publish","4":"has-post-thumbnail","6":"product_cat-all-product","7":"product_cat-kedy","8":"pa_rozmir-910","9":"pa_rozmir-912","10":"pa_rozmir-914","11":"pa_rozmir-915","12":"pa_rozmir-916","13":"pa_rozmir-917","14":"pa_rozmir-918","15":"pa_rozmir-919","16":"pa_rozmir-920","17":"pa_rozmir-921","18":"pa_rozmir-922","20":"first","21":"instock","22":"purchasable","23":"product-type-variable"},"_links":{"self":[{"href":"https:\/\/nextsnkr.com\/et\/wp-json\/wp\/v2\/product\/721599","targetHints":{"allow":["GET"]}}],"collection":[{"href":"https:\/\/nextsnkr.com\/et\/wp-json\/wp\/v2\/product"}],"about":[{"href":"https:\/\/nextsnkr.com\/et\/wp-json\/wp\/v2\/types\/product"}],"replies":[{"embeddable":true,"href":"https:\/\/nextsnkr.com\/et\/wp-json\/wp\/v2\/comments?post=721599"}],"version-history":[{"count":0,"href":"https:\/\/nextsnkr.com\/et\/wp-json\/wp\/v2\/product\/721599\/revisions"}],"wp:featuredmedia":[{"embeddable":true,"href":"https:\/\/nextsnkr.com\/et\/wp-json\/wp\/v2\/media\/721600"}],"wp:attachment":[{"href":"https:\/\/nextsnkr.com\/et\/wp-json\/wp\/v2\/media?parent=721599"}],"wp:term":[{"taxonomy":"product_brand","embeddable":true,"href":"https:\/\/nextsnkr.com\/et\/wp-json\/wp\/v2\/product_brand?post=721599"},{"taxonomy":"product_cat","embeddable":true,"href":"https:\/\/nextsnkr.com\/et\/wp-json\/wp\/v2\/product_cat?post=721599"},{"taxonomy":"product_tag","embeddable":true,"href":"https:\/\/nextsnkr.com\/et\/wp-json\/wp\/v2\/product_tag?post=721599"}],"curies":[{"name":"wp","href":"https:\/\/api.w.org\/{rel}","templated":true}]}}