{"id":719858,"date":"2025-06-14T17:10:36","date_gmt":"2025-06-14T14:10:36","guid":{"rendered":"https:\/\/nextsnkr.com\/product\/air-jordan-retro-1-low-ember-glow-premium\/"},"modified":"2026-01-30T16:02:10","modified_gmt":"2026-01-30T13:02:10","slug":"air-jordan-retro-1-low-ember-glow-premium","status":"publish","type":"product","link":"https:\/\/nextsnkr.com\/et\/toode\/air-jordan-retro-1-low-ember-glow-premium\/","title":{"rendered":"Air Jordan Retro 1 madala Ember Glow tossud-premium nahast tossud"},"content":{"rendered":"<h2>Air Jordan Retro 1 madala Ember Glow tossud-premium nahast tossud<\/h2>\n<p>AIR JORDAN RETRO 1 Low &#8220;Ember Glow&#8221; premium tossud on valmistatud kvaliteetsest nahast, mis tagab mugavuse, vastupidavuse ja stiilse v\u00e4limuse. Mudel \u00fchendab Retro 1 legendaarse disaini kaasaegsete Premium-aktsentidega, muutes tossud mitmek\u00fclgseks linna-ja v\u00e4litingimustes. Kindel tald pehmendab sammu, toetab jalga ja lisab mugavust kogu p\u00e4eva v\u00e4ltel. Ideaalne valik neile, kes hindavad Air Jordani stiili, kvaliteeti ja legendaarset kaubam\u00e4rki.<\/p>\n","protected":false},"excerpt":{"rendered":"<p>AIR JORDAN RETRO 1 Low &#8220;Ember Glow&#8221; premium tossud on valmistatud kvaliteetsest nahast, mis tagab mugavuse, vastupidavuse ja stiilse v\u00e4limuse. Mudel \u00fchendab Retro 1 legendaarse disaini kaasaegsete Premium-aktsentidega, muutes tossud mitmek\u00fclgseks linna-ja v\u00e4litingimustes. Kindel tald pehmendab sammu, toetab jalga ja lisab mugavust kogu p\u00e4eva v\u00e4ltel. Ideaalne valik neile, kes hindavad Air Jordani stiili, kvaliteeti ja legendaarset kaubam\u00e4rki.<\/p>\n","protected":false},"featured_media":719861,"comment_status":"open","ping_status":"open","template":"","meta":[],"product_brand":[],"product_cat":[3382,3186,3317],"product_tag":[],"class_list":{"0":"post-719858","1":"product","2":"type-product","3":"status-publish","4":"has-post-thumbnail","6":"product_cat-nike-jordan","7":"product_cat-all-product","8":"product_cat-kedy","9":"pa_rozmir-910","10":"pa_rozmir-912","11":"pa_rozmir-914","12":"pa_rozmir-915","13":"pa_rozmir-916","14":"pa_rozmir-917","15":"pa_rozmir-918","16":"pa_rozmir-919","17":"pa_rozmir-920","18":"pa_rozmir-921","19":"pa_rozmir-922","21":"first","22":"instock","23":"purchasable","24":"product-type-variable"},"_links":{"self":[{"href":"https:\/\/nextsnkr.com\/et\/wp-json\/wp\/v2\/product\/719858","targetHints":{"allow":["GET"]}}],"collection":[{"href":"https:\/\/nextsnkr.com\/et\/wp-json\/wp\/v2\/product"}],"about":[{"href":"https:\/\/nextsnkr.com\/et\/wp-json\/wp\/v2\/types\/product"}],"replies":[{"embeddable":true,"href":"https:\/\/nextsnkr.com\/et\/wp-json\/wp\/v2\/comments?post=719858"}],"version-history":[{"count":0,"href":"https:\/\/nextsnkr.com\/et\/wp-json\/wp\/v2\/product\/719858\/revisions"}],"wp:featuredmedia":[{"embeddable":true,"href":"https:\/\/nextsnkr.com\/et\/wp-json\/wp\/v2\/media\/719861"}],"wp:attachment":[{"href":"https:\/\/nextsnkr.com\/et\/wp-json\/wp\/v2\/media?parent=719858"}],"wp:term":[{"taxonomy":"product_brand","embeddable":true,"href":"https:\/\/nextsnkr.com\/et\/wp-json\/wp\/v2\/product_brand?post=719858"},{"taxonomy":"product_cat","embeddable":true,"href":"https:\/\/nextsnkr.com\/et\/wp-json\/wp\/v2\/product_cat?post=719858"},{"taxonomy":"product_tag","embeddable":true,"href":"https:\/\/nextsnkr.com\/et\/wp-json\/wp\/v2\/product_tag?post=719858"}],"curies":[{"name":"wp","href":"https:\/\/api.w.org\/{rel}","templated":true}]}}