{"id":717766,"date":"2025-06-14T17:14:24","date_gmt":"2025-06-14T14:14:24","guid":{"rendered":"https:\/\/nextsnkr.com\/product\/air-jordan-retro-1-black-white-swoosh\/"},"modified":"2026-01-30T16:00:36","modified_gmt":"2026-01-30T13:00:36","slug":"air-jordan-retro-1-black-white-swoosh","status":"publish","type":"product","link":"https:\/\/nextsnkr.com\/et\/toode\/air-jordan-retro-1-black-white-swoosh\/","title":{"rendered":"Air JORDAN RETRO 1 mustad \/ valged tossud-nahast meeste tossud"},"content":{"rendered":"<h2>Air JORDAN RETRO 1 mustad \/ valged tossud-nahast meeste tossud<\/h2>\n<p>Air JORDAN RETRO 1 Black\/White SWOOSH tossud on ehtsast nahast meeste tossude klassikaline mudel. Mustvalge disain koos swooshi allkirjaga logoga lisab v\u00e4limusele stiili ja mitmek\u00fclgsust. Tugev tald pakub mugavust, pehmendust ja kindlat haardumist erinevatel pindadel. Ideaalne igap\u00e4evaseks kandmiseks, sportimiseks v\u00f5i v\u00e4litegevuseks, need ristid \u00fchendavad legendaarse AIR Jordani kaubam\u00e4rgi, k\u00f5rge kvaliteedi ja kaasaegse stiili.<\/p>\n","protected":false},"excerpt":{"rendered":"<p>Air JORDAN RETRO 1 Black\/White SWOOSH tossud on ehtsast nahast meeste tossude klassikaline mudel. Mustvalge disain koos swooshi allkirjaga logoga lisab v\u00e4limusele stiili ja mitmek\u00fclgsust. Tugev tald pakub mugavust, pehmendust ja kindlat haardumist erinevatel pindadel. Ideaalne igap\u00e4evaseks kandmiseks, sportimiseks v\u00f5i v\u00e4litegevuseks, need ristid \u00fchendavad legendaarse AIR Jordani kaubam\u00e4rgi, k\u00f5rge kvaliteedi ja kaasaegse stiili.<\/p>\n","protected":false},"featured_media":717769,"comment_status":"open","ping_status":"open","template":"","meta":[],"product_brand":[],"product_cat":[3382,3186,3317],"product_tag":[],"class_list":{"0":"post-717766","1":"product","2":"type-product","3":"status-publish","4":"has-post-thumbnail","6":"product_cat-nike-jordan","7":"product_cat-all-product","8":"product_cat-kedy","9":"pa_rozmir-910","10":"pa_rozmir-912","11":"pa_rozmir-914","12":"pa_rozmir-915","13":"pa_rozmir-916","14":"pa_rozmir-917","15":"pa_rozmir-918","16":"pa_rozmir-919","17":"pa_rozmir-920","18":"pa_rozmir-921","19":"pa_rozmir-922","21":"first","22":"instock","23":"purchasable","24":"product-type-variable"},"_links":{"self":[{"href":"https:\/\/nextsnkr.com\/et\/wp-json\/wp\/v2\/product\/717766","targetHints":{"allow":["GET"]}}],"collection":[{"href":"https:\/\/nextsnkr.com\/et\/wp-json\/wp\/v2\/product"}],"about":[{"href":"https:\/\/nextsnkr.com\/et\/wp-json\/wp\/v2\/types\/product"}],"replies":[{"embeddable":true,"href":"https:\/\/nextsnkr.com\/et\/wp-json\/wp\/v2\/comments?post=717766"}],"version-history":[{"count":0,"href":"https:\/\/nextsnkr.com\/et\/wp-json\/wp\/v2\/product\/717766\/revisions"}],"wp:featuredmedia":[{"embeddable":true,"href":"https:\/\/nextsnkr.com\/et\/wp-json\/wp\/v2\/media\/717769"}],"wp:attachment":[{"href":"https:\/\/nextsnkr.com\/et\/wp-json\/wp\/v2\/media?parent=717766"}],"wp:term":[{"taxonomy":"product_brand","embeddable":true,"href":"https:\/\/nextsnkr.com\/et\/wp-json\/wp\/v2\/product_brand?post=717766"},{"taxonomy":"product_cat","embeddable":true,"href":"https:\/\/nextsnkr.com\/et\/wp-json\/wp\/v2\/product_cat?post=717766"},{"taxonomy":"product_tag","embeddable":true,"href":"https:\/\/nextsnkr.com\/et\/wp-json\/wp\/v2\/product_tag?post=717766"}],"curies":[{"name":"wp","href":"https:\/\/api.w.org\/{rel}","templated":true}]}}