{"id":717408,"date":"2025-06-14T17:15:00","date_gmt":"2025-06-14T14:15:00","guid":{"rendered":"https:\/\/nextsnkr.com\/product\/air-jordan-retro-1-high-washed-heritage-premium\/"},"modified":"2026-01-30T16:00:15","modified_gmt":"2026-01-30T13:00:15","slug":"air-jordan-retro-1-high-washed-heritage-premium","status":"publish","type":"product","link":"https:\/\/nextsnkr.com\/et\/toode\/air-jordan-retro-1-high-washed-heritage-premium\/","title":{"rendered":"AIR JORDAN RETRO 1 k\u00f5rge &#8220;pestud p\u00e4rand&#8221; tossud-nahk ja seemisnahk"},"content":{"rendered":"<h2>AIR JORDAN RETRO 1 k\u00f5rge &#8220;pestud p\u00e4rand&#8221; tossud-nahk ja seemisnahk<\/h2>\n<p>AIR JORDAN RETRO 1 \/ HIGH &#8220;WASHED HERITAGE&#8221; premium tossud \u00fchendavad legendaarse stiili ja kaasaegse mugavuse. Valmistatud ehtsast nahast ja seemisnahast, pakuvad need vastupidavust, usaldusv\u00e4\u00e4rset jalatuge ja meeldivat istuvust. Peen &#8220;pestud p\u00e4randi&#8221; efektiga disain lisab ainulaadsust ja muudab mudeli mitmek\u00fclgseks linnastiili ja aktiivse kandmise jaoks. Vietnamis toodetud tossud on ideaalne valik AIR Jordani kaubam\u00e4rgi tundjatele, kes hindavad esmaklassilist kvaliteeti ja trendikat v\u00e4limust.<\/p>\n","protected":false},"excerpt":{"rendered":"<p>AIR JORDAN RETRO 1 \/ HIGH &#8220;WASHED HERITAGE&#8221; premium tossud \u00fchendavad legendaarse stiili ja kaasaegse mugavuse. Valmistatud ehtsast nahast ja seemisnahast, pakuvad need vastupidavust, usaldusv\u00e4\u00e4rset jalatuge ja meeldivat istuvust. Peen &#8220;pestud p\u00e4randi&#8221; efektiga disain lisab ainulaadsust ja muudab mudeli mitmek\u00fclgseks linnastiili ja aktiivse kandmise jaoks. Vietnamis toodetud tossud on ideaalne valik AIR Jordani kaubam\u00e4rgi tundjatele, kes hindavad esmaklassilist kvaliteeti ja trendikat v\u00e4limust.<\/p>\n","protected":false},"featured_media":717412,"comment_status":"open","ping_status":"open","template":"","meta":[],"product_brand":[],"product_cat":[3382,3186,3317],"product_tag":[],"class_list":{"0":"post-717408","1":"product","2":"type-product","3":"status-publish","4":"has-post-thumbnail","6":"product_cat-nike-jordan","7":"product_cat-all-product","8":"product_cat-kedy","9":"pa_rozmir-910","10":"pa_rozmir-912","11":"pa_rozmir-914","12":"pa_rozmir-915","13":"pa_rozmir-916","14":"pa_rozmir-917","15":"pa_rozmir-918","16":"pa_rozmir-919","17":"pa_rozmir-920","18":"pa_rozmir-921","19":"pa_rozmir-922","21":"first","22":"instock","23":"purchasable","24":"product-type-variable"},"_links":{"self":[{"href":"https:\/\/nextsnkr.com\/et\/wp-json\/wp\/v2\/product\/717408","targetHints":{"allow":["GET"]}}],"collection":[{"href":"https:\/\/nextsnkr.com\/et\/wp-json\/wp\/v2\/product"}],"about":[{"href":"https:\/\/nextsnkr.com\/et\/wp-json\/wp\/v2\/types\/product"}],"replies":[{"embeddable":true,"href":"https:\/\/nextsnkr.com\/et\/wp-json\/wp\/v2\/comments?post=717408"}],"version-history":[{"count":0,"href":"https:\/\/nextsnkr.com\/et\/wp-json\/wp\/v2\/product\/717408\/revisions"}],"wp:featuredmedia":[{"embeddable":true,"href":"https:\/\/nextsnkr.com\/et\/wp-json\/wp\/v2\/media\/717412"}],"wp:attachment":[{"href":"https:\/\/nextsnkr.com\/et\/wp-json\/wp\/v2\/media?parent=717408"}],"wp:term":[{"taxonomy":"product_brand","embeddable":true,"href":"https:\/\/nextsnkr.com\/et\/wp-json\/wp\/v2\/product_brand?post=717408"},{"taxonomy":"product_cat","embeddable":true,"href":"https:\/\/nextsnkr.com\/et\/wp-json\/wp\/v2\/product_cat?post=717408"},{"taxonomy":"product_tag","embeddable":true,"href":"https:\/\/nextsnkr.com\/et\/wp-json\/wp\/v2\/product_tag?post=717408"}],"curies":[{"name":"wp","href":"https:\/\/api.w.org\/{rel}","templated":true}]}}