{"id":716990,"date":"2025-06-16T21:08:20","date_gmt":"2025-06-16T18:08:20","guid":{"rendered":"https:\/\/nextsnkr.com\/product\/nike-sb-dunk-low-mummy\/"},"modified":"2026-01-30T15:59:49","modified_gmt":"2026-01-30T12:59:49","slug":"nike-sb-dunk-low-mummy","status":"publish","type":"product","link":"https:\/\/nextsnkr.com\/et\/toode\/nike-sb-dunk-low-mummy\/","title":{"rendered":"Nike SB Dunk Low Mummy tossud-stiilsed madalad tossud"},"content":{"rendered":"<h2>Nike SB Dunk Low Mummy tossud-stiilsed madalad tossud<\/h2>\n<p>Nike SB Dunk Low Mummy tossud on valmistatud kvaliteetsetest materjalidest, mis pakuvad mugavust, vastupidavust ja stiilset v\u00e4limust. Mudeli madal siluett r\u00f5hutab kaasaegset linnastiili ja mugavust aktiivse kandmise ajal. Usaldusv\u00e4\u00e4rne tald tagab mugavuse ja stabiilsuse igap\u00e4evastel jalutusk\u00e4ikudel. Vietnamis toodetud tossud \u00fchendavad esmaklassilise kvaliteedi, trendika disaini ja mitmek\u00fclgsuse iga igap\u00e4evase v\u00e4ljan\u00e4gemise jaoks.<\/p>\n","protected":false},"excerpt":{"rendered":"<p>Nike SB Dunk Low Mummy tossud on valmistatud kvaliteetsetest materjalidest, mis pakuvad mugavust, vastupidavust ja stiilset v\u00e4limust. Mudeli madal siluett r\u00f5hutab kaasaegset linnastiili ja mugavust aktiivse kandmise ajal. Usaldusv\u00e4\u00e4rne tald tagab mugavuse ja stabiilsuse igap\u00e4evastel jalutusk\u00e4ikudel. Vietnamis toodetud tossud \u00fchendavad esmaklassilise kvaliteedi, trendika disaini ja mitmek\u00fclgsuse iga igap\u00e4evase v\u00e4ljan\u00e4gemise jaoks.<\/p>\n","protected":false},"featured_media":716991,"comment_status":"open","ping_status":"open","template":"","meta":[],"product_brand":[],"product_cat":[3186,3317],"product_tag":[],"class_list":{"0":"post-716990","1":"product","2":"type-product","3":"status-publish","4":"has-post-thumbnail","6":"product_cat-all-product","7":"product_cat-kedy","8":"pa_rozmir-910","9":"pa_rozmir-912","10":"pa_rozmir-914","11":"pa_rozmir-915","12":"pa_rozmir-916","13":"pa_rozmir-917","14":"pa_rozmir-918","15":"pa_rozmir-919","16":"pa_rozmir-920","17":"pa_rozmir-921","18":"pa_rozmir-922","20":"first","21":"onbackorder","22":"purchasable","23":"product-type-variable"},"_links":{"self":[{"href":"https:\/\/nextsnkr.com\/et\/wp-json\/wp\/v2\/product\/716990","targetHints":{"allow":["GET"]}}],"collection":[{"href":"https:\/\/nextsnkr.com\/et\/wp-json\/wp\/v2\/product"}],"about":[{"href":"https:\/\/nextsnkr.com\/et\/wp-json\/wp\/v2\/types\/product"}],"replies":[{"embeddable":true,"href":"https:\/\/nextsnkr.com\/et\/wp-json\/wp\/v2\/comments?post=716990"}],"version-history":[{"count":0,"href":"https:\/\/nextsnkr.com\/et\/wp-json\/wp\/v2\/product\/716990\/revisions"}],"wp:featuredmedia":[{"embeddable":true,"href":"https:\/\/nextsnkr.com\/et\/wp-json\/wp\/v2\/media\/716991"}],"wp:attachment":[{"href":"https:\/\/nextsnkr.com\/et\/wp-json\/wp\/v2\/media?parent=716990"}],"wp:term":[{"taxonomy":"product_brand","embeddable":true,"href":"https:\/\/nextsnkr.com\/et\/wp-json\/wp\/v2\/product_brand?post=716990"},{"taxonomy":"product_cat","embeddable":true,"href":"https:\/\/nextsnkr.com\/et\/wp-json\/wp\/v2\/product_cat?post=716990"},{"taxonomy":"product_tag","embeddable":true,"href":"https:\/\/nextsnkr.com\/et\/wp-json\/wp\/v2\/product_tag?post=716990"}],"curies":[{"name":"wp","href":"https:\/\/api.w.org\/{rel}","templated":true}]}}