{"id":715659,"date":"2025-06-14T17:17:47","date_gmt":"2025-06-14T14:17:47","guid":{"rendered":"https:\/\/nextsnkr.com\/product\/air-jordan-retro-1-mid-ice-cream\/"},"modified":"2026-01-30T15:58:55","modified_gmt":"2026-01-30T12:58:55","slug":"air-jordan-retro-1-mid-ice-cream","status":"publish","type":"product","link":"https:\/\/nextsnkr.com\/et\/toode\/air-jordan-retro-1-mid-ice-cream\/","title":{"rendered":"Air Jordan Retro 1 Mid&#8221; Ice Cream &#8221; tossud nahast mehed"},"content":{"rendered":"<h2>Air Jordan Retro 1 Mid&#8221; Ice Cream &#8221; tossud nahast mehed<\/h2>\n<p>Air Jordan Retro 1 mid &#8220;Ice Cream&#8221; tossud on stiilsed ja mugavad kingad igap\u00e4evaseks kandmiseks ja aktiivseks linnaeluks. Ehtsa naha ja tekstiili kombinatsioon tagab jala vastupidavuse, mugavuse ja hea ventilatsiooni. Silmatorkav &#8220;Ice Cream&#8221; disain lisab igale v\u00e4limusele isikup\u00e4ra ja kaasaegse ilme. Valmistatud Vietnamis, on need Jordaania tossud esmaklassilised, stiilsed ja mugavad igap\u00e4evaseks kasutamiseks.<\/p>\n","protected":false},"excerpt":{"rendered":"<p>Air Jordan Retro 1 mid &#8220;Ice Cream&#8221; tossud on stiilsed ja mugavad kingad igap\u00e4evaseks kandmiseks ja aktiivseks linnaeluks. Ehtsa naha ja tekstiili kombinatsioon tagab jala vastupidavuse, mugavuse ja hea ventilatsiooni. Silmatorkav &#8220;Ice Cream&#8221; disain lisab igale v\u00e4limusele isikup\u00e4ra ja kaasaegse ilme. Valmistatud Vietnamis, on need Jordaania tossud esmaklassilised, stiilsed ja mugavad igap\u00e4evaseks kasutamiseks.<\/p>\n","protected":false},"featured_media":715662,"comment_status":"open","ping_status":"open","template":"","meta":[],"product_brand":[],"product_cat":[3382,3186,3317],"product_tag":[],"class_list":{"0":"post-715659","1":"product","2":"type-product","3":"status-publish","4":"has-post-thumbnail","6":"product_cat-nike-jordan","7":"product_cat-all-product","8":"product_cat-kedy","9":"pa_rozmir-910","10":"pa_rozmir-912","11":"pa_rozmir-914","12":"pa_rozmir-915","13":"pa_rozmir-916","14":"pa_rozmir-917","15":"pa_rozmir-918","16":"pa_rozmir-919","17":"pa_rozmir-920","18":"pa_rozmir-921","19":"pa_rozmir-922","21":"first","22":"instock","23":"purchasable","24":"product-type-variable"},"_links":{"self":[{"href":"https:\/\/nextsnkr.com\/et\/wp-json\/wp\/v2\/product\/715659","targetHints":{"allow":["GET"]}}],"collection":[{"href":"https:\/\/nextsnkr.com\/et\/wp-json\/wp\/v2\/product"}],"about":[{"href":"https:\/\/nextsnkr.com\/et\/wp-json\/wp\/v2\/types\/product"}],"replies":[{"embeddable":true,"href":"https:\/\/nextsnkr.com\/et\/wp-json\/wp\/v2\/comments?post=715659"}],"version-history":[{"count":0,"href":"https:\/\/nextsnkr.com\/et\/wp-json\/wp\/v2\/product\/715659\/revisions"}],"wp:featuredmedia":[{"embeddable":true,"href":"https:\/\/nextsnkr.com\/et\/wp-json\/wp\/v2\/media\/715662"}],"wp:attachment":[{"href":"https:\/\/nextsnkr.com\/et\/wp-json\/wp\/v2\/media?parent=715659"}],"wp:term":[{"taxonomy":"product_brand","embeddable":true,"href":"https:\/\/nextsnkr.com\/et\/wp-json\/wp\/v2\/product_brand?post=715659"},{"taxonomy":"product_cat","embeddable":true,"href":"https:\/\/nextsnkr.com\/et\/wp-json\/wp\/v2\/product_cat?post=715659"},{"taxonomy":"product_tag","embeddable":true,"href":"https:\/\/nextsnkr.com\/et\/wp-json\/wp\/v2\/product_tag?post=715659"}],"curies":[{"name":"wp","href":"https:\/\/api.w.org\/{rel}","templated":true}]}}