{"id":715627,"date":"2025-06-16T21:11:40","date_gmt":"2025-06-16T18:11:40","guid":{"rendered":"https:\/\/nextsnkr.com\/product\/nike-air-max-95-sneakerboot-black\/"},"modified":"2026-01-30T15:58:39","modified_gmt":"2026-01-30T12:58:39","slug":"nike-air-max-95-sneakerboot-black","status":"publish","type":"product","link":"https:\/\/nextsnkr.com\/et\/toode\/nike-air-max-95-sneakerboot-black\/","title":{"rendered":"Nike Air Max 95 tossud Sneakerboot Must Nahk \/ termosokk"},"content":{"rendered":"<h2>Nike Air Max 95 tossud Sneakerboot Must Nahk \/ termosokk<\/h2>\n<p>Nike Air Max 95 sneakerboot Black Soojad tossud on valmistatud ehtsast nahast, millel on tekstiilist aktsendid ja \u00f5hukambriga vahttald, mis pakub mugavust, soojust ja pehmendust. Mudel on varustatud termopumba ja peegeldavate elementidega, mis tagavad ohutuse pimedas, taluvad temperatuuri kuni -20\u00b0C. Vietnamis toodetud tossud sobivad ideaalselt k\u00fclma ilmaga, \u00fchendavad Nike kaubam\u00e4rgi esmaklassilise kvaliteedi ja kaasaegse stiilse disaini.<\/p>\n","protected":false},"excerpt":{"rendered":"<p>Nike Air Max 95 sneakerboot Black Soojad tossud on valmistatud ehtsast nahast, millel on tekstiilist aktsendid ja \u00f5hukambriga vahttald, mis pakub mugavust, soojust ja pehmendust. Mudel on varustatud termopumba ja peegeldavate elementidega, mis tagavad ohutuse pimedas, taluvad temperatuuri kuni -20\u00b0C. Vietnamis toodetud tossud sobivad ideaalselt k\u00fclma ilmaga, \u00fchendavad Nike kaubam\u00e4rgi esmaklassilise kvaliteedi ja kaasaegse stiilse disaini.<\/p>\n","protected":false},"featured_media":715630,"comment_status":"open","ping_status":"open","template":"","meta":[],"product_brand":[],"product_cat":[3186,3187],"product_tag":[],"class_list":{"0":"post-715627","1":"product","2":"type-product","3":"status-publish","4":"has-post-thumbnail","6":"product_cat-all-product","7":"product_cat-krosivky","8":"pa_rozmir-910","9":"pa_rozmir-912","10":"pa_rozmir-914","11":"pa_rozmir-915","12":"pa_rozmir-916","13":"pa_rozmir-917","14":"pa_rozmir-918","15":"pa_rozmir-919","16":"pa_rozmir-920","17":"pa_rozmir-921","18":"pa_rozmir-922","20":"first","21":"onbackorder","22":"purchasable","23":"product-type-variable"},"_links":{"self":[{"href":"https:\/\/nextsnkr.com\/et\/wp-json\/wp\/v2\/product\/715627","targetHints":{"allow":["GET"]}}],"collection":[{"href":"https:\/\/nextsnkr.com\/et\/wp-json\/wp\/v2\/product"}],"about":[{"href":"https:\/\/nextsnkr.com\/et\/wp-json\/wp\/v2\/types\/product"}],"replies":[{"embeddable":true,"href":"https:\/\/nextsnkr.com\/et\/wp-json\/wp\/v2\/comments?post=715627"}],"version-history":[{"count":0,"href":"https:\/\/nextsnkr.com\/et\/wp-json\/wp\/v2\/product\/715627\/revisions"}],"wp:featuredmedia":[{"embeddable":true,"href":"https:\/\/nextsnkr.com\/et\/wp-json\/wp\/v2\/media\/715630"}],"wp:attachment":[{"href":"https:\/\/nextsnkr.com\/et\/wp-json\/wp\/v2\/media?parent=715627"}],"wp:term":[{"taxonomy":"product_brand","embeddable":true,"href":"https:\/\/nextsnkr.com\/et\/wp-json\/wp\/v2\/product_brand?post=715627"},{"taxonomy":"product_cat","embeddable":true,"href":"https:\/\/nextsnkr.com\/et\/wp-json\/wp\/v2\/product_cat?post=715627"},{"taxonomy":"product_tag","embeddable":true,"href":"https:\/\/nextsnkr.com\/et\/wp-json\/wp\/v2\/product_tag?post=715627"}],"curies":[{"name":"wp","href":"https:\/\/api.w.org\/{rel}","templated":true}]}}