{"id":714950,"date":"2025-06-14T17:18:55","date_gmt":"2025-06-14T14:18:55","guid":{"rendered":"https:\/\/nextsnkr.com\/product\/air-jordan-retro-1-orange-patent-swoosh\/"},"modified":"2026-01-30T15:58:12","modified_gmt":"2026-01-30T12:58:12","slug":"air-jordan-retro-1-orange-patent-swoosh","status":"publish","type":"product","link":"https:\/\/nextsnkr.com\/et\/toode\/air-jordan-retro-1-orange-patent-swoosh\/","title":{"rendered":"Tossud AIR JORDAN RETRO 1 oran\u017e Patent Swoosh nahk ja nubuck"},"content":{"rendered":"<h2>Tossud AIR JORDAN RETRO 1 oran\u017e Patent Swoosh nahk ja nubuck<\/h2>\n<p>AIR JORDAN RETRO 1 Orange Patent Swoosh tossud on valmistatud kvaliteetsest nahast ja nubukist, et tagada tugevus, mugavus ja vastupidavus. S\u00e4rav oran\u017e Swoosh lisab stiilse aktsendi ja muudab mudeli ainulaadseks. Ergonoomiline tald tagab pehmenduse ja mugava k\u00f5ndimise, samas kui klassikaline disain r\u00f5hutab Jordaania kaubam\u00e4rki ja kaasaegset linnastiili. Hiinas toodetud need tossud on suurep\u00e4rane valik aktiivseks ja moes v\u00e4limuseks.<\/p>\n","protected":false},"excerpt":{"rendered":"<p>AIR JORDAN RETRO 1 Orange Patent Swoosh tossud on valmistatud kvaliteetsest nahast ja nubukist, et tagada tugevus, mugavus ja vastupidavus. S\u00e4rav oran\u017e Swoosh lisab stiilse aktsendi ja muudab mudeli ainulaadseks. Ergonoomiline tald tagab pehmenduse ja mugava k\u00f5ndimise, samas kui klassikaline disain r\u00f5hutab Jordaania kaubam\u00e4rki ja kaasaegset linnastiili. Hiinas toodetud need tossud on suurep\u00e4rane valik aktiivseks ja moes v\u00e4limuseks.<\/p>\n","protected":false},"featured_media":714952,"comment_status":"open","ping_status":"open","template":"","meta":[],"product_brand":[],"product_cat":[3382,3186,3317],"product_tag":[],"class_list":{"0":"post-714950","1":"product","2":"type-product","3":"status-publish","4":"has-post-thumbnail","6":"product_cat-nike-jordan","7":"product_cat-all-product","8":"product_cat-kedy","9":"pa_rozmir-910","10":"pa_rozmir-912","11":"pa_rozmir-914","12":"pa_rozmir-915","13":"pa_rozmir-916","14":"pa_rozmir-917","15":"pa_rozmir-918","16":"pa_rozmir-919","17":"pa_rozmir-920","18":"pa_rozmir-921","19":"pa_rozmir-922","21":"first","22":"onbackorder","23":"purchasable","24":"product-type-variable"},"_links":{"self":[{"href":"https:\/\/nextsnkr.com\/et\/wp-json\/wp\/v2\/product\/714950","targetHints":{"allow":["GET"]}}],"collection":[{"href":"https:\/\/nextsnkr.com\/et\/wp-json\/wp\/v2\/product"}],"about":[{"href":"https:\/\/nextsnkr.com\/et\/wp-json\/wp\/v2\/types\/product"}],"replies":[{"embeddable":true,"href":"https:\/\/nextsnkr.com\/et\/wp-json\/wp\/v2\/comments?post=714950"}],"version-history":[{"count":0,"href":"https:\/\/nextsnkr.com\/et\/wp-json\/wp\/v2\/product\/714950\/revisions"}],"wp:featuredmedia":[{"embeddable":true,"href":"https:\/\/nextsnkr.com\/et\/wp-json\/wp\/v2\/media\/714952"}],"wp:attachment":[{"href":"https:\/\/nextsnkr.com\/et\/wp-json\/wp\/v2\/media?parent=714950"}],"wp:term":[{"taxonomy":"product_brand","embeddable":true,"href":"https:\/\/nextsnkr.com\/et\/wp-json\/wp\/v2\/product_brand?post=714950"},{"taxonomy":"product_cat","embeddable":true,"href":"https:\/\/nextsnkr.com\/et\/wp-json\/wp\/v2\/product_cat?post=714950"},{"taxonomy":"product_tag","embeddable":true,"href":"https:\/\/nextsnkr.com\/et\/wp-json\/wp\/v2\/product_tag?post=714950"}],"curies":[{"name":"wp","href":"https:\/\/api.w.org\/{rel}","templated":true}]}}