{"id":714599,"date":"2025-06-14T17:19:33","date_gmt":"2025-06-14T14:19:33","guid":{"rendered":"https:\/\/nextsnkr.com\/product\/air-jordan-retro-1-high-dark-mocha\/"},"modified":"2026-01-30T15:57:52","modified_gmt":"2026-01-30T12:57:52","slug":"air-jordan-retro-1-high-dark-mocha","status":"publish","type":"product","link":"https:\/\/nextsnkr.com\/et\/toode\/air-jordan-retro-1-high-dark-mocha\/","title":{"rendered":"Air Jordan Retro 1 k\u00f5rge tume Mocha tossud-nahast nubuk"},"content":{"rendered":"<h2>Air Jordan Retro 1 k\u00f5rge tume Mocha tossud-nahast nubuk<\/h2>\n<p>Air Jordan Retro 1 High Dark Mocha tossud on valmistatud naha, nubuki ja tekstiili kombinatsioonist, et tagada mugavus, vastupidavus ja stiilne v\u00e4limus. K\u00f5rge istuvus ja klassikaline disain muudavad mudeli igap\u00e4evaseks kandmiseks ja aktiivseks linnar\u00fctmiks mitmek\u00fclgseks. Tume Mocha v\u00e4rv lisab v\u00e4limusele elegantsi ja modernsust. Hiinas toodetud need tossud \u00fchendavad esmaklassilise kvaliteedi, vastupidavuse ja \u00e4ratuntava Air Jordani stiili.<\/p>\n","protected":false},"excerpt":{"rendered":"<p>Air Jordan Retro 1 High Dark Mocha tossud on valmistatud naha, nubuki ja tekstiili kombinatsioonist, et tagada mugavus, vastupidavus ja stiilne v\u00e4limus. K\u00f5rge istuvus ja klassikaline disain muudavad mudeli igap\u00e4evaseks kandmiseks ja aktiivseks linnar\u00fctmiks mitmek\u00fclgseks. Tume Mocha v\u00e4rv lisab v\u00e4limusele elegantsi ja modernsust. Hiinas toodetud need tossud \u00fchendavad esmaklassilise kvaliteedi, vastupidavuse ja \u00e4ratuntava Air Jordani stiili.<\/p>\n","protected":false},"featured_media":714604,"comment_status":"open","ping_status":"open","template":"","meta":[],"product_brand":[],"product_cat":[3382,3186,3317],"product_tag":[],"class_list":{"0":"post-714599","1":"product","2":"type-product","3":"status-publish","4":"has-post-thumbnail","6":"product_cat-nike-jordan","7":"product_cat-all-product","8":"product_cat-kedy","9":"pa_rozmir-910","10":"pa_rozmir-912","11":"pa_rozmir-914","12":"pa_rozmir-915","13":"pa_rozmir-916","14":"pa_rozmir-917","15":"pa_rozmir-918","16":"pa_rozmir-919","17":"pa_rozmir-920","18":"pa_rozmir-921","19":"pa_rozmir-922","21":"first","22":"instock","23":"purchasable","24":"product-type-variable"},"_links":{"self":[{"href":"https:\/\/nextsnkr.com\/et\/wp-json\/wp\/v2\/product\/714599","targetHints":{"allow":["GET"]}}],"collection":[{"href":"https:\/\/nextsnkr.com\/et\/wp-json\/wp\/v2\/product"}],"about":[{"href":"https:\/\/nextsnkr.com\/et\/wp-json\/wp\/v2\/types\/product"}],"replies":[{"embeddable":true,"href":"https:\/\/nextsnkr.com\/et\/wp-json\/wp\/v2\/comments?post=714599"}],"version-history":[{"count":0,"href":"https:\/\/nextsnkr.com\/et\/wp-json\/wp\/v2\/product\/714599\/revisions"}],"wp:featuredmedia":[{"embeddable":true,"href":"https:\/\/nextsnkr.com\/et\/wp-json\/wp\/v2\/media\/714604"}],"wp:attachment":[{"href":"https:\/\/nextsnkr.com\/et\/wp-json\/wp\/v2\/media?parent=714599"}],"wp:term":[{"taxonomy":"product_brand","embeddable":true,"href":"https:\/\/nextsnkr.com\/et\/wp-json\/wp\/v2\/product_brand?post=714599"},{"taxonomy":"product_cat","embeddable":true,"href":"https:\/\/nextsnkr.com\/et\/wp-json\/wp\/v2\/product_cat?post=714599"},{"taxonomy":"product_tag","embeddable":true,"href":"https:\/\/nextsnkr.com\/et\/wp-json\/wp\/v2\/product_tag?post=714599"}],"curies":[{"name":"wp","href":"https:\/\/api.w.org\/{rel}","templated":true}]}}