{"id":713891,"date":"2025-06-14T17:20:43","date_gmt":"2025-06-14T14:20:43","guid":{"rendered":"https:\/\/nextsnkr.com\/product\/air-jordan-retro-1-pink-quartz\/"},"modified":"2026-01-30T15:57:24","modified_gmt":"2026-01-30T12:57:24","slug":"air-jordan-retro-1-pink-quartz","status":"publish","type":"product","link":"https:\/\/nextsnkr.com\/et\/toode\/air-jordan-retro-1-pink-quartz\/","title":{"rendered":"AIR JORDAN RETRO 1 Pink Quartz tossud &#8211; nahast stiilsed tossud"},"content":{"rendered":"<h2>AIR JORDAN RETRO 1 Pink Quartz tossud &#8211; nahast stiilsed tossud<\/h2>\n<p>Air JORDAN RETRO 1 Pink Quartz tossud on esmaklassilised nahast tossud igap\u00e4evaseks kandmiseks ja aktiivseks stiiliks. Mudel on valmistatud kvaliteetsest ehtsast nahast, mis tagab jala vastupidavuse, mugavuse ja toe. Roosa kvartsi s\u00e4rav roosa varjund lisab v\u00e4limusele ainulaadsust ja modernsust, samas kui Retro 1 klassikaline siluett muudab tossud mitmek\u00fclgseks iga vabaaja stiili jaoks. Vietnamis toodetud tossud \u00fchendavad legendaarse kaubam\u00e4rgi, kvaliteedi ja stiili igas detailis.<\/p>\n","protected":false},"excerpt":{"rendered":"<p>Air JORDAN RETRO 1 Pink Quartz tossud on esmaklassilised nahast tossud igap\u00e4evaseks kandmiseks ja aktiivseks stiiliks. Mudel on valmistatud kvaliteetsest ehtsast nahast, mis tagab jala vastupidavuse, mugavuse ja toe. Roosa kvartsi s\u00e4rav roosa varjund lisab v\u00e4limusele ainulaadsust ja modernsust, samas kui Retro 1 klassikaline siluett muudab tossud mitmek\u00fclgseks iga vabaaja stiili jaoks. Vietnamis toodetud tossud \u00fchendavad legendaarse kaubam\u00e4rgi, kvaliteedi ja stiili igas detailis.<\/p>\n","protected":false},"featured_media":713893,"comment_status":"open","ping_status":"open","template":"","meta":[],"product_brand":[],"product_cat":[3382,3186,3317],"product_tag":[],"class_list":{"0":"post-713891","1":"product","2":"type-product","3":"status-publish","4":"has-post-thumbnail","6":"product_cat-nike-jordan","7":"product_cat-all-product","8":"product_cat-kedy","9":"pa_rozmir-910","10":"pa_rozmir-912","11":"pa_rozmir-914","12":"pa_rozmir-915","13":"pa_rozmir-916","14":"pa_rozmir-917","15":"pa_rozmir-918","16":"pa_rozmir-919","17":"pa_rozmir-920","18":"pa_rozmir-921","19":"pa_rozmir-922","21":"first","22":"onbackorder","23":"purchasable","24":"product-type-variable"},"_links":{"self":[{"href":"https:\/\/nextsnkr.com\/et\/wp-json\/wp\/v2\/product\/713891","targetHints":{"allow":["GET"]}}],"collection":[{"href":"https:\/\/nextsnkr.com\/et\/wp-json\/wp\/v2\/product"}],"about":[{"href":"https:\/\/nextsnkr.com\/et\/wp-json\/wp\/v2\/types\/product"}],"replies":[{"embeddable":true,"href":"https:\/\/nextsnkr.com\/et\/wp-json\/wp\/v2\/comments?post=713891"}],"version-history":[{"count":0,"href":"https:\/\/nextsnkr.com\/et\/wp-json\/wp\/v2\/product\/713891\/revisions"}],"wp:featuredmedia":[{"embeddable":true,"href":"https:\/\/nextsnkr.com\/et\/wp-json\/wp\/v2\/media\/713893"}],"wp:attachment":[{"href":"https:\/\/nextsnkr.com\/et\/wp-json\/wp\/v2\/media?parent=713891"}],"wp:term":[{"taxonomy":"product_brand","embeddable":true,"href":"https:\/\/nextsnkr.com\/et\/wp-json\/wp\/v2\/product_brand?post=713891"},{"taxonomy":"product_cat","embeddable":true,"href":"https:\/\/nextsnkr.com\/et\/wp-json\/wp\/v2\/product_cat?post=713891"},{"taxonomy":"product_tag","embeddable":true,"href":"https:\/\/nextsnkr.com\/et\/wp-json\/wp\/v2\/product_tag?post=713891"}],"curies":[{"name":"wp","href":"https:\/\/api.w.org\/{rel}","templated":true}]}}