{"id":713211,"date":"2025-06-14T17:22:23","date_gmt":"2025-06-14T14:22:23","guid":{"rendered":"https:\/\/nextsnkr.com\/product\/mini-bailey-bow-leather\/"},"modified":"2026-01-30T15:56:54","modified_gmt":"2026-01-30T12:56:54","slug":"mini-bailey-bow-leather","status":"publish","type":"product","link":"https:\/\/nextsnkr.com\/et\/toode\/mini-bailey-bow-leather\/","title":{"rendered":"UGG Mini Bailey vibu nahk-seemisnahast naiste uggs vibuga"},"content":{"rendered":"<h2>UGG Mini Bailey vibu nahk-seemisnahast naiste uggs vibuga<\/h2>\n<p>UGG Mini Bailey Vibunahk on stiilne ja soe naiste uggs, mis on valmistatud kvaliteetsest seemisnahast. Pehme tald pakub mugavust ja k\u00f5ndimise lihtsust ning Dekoratiivne vibu lisab v\u00e4limusele keeruka aktsendi. Valmistatud Hiinas, p\u00f6\u00f6rates t\u00e4helepanu detailidele, tagavad need uggid vastupidavuse ja kulumiskindluse. Ideaalne igap\u00e4evaseks kasutamiseks k\u00fclmal ajal, UGG Mini Bailey Bow Leather \u00fchendab mugavuse, praktilisuse ja kaasaegse elegantse stiili.<\/p>\n","protected":false},"excerpt":{"rendered":"<p>UGG Mini Bailey Vibunahk on stiilne ja soe naiste uggs, mis on valmistatud kvaliteetsest seemisnahast. Pehme tald pakub mugavust ja k\u00f5ndimise lihtsust ning Dekoratiivne vibu lisab v\u00e4limusele keeruka aktsendi. Valmistatud Hiinas, p\u00f6\u00f6rates t\u00e4helepanu detailidele, tagavad need uggid vastupidavuse ja kulumiskindluse. Ideaalne igap\u00e4evaseks kasutamiseks k\u00fclmal ajal, UGG Mini Bailey Bow Leather \u00fchendab mugavuse, praktilisuse ja kaasaegse elegantse stiili.<\/p>\n","protected":false},"featured_media":713212,"comment_status":"open","ping_status":"open","template":"","meta":[],"product_brand":[],"product_cat":[3406,3186],"product_tag":[],"class_list":{"0":"post-713211","1":"product","2":"type-product","3":"status-publish","4":"has-post-thumbnail","6":"product_cat-ugg","7":"product_cat-all-product","8":"pa_rozmir-910","9":"pa_rozmir-912","10":"pa_rozmir-914","11":"pa_rozmir-915","12":"pa_rozmir-916","13":"pa_rozmir-917","14":"pa_rozmir-918","15":"pa_rozmir-919","16":"pa_rozmir-920","17":"pa_rozmir-921","18":"pa_rozmir-922","20":"first","21":"instock","22":"purchasable","23":"product-type-variable"},"_links":{"self":[{"href":"https:\/\/nextsnkr.com\/et\/wp-json\/wp\/v2\/product\/713211","targetHints":{"allow":["GET"]}}],"collection":[{"href":"https:\/\/nextsnkr.com\/et\/wp-json\/wp\/v2\/product"}],"about":[{"href":"https:\/\/nextsnkr.com\/et\/wp-json\/wp\/v2\/types\/product"}],"replies":[{"embeddable":true,"href":"https:\/\/nextsnkr.com\/et\/wp-json\/wp\/v2\/comments?post=713211"}],"version-history":[{"count":0,"href":"https:\/\/nextsnkr.com\/et\/wp-json\/wp\/v2\/product\/713211\/revisions"}],"wp:featuredmedia":[{"embeddable":true,"href":"https:\/\/nextsnkr.com\/et\/wp-json\/wp\/v2\/media\/713212"}],"wp:attachment":[{"href":"https:\/\/nextsnkr.com\/et\/wp-json\/wp\/v2\/media?parent=713211"}],"wp:term":[{"taxonomy":"product_brand","embeddable":true,"href":"https:\/\/nextsnkr.com\/et\/wp-json\/wp\/v2\/product_brand?post=713211"},{"taxonomy":"product_cat","embeddable":true,"href":"https:\/\/nextsnkr.com\/et\/wp-json\/wp\/v2\/product_cat?post=713211"},{"taxonomy":"product_tag","embeddable":true,"href":"https:\/\/nextsnkr.com\/et\/wp-json\/wp\/v2\/product_tag?post=713211"}],"curies":[{"name":"wp","href":"https:\/\/api.w.org\/{rel}","templated":true}]}}