{"id":712532,"date":"2025-06-14T17:24:47","date_gmt":"2025-06-14T14:24:47","guid":{"rendered":"https:\/\/nextsnkr.com\/product\/classic-mini-black-metallic\/"},"modified":"2026-01-30T15:56:17","modified_gmt":"2026-01-30T12:56:17","slug":"classic-mini-black-metallic","status":"publish","type":"product","link":"https:\/\/nextsnkr.com\/et\/toode\/classic-mini-black-metallic\/","title":{"rendered":"UGG Classic Mini Black Metallic seemisnahast saapad-Stiil ja mugavus"},"content":{"rendered":"<h2>UGG Classic Mini Black Metallic seemisnahast saapad-Stiil ja mugavus<\/h2>\n<p>UGG Classic Mini Black Metallic &#8211; elegantsed ja soojad naturaalsest seemisnahast saapad, mis \u00fchendavad stiilse disaini ja mugavuse igap\u00e4evaseks kandmiseks. Mudelil on materjali tugevus ja sisevoodri pehmus, mis tagab soojuse ka k\u00fclma ilmaga. Must metallik toon annab kaasaegse ilme, muutes saapad mitmek\u00fclgseks iga v\u00e4limuse jaoks. Ideaalne valik neile, kes hindavad UGG esmaklassilist kvaliteeti ja stiili.<\/p>\n","protected":false},"excerpt":{"rendered":"<p>UGG Classic Mini Black Metallic &#8211; elegantsed ja soojad naturaalsest seemisnahast saapad, mis \u00fchendavad stiilse disaini ja mugavuse igap\u00e4evaseks kandmiseks. Mudelil on materjali tugevus ja sisevoodri pehmus, mis tagab soojuse ka k\u00fclma ilmaga. Must metallik toon annab kaasaegse ilme, muutes saapad mitmek\u00fclgseks iga v\u00e4limuse jaoks. Ideaalne valik neile, kes hindavad UGG esmaklassilist kvaliteeti ja stiili.<\/p>\n","protected":false},"featured_media":712533,"comment_status":"open","ping_status":"open","template":"","meta":[],"product_brand":[],"product_cat":[3406,3186],"product_tag":[],"class_list":{"0":"post-712532","1":"product","2":"type-product","3":"status-publish","4":"has-post-thumbnail","6":"product_cat-ugg","7":"product_cat-all-product","8":"pa_rozmir-910","9":"pa_rozmir-912","10":"pa_rozmir-914","11":"pa_rozmir-915","12":"pa_rozmir-916","13":"pa_rozmir-917","14":"pa_rozmir-918","15":"pa_rozmir-919","16":"pa_rozmir-920","17":"pa_rozmir-921","18":"pa_rozmir-922","20":"first","21":"instock","22":"purchasable","23":"product-type-variable"},"_links":{"self":[{"href":"https:\/\/nextsnkr.com\/et\/wp-json\/wp\/v2\/product\/712532","targetHints":{"allow":["GET"]}}],"collection":[{"href":"https:\/\/nextsnkr.com\/et\/wp-json\/wp\/v2\/product"}],"about":[{"href":"https:\/\/nextsnkr.com\/et\/wp-json\/wp\/v2\/types\/product"}],"replies":[{"embeddable":true,"href":"https:\/\/nextsnkr.com\/et\/wp-json\/wp\/v2\/comments?post=712532"}],"version-history":[{"count":0,"href":"https:\/\/nextsnkr.com\/et\/wp-json\/wp\/v2\/product\/712532\/revisions"}],"wp:featuredmedia":[{"embeddable":true,"href":"https:\/\/nextsnkr.com\/et\/wp-json\/wp\/v2\/media\/712533"}],"wp:attachment":[{"href":"https:\/\/nextsnkr.com\/et\/wp-json\/wp\/v2\/media?parent=712532"}],"wp:term":[{"taxonomy":"product_brand","embeddable":true,"href":"https:\/\/nextsnkr.com\/et\/wp-json\/wp\/v2\/product_brand?post=712532"},{"taxonomy":"product_cat","embeddable":true,"href":"https:\/\/nextsnkr.com\/et\/wp-json\/wp\/v2\/product_cat?post=712532"},{"taxonomy":"product_tag","embeddable":true,"href":"https:\/\/nextsnkr.com\/et\/wp-json\/wp\/v2\/product_tag?post=712532"}],"curies":[{"name":"wp","href":"https:\/\/api.w.org\/{rel}","templated":true}]}}