{"id":711262,"date":"2025-06-16T21:22:20","date_gmt":"2025-06-16T18:22:20","guid":{"rendered":"https:\/\/nextsnkr.com\/product\/sale-nike-air-force-1-high-fur-black\/"},"modified":"2026-01-30T15:55:23","modified_gmt":"2026-01-30T12:55:23","slug":"sale-nike-air-force-1-high-fur-black","status":"publish","type":"product","link":"https:\/\/nextsnkr.com\/et\/toode\/sale-nike-air-force-1-high-fur-black\/","title":{"rendered":"Nike Air Force 1 High Fur Black tossud-seemisnahast k\u00f5rged tossud"},"content":{"rendered":"<h2>Nike Air Force 1 High Fur Black tossud-seemisnahast k\u00f5rged tossud<\/h2>\n<p>Nike Air Force 1 High Fur &#8220;Black&#8221; tossud on stiilne ja soe Mudel k\u00fclma ilmaga. Valmistatud kvaliteetsest seemisnahast ja karusnahast, pakuvad need mugavust, soojust ja kulumiskindlust. Mudeli k\u00f5rge disain toetab pahkluud ja lisab v\u00e4limusele kaasaegse urbanistliku stiili. Must v\u00e4rv muudab tossud mitmek\u00fclgseks ja sobib kergesti iga riietusega. Vietnamis toodetud need ristid \u00fchendavad esmaklassilise kvaliteedi, stiili ja praktilisuse. Valige Nike Air Force 1 High Fur-mugavus ja trendikas v\u00e4limus igal sammul.<\/p>\n","protected":false},"excerpt":{"rendered":"<p>Nike Air Force 1 High Fur &#8220;Black&#8221; tossud on stiilne ja soe Mudel k\u00fclma ilmaga. Valmistatud kvaliteetsest seemisnahast ja karusnahast, pakuvad need mugavust, soojust ja kulumiskindlust. Mudeli k\u00f5rge disain toetab pahkluud ja lisab v\u00e4limusele kaasaegse urbanistliku stiili. Must v\u00e4rv muudab tossud mitmek\u00fclgseks ja sobib kergesti iga riietusega. Vietnamis toodetud need ristid \u00fchendavad esmaklassilise kvaliteedi, stiili ja praktilisuse. Valige Nike Air Force 1 High Fur-mugavus ja trendikas v\u00e4limus igal sammul.<\/p>\n","protected":false},"featured_media":711266,"comment_status":"open","ping_status":"open","template":"","meta":[],"product_brand":[],"product_cat":[3186,3317],"product_tag":[],"class_list":{"0":"post-711262","1":"product","2":"type-product","3":"status-publish","4":"has-post-thumbnail","6":"product_cat-all-product","7":"product_cat-kedy","8":"pa_rozmir-910","9":"pa_rozmir-912","10":"pa_rozmir-914","11":"pa_rozmir-915","12":"pa_rozmir-916","13":"pa_rozmir-917","14":"pa_rozmir-918","15":"pa_rozmir-919","16":"pa_rozmir-920","17":"pa_rozmir-921","18":"pa_rozmir-922","20":"first","21":"onbackorder","22":"purchasable","23":"product-type-variable"},"_links":{"self":[{"href":"https:\/\/nextsnkr.com\/et\/wp-json\/wp\/v2\/product\/711262","targetHints":{"allow":["GET"]}}],"collection":[{"href":"https:\/\/nextsnkr.com\/et\/wp-json\/wp\/v2\/product"}],"about":[{"href":"https:\/\/nextsnkr.com\/et\/wp-json\/wp\/v2\/types\/product"}],"replies":[{"embeddable":true,"href":"https:\/\/nextsnkr.com\/et\/wp-json\/wp\/v2\/comments?post=711262"}],"version-history":[{"count":0,"href":"https:\/\/nextsnkr.com\/et\/wp-json\/wp\/v2\/product\/711262\/revisions"}],"wp:featuredmedia":[{"embeddable":true,"href":"https:\/\/nextsnkr.com\/et\/wp-json\/wp\/v2\/media\/711266"}],"wp:attachment":[{"href":"https:\/\/nextsnkr.com\/et\/wp-json\/wp\/v2\/media?parent=711262"}],"wp:term":[{"taxonomy":"product_brand","embeddable":true,"href":"https:\/\/nextsnkr.com\/et\/wp-json\/wp\/v2\/product_brand?post=711262"},{"taxonomy":"product_cat","embeddable":true,"href":"https:\/\/nextsnkr.com\/et\/wp-json\/wp\/v2\/product_cat?post=711262"},{"taxonomy":"product_tag","embeddable":true,"href":"https:\/\/nextsnkr.com\/et\/wp-json\/wp\/v2\/product_tag?post=711262"}],"curies":[{"name":"wp","href":"https:\/\/api.w.org\/{rel}","templated":true}]}}