{"id":710922,"date":"2025-06-16T21:23:09","date_gmt":"2025-06-16T18:23:09","guid":{"rendered":"https:\/\/nextsnkr.com\/product\/sale-nike-air-force-1-high-fur-grey-red\/"},"modified":"2026-01-30T15:55:04","modified_gmt":"2026-01-30T12:55:04","slug":"sale-nike-air-force-1-high-fur-grey-red","status":"publish","type":"product","link":"https:\/\/nextsnkr.com\/et\/toode\/sale-nike-air-force-1-high-fur-grey-red\/","title":{"rendered":"Nike Air Force 1 High Fur Grey \/ Red tossud-seemisnahk ja karusnahk"},"content":{"rendered":"<h2>Nike Air Force 1 High Fur Grey \/ Red tossud-seemisnahk ja karusnahk<\/h2>\n<p>Nike Air Force 1 High Fur Grey\/Red tossud on stiilne ja soe k\u00f5rge l\u00f5ikega Mudel aktiivseks igap\u00e4evaseks kandmiseks. Valmistatud kvaliteetsest seemisnahast ja karusnahast soojustatud, pakuvad need k\u00fclma ilmaga mugavust ja soojust. Halli ja punase kontrastne kombinatsioon lisab v\u00e4limusele erksust ja mitmek\u00fclgsust koos erinevate r\u00f5ivastega. Vietnami tootmine tagab pikaealisuse ja korraliku t\u00e4itmise. Valige Nike Air Force 1 High Fur mugavuse ja stiilse v\u00e4limuse jaoks.<\/p>\n","protected":false},"excerpt":{"rendered":"<p>Nike Air Force 1 High Fur Grey\/Red tossud on stiilne ja soe k\u00f5rge l\u00f5ikega Mudel aktiivseks igap\u00e4evaseks kandmiseks. Valmistatud kvaliteetsest seemisnahast ja karusnahast soojustatud, pakuvad need k\u00fclma ilmaga mugavust ja soojust. Halli ja punase kontrastne kombinatsioon lisab v\u00e4limusele erksust ja mitmek\u00fclgsust koos erinevate r\u00f5ivastega. Vietnami tootmine tagab pikaealisuse ja korraliku t\u00e4itmise. Valige Nike Air Force 1 High Fur mugavuse ja stiilse v\u00e4limuse jaoks.<\/p>\n","protected":false},"featured_media":710927,"comment_status":"open","ping_status":"open","template":"","meta":[],"product_brand":[],"product_cat":[3186,3317],"product_tag":[],"class_list":{"0":"post-710922","1":"product","2":"type-product","3":"status-publish","4":"has-post-thumbnail","6":"product_cat-all-product","7":"product_cat-kedy","8":"pa_rozmir-910","9":"pa_rozmir-912","10":"pa_rozmir-914","11":"pa_rozmir-915","12":"pa_rozmir-916","13":"pa_rozmir-917","14":"pa_rozmir-918","15":"pa_rozmir-919","16":"pa_rozmir-920","17":"pa_rozmir-921","18":"pa_rozmir-922","20":"first","21":"onbackorder","22":"purchasable","23":"product-type-variable"},"_links":{"self":[{"href":"https:\/\/nextsnkr.com\/et\/wp-json\/wp\/v2\/product\/710922","targetHints":{"allow":["GET"]}}],"collection":[{"href":"https:\/\/nextsnkr.com\/et\/wp-json\/wp\/v2\/product"}],"about":[{"href":"https:\/\/nextsnkr.com\/et\/wp-json\/wp\/v2\/types\/product"}],"replies":[{"embeddable":true,"href":"https:\/\/nextsnkr.com\/et\/wp-json\/wp\/v2\/comments?post=710922"}],"version-history":[{"count":0,"href":"https:\/\/nextsnkr.com\/et\/wp-json\/wp\/v2\/product\/710922\/revisions"}],"wp:featuredmedia":[{"embeddable":true,"href":"https:\/\/nextsnkr.com\/et\/wp-json\/wp\/v2\/media\/710927"}],"wp:attachment":[{"href":"https:\/\/nextsnkr.com\/et\/wp-json\/wp\/v2\/media?parent=710922"}],"wp:term":[{"taxonomy":"product_brand","embeddable":true,"href":"https:\/\/nextsnkr.com\/et\/wp-json\/wp\/v2\/product_brand?post=710922"},{"taxonomy":"product_cat","embeddable":true,"href":"https:\/\/nextsnkr.com\/et\/wp-json\/wp\/v2\/product_cat?post=710922"},{"taxonomy":"product_tag","embeddable":true,"href":"https:\/\/nextsnkr.com\/et\/wp-json\/wp\/v2\/product_tag?post=710922"}],"curies":[{"name":"wp","href":"https:\/\/api.w.org\/{rel}","templated":true}]}}