{"id":710157,"date":"2025-06-14T17:29:54","date_gmt":"2025-06-14T14:29:54","guid":{"rendered":"https:\/\/nextsnkr.com\/product\/neumal-pink\/"},"modified":"2026-01-30T15:54:32","modified_gmt":"2026-01-30T12:54:32","slug":"neumal-pink","status":"publish","type":"product","link":"https:\/\/nextsnkr.com\/et\/toode\/neumal-pink\/","title":{"rendered":"UGG Neumal Pink saapad &#8211; seemisnahast lambanahaga mugavuse ja stiili jaoks"},"content":{"rendered":"<h2>UGG Neumal Pink saapad &#8211; seemisnahast lambanahaga mugavuse ja stiili jaoks<\/h2>\n<p>UGG Neumal Pink saapad \u00fchendavad stiilse disaini, soojuse ja mugavuse. Valmistatud kvaliteetsest seemisnahast ja looduslikust Lambanahast, pakuvad need pehmust, vastupidavust ja suurep\u00e4rast soojusisolatsiooni ka k\u00fclma ilmaga. \u00d5rn roosa v\u00e4rv lisab pildile naiselikkust ja v\u00e4rskust. Hiinas toodetud saapad sobivad ideaalselt igap\u00e4evaseks kandmiseks, jalutamiseks ja vabas \u00f5hus l\u00f5\u00f5gastumiseks. UGG Neumal Pink on esmaklassiline valik neile, kes hindavad mugavust ja trendikat v\u00e4limust.<\/p>\n","protected":false},"excerpt":{"rendered":"<p>UGG Neumal Pink saapad \u00fchendavad stiilse disaini, soojuse ja mugavuse. Valmistatud kvaliteetsest seemisnahast ja looduslikust Lambanahast, pakuvad need pehmust, vastupidavust ja suurep\u00e4rast soojusisolatsiooni ka k\u00fclma ilmaga. \u00d5rn roosa v\u00e4rv lisab pildile naiselikkust ja v\u00e4rskust. Hiinas toodetud saapad sobivad ideaalselt igap\u00e4evaseks kandmiseks, jalutamiseks ja vabas \u00f5hus l\u00f5\u00f5gastumiseks. UGG Neumal Pink on esmaklassiline valik neile, kes hindavad mugavust ja trendikat v\u00e4limust.<\/p>\n","protected":false},"featured_media":710158,"comment_status":"open","ping_status":"open","template":"","meta":[],"product_brand":[],"product_cat":[3406,3186],"product_tag":[],"class_list":{"0":"post-710157","1":"product","2":"type-product","3":"status-publish","4":"has-post-thumbnail","6":"product_cat-ugg","7":"product_cat-all-product","8":"pa_rozmir-910","9":"pa_rozmir-912","10":"pa_rozmir-914","11":"pa_rozmir-915","12":"pa_rozmir-916","13":"pa_rozmir-917","14":"pa_rozmir-918","15":"pa_rozmir-919","16":"pa_rozmir-920","17":"pa_rozmir-921","18":"pa_rozmir-922","20":"first","21":"onbackorder","22":"purchasable","23":"product-type-variable"},"_links":{"self":[{"href":"https:\/\/nextsnkr.com\/et\/wp-json\/wp\/v2\/product\/710157","targetHints":{"allow":["GET"]}}],"collection":[{"href":"https:\/\/nextsnkr.com\/et\/wp-json\/wp\/v2\/product"}],"about":[{"href":"https:\/\/nextsnkr.com\/et\/wp-json\/wp\/v2\/types\/product"}],"replies":[{"embeddable":true,"href":"https:\/\/nextsnkr.com\/et\/wp-json\/wp\/v2\/comments?post=710157"}],"version-history":[{"count":0,"href":"https:\/\/nextsnkr.com\/et\/wp-json\/wp\/v2\/product\/710157\/revisions"}],"wp:featuredmedia":[{"embeddable":true,"href":"https:\/\/nextsnkr.com\/et\/wp-json\/wp\/v2\/media\/710158"}],"wp:attachment":[{"href":"https:\/\/nextsnkr.com\/et\/wp-json\/wp\/v2\/media?parent=710157"}],"wp:term":[{"taxonomy":"product_brand","embeddable":true,"href":"https:\/\/nextsnkr.com\/et\/wp-json\/wp\/v2\/product_brand?post=710157"},{"taxonomy":"product_cat","embeddable":true,"href":"https:\/\/nextsnkr.com\/et\/wp-json\/wp\/v2\/product_cat?post=710157"},{"taxonomy":"product_tag","embeddable":true,"href":"https:\/\/nextsnkr.com\/et\/wp-json\/wp\/v2\/product_tag?post=710157"}],"curies":[{"name":"wp","href":"https:\/\/api.w.org\/{rel}","templated":true}]}}