{"id":709127,"date":"2025-06-16T21:28:53","date_gmt":"2025-06-16T18:28:53","guid":{"rendered":"https:\/\/nextsnkr.com\/product\/nike-air-vapormax-plus-retro-knicks-blue-black-orange\/"},"modified":"2026-01-30T15:53:46","modified_gmt":"2026-01-30T12:53:46","slug":"nike-air-vapormax-plus-retro-knicks-blue-black-orange","status":"publish","type":"product","link":"https:\/\/nextsnkr.com\/et\/toode\/nike-air-vapormax-plus-retro-knicks-blue-black-orange\/","title":{"rendered":"Nike Air Vapormax Plus Retro Knicks tossud-tekstiili mehed"},"content":{"rendered":"<h2>Nike Air Vapormax Plus Retro Knicks tossud-tekstiili mehed<\/h2>\n<p>Nike Air Vapormax Plus Retro Knicks &#8220;Blue Black Orange&#8221; tossud on kaasaegsed meeste tossud, mis on valmistatud vastupidavast tekstiilist aktiivseks kandmiseks. Sinise, musta ja oran\u017ei s\u00e4rav kombinatsioon muudab mudeli meeldej\u00e4\u00e4vaks ja stiilseks. Vapormaxi kerge konstruktsioon ja l\u00f6\u00f6ke neelav tald pakuvad jalale mugavust ja tuge pikkade jalutusk\u00e4ikude v\u00f5i treeningute ajal. Ideaalne valik neile, kes hindavad Nike kaubam\u00e4rki, sportlikku stiili ja mugavust vabaajajalatsites.<\/p>\n","protected":false},"excerpt":{"rendered":"<p>Nike Air Vapormax Plus Retro Knicks &#8220;Blue Black Orange&#8221; tossud on kaasaegsed meeste tossud, mis on valmistatud vastupidavast tekstiilist aktiivseks kandmiseks. Sinise, musta ja oran\u017ei s\u00e4rav kombinatsioon muudab mudeli meeldej\u00e4\u00e4vaks ja stiilseks. Vapormaxi kerge konstruktsioon ja l\u00f6\u00f6ke neelav tald pakuvad jalale mugavust ja tuge pikkade jalutusk\u00e4ikude v\u00f5i treeningute ajal. Ideaalne valik neile, kes hindavad Nike kaubam\u00e4rki, sportlikku stiili ja mugavust vabaajajalatsites.<\/p>\n","protected":false},"featured_media":709128,"comment_status":"open","ping_status":"open","template":"","meta":[],"product_brand":[],"product_cat":[3186,3187],"product_tag":[],"class_list":{"0":"post-709127","1":"product","2":"type-product","3":"status-publish","4":"has-post-thumbnail","6":"product_cat-all-product","7":"product_cat-krosivky","8":"pa_rozmir-910","9":"pa_rozmir-912","10":"pa_rozmir-914","11":"pa_rozmir-915","12":"pa_rozmir-916","13":"pa_rozmir-917","14":"pa_rozmir-918","15":"pa_rozmir-919","16":"pa_rozmir-920","17":"pa_rozmir-921","18":"pa_rozmir-922","20":"first","21":"onbackorder","22":"purchasable","23":"product-type-variable"},"_links":{"self":[{"href":"https:\/\/nextsnkr.com\/et\/wp-json\/wp\/v2\/product\/709127","targetHints":{"allow":["GET"]}}],"collection":[{"href":"https:\/\/nextsnkr.com\/et\/wp-json\/wp\/v2\/product"}],"about":[{"href":"https:\/\/nextsnkr.com\/et\/wp-json\/wp\/v2\/types\/product"}],"replies":[{"embeddable":true,"href":"https:\/\/nextsnkr.com\/et\/wp-json\/wp\/v2\/comments?post=709127"}],"version-history":[{"count":0,"href":"https:\/\/nextsnkr.com\/et\/wp-json\/wp\/v2\/product\/709127\/revisions"}],"wp:featuredmedia":[{"embeddable":true,"href":"https:\/\/nextsnkr.com\/et\/wp-json\/wp\/v2\/media\/709128"}],"wp:attachment":[{"href":"https:\/\/nextsnkr.com\/et\/wp-json\/wp\/v2\/media?parent=709127"}],"wp:term":[{"taxonomy":"product_brand","embeddable":true,"href":"https:\/\/nextsnkr.com\/et\/wp-json\/wp\/v2\/product_brand?post=709127"},{"taxonomy":"product_cat","embeddable":true,"href":"https:\/\/nextsnkr.com\/et\/wp-json\/wp\/v2\/product_cat?post=709127"},{"taxonomy":"product_tag","embeddable":true,"href":"https:\/\/nextsnkr.com\/et\/wp-json\/wp\/v2\/product_tag?post=709127"}],"curies":[{"name":"wp","href":"https:\/\/api.w.org\/{rel}","templated":true}]}}