{"id":708445,"date":"2025-06-16T21:32:10","date_gmt":"2025-06-16T18:32:10","guid":{"rendered":"https:\/\/nextsnkr.com\/product\/sale-nike-air-jordan-1-mid-black-chile-red-white\/"},"modified":"2026-01-30T15:53:06","modified_gmt":"2026-01-30T12:53:06","slug":"sale-nike-air-jordan-1-mid-black-chile-red-white","status":"publish","type":"product","link":"https:\/\/nextsnkr.com\/et\/toode\/sale-nike-air-jordan-1-mid-black-chile-red-white\/","title":{"rendered":"Nike Air Jordan 1 Mid Black T\u0161iili Punane \/ valge tossud-nahast mehed"},"content":{"rendered":"<h2>Nike Air Jordan 1 Mid Black T\u0161iili Punane \/ valge tossud-nahast mehed<\/h2>\n<p>Nike Air Jordan 1 Mid Black T\u0161iili Punane\/valge \u2014 stiilsed tossud, mis on valmistatud kvaliteetsest ehtsast nahast ja tekstiilkeelest mugavuse ja vastupidavuse tagamiseks. Musta, punase ja valge kombinatsioon muudab mudeli erksaks ja mitmek\u00fclgseks, sobib igap\u00e4evaseks kandmiseks ja kaasaegse v\u00e4limuse loomiseks. Tehases Vietnamis toodetud tossud on varustatud tugeva tallaga ja mugava istumisega jalale. Ideaalne valik neile, kes hindavad Jordaania br\u00e4ndi stiili, mugavust ja legendaarset kvaliteeti.<\/p>\n","protected":false},"excerpt":{"rendered":"<p>Nike Air Jordan 1 Mid Black T\u0161iili Punane\/valge \u2014 stiilsed tossud, mis on valmistatud kvaliteetsest ehtsast nahast ja tekstiilkeelest mugavuse ja vastupidavuse tagamiseks. Musta, punase ja valge kombinatsioon muudab mudeli erksaks ja mitmek\u00fclgseks, sobib igap\u00e4evaseks kandmiseks ja kaasaegse v\u00e4limuse loomiseks. Tehases Vietnamis toodetud tossud on varustatud tugeva tallaga ja mugava istumisega jalale. Ideaalne valik neile, kes hindavad Jordaania br\u00e4ndi stiili, mugavust ja legendaarset kvaliteeti.<\/p>\n","protected":false},"featured_media":708446,"comment_status":"open","ping_status":"open","template":"","meta":[],"product_brand":[],"product_cat":[3382,3186,3317],"product_tag":[],"class_list":{"0":"post-708445","1":"product","2":"type-product","3":"status-publish","4":"has-post-thumbnail","6":"product_cat-nike-jordan","7":"product_cat-all-product","8":"product_cat-kedy","9":"pa_rozmir-910","10":"pa_rozmir-912","11":"pa_rozmir-914","12":"pa_rozmir-915","13":"pa_rozmir-916","14":"pa_rozmir-917","15":"pa_rozmir-918","16":"pa_rozmir-919","17":"pa_rozmir-920","18":"pa_rozmir-921","19":"pa_rozmir-922","21":"first","22":"instock","23":"purchasable","24":"product-type-variable"},"_links":{"self":[{"href":"https:\/\/nextsnkr.com\/et\/wp-json\/wp\/v2\/product\/708445","targetHints":{"allow":["GET"]}}],"collection":[{"href":"https:\/\/nextsnkr.com\/et\/wp-json\/wp\/v2\/product"}],"about":[{"href":"https:\/\/nextsnkr.com\/et\/wp-json\/wp\/v2\/types\/product"}],"replies":[{"embeddable":true,"href":"https:\/\/nextsnkr.com\/et\/wp-json\/wp\/v2\/comments?post=708445"}],"version-history":[{"count":0,"href":"https:\/\/nextsnkr.com\/et\/wp-json\/wp\/v2\/product\/708445\/revisions"}],"wp:featuredmedia":[{"embeddable":true,"href":"https:\/\/nextsnkr.com\/et\/wp-json\/wp\/v2\/media\/708446"}],"wp:attachment":[{"href":"https:\/\/nextsnkr.com\/et\/wp-json\/wp\/v2\/media?parent=708445"}],"wp:term":[{"taxonomy":"product_brand","embeddable":true,"href":"https:\/\/nextsnkr.com\/et\/wp-json\/wp\/v2\/product_brand?post=708445"},{"taxonomy":"product_cat","embeddable":true,"href":"https:\/\/nextsnkr.com\/et\/wp-json\/wp\/v2\/product_cat?post=708445"},{"taxonomy":"product_tag","embeddable":true,"href":"https:\/\/nextsnkr.com\/et\/wp-json\/wp\/v2\/product_tag?post=708445"}],"curies":[{"name":"wp","href":"https:\/\/api.w.org\/{rel}","templated":true}]}}