{"id":707935,"date":"2025-06-16T21:34:40","date_gmt":"2025-06-16T18:34:40","guid":{"rendered":"https:\/\/nextsnkr.com\/product\/nike-air-jordan-1-mid-se-fearless-maison\/"},"modified":"2026-01-30T15:52:41","modified_gmt":"2026-01-30T12:52:41","slug":"nike-air-jordan-1-mid-se-fearless-maison","status":"publish","type":"product","link":"https:\/\/nextsnkr.com\/et\/toode\/nike-air-jordan-1-mid-se-fearless-maison\/","title":{"rendered":"Nike Air Jordan 1 Mid SE Fearless Maison tekstuuriga nahast tossud"},"content":{"rendered":"<h2>Nike Air Jordan 1 Mid SE Fearless Maison tekstuuriga nahast tossud<\/h2>\n<p>Nike Air Jordan 1 Mid SE Fearless Maison &#8211; stiilsed tossud, mis on valmistatud tekstuurnahast ja tekstiilkeelest, pakkudes mugavust ja vastupidavust. Pehmendav vahtmaterjalist tald ja kulumiskindel kummist p\u00fchkimine tagavad stabiilsuse ja vastupidavuse igap\u00e4evase kulumise ajal. Vietnamis toodetud tossud \u00fchendavad esmaklassilise disaini, \u00e4ratuntava Air Jordani stiili ja t\u00f6\u00f6kindluse, muutes need ideaalseks valikuks aktiivseks linnaeluks ja silmatorkavaks v\u00e4ljan\u00e4gemiseks.<\/p>\n","protected":false},"excerpt":{"rendered":"<p>Nike Air Jordan 1 Mid SE Fearless Maison &#8211; stiilsed tossud, mis on valmistatud tekstuurnahast ja tekstiilkeelest, pakkudes mugavust ja vastupidavust. Pehmendav vahtmaterjalist tald ja kulumiskindel kummist p\u00fchkimine tagavad stabiilsuse ja vastupidavuse igap\u00e4evase kulumise ajal. Vietnamis toodetud tossud \u00fchendavad esmaklassilise disaini, \u00e4ratuntava Air Jordani stiili ja t\u00f6\u00f6kindluse, muutes need ideaalseks valikuks aktiivseks linnaeluks ja silmatorkavaks v\u00e4ljan\u00e4gemiseks.<\/p>\n","protected":false},"featured_media":707936,"comment_status":"open","ping_status":"open","template":"","meta":[],"product_brand":[],"product_cat":[3382,3186,3317],"product_tag":[],"class_list":{"0":"post-707935","1":"product","2":"type-product","3":"status-publish","4":"has-post-thumbnail","6":"product_cat-nike-jordan","7":"product_cat-all-product","8":"product_cat-kedy","9":"pa_rozmir-910","10":"pa_rozmir-912","11":"pa_rozmir-914","12":"pa_rozmir-915","13":"pa_rozmir-916","14":"pa_rozmir-917","15":"pa_rozmir-918","16":"pa_rozmir-919","17":"pa_rozmir-920","18":"pa_rozmir-921","19":"pa_rozmir-922","21":"first","22":"instock","23":"purchasable","24":"product-type-variable"},"_links":{"self":[{"href":"https:\/\/nextsnkr.com\/et\/wp-json\/wp\/v2\/product\/707935","targetHints":{"allow":["GET"]}}],"collection":[{"href":"https:\/\/nextsnkr.com\/et\/wp-json\/wp\/v2\/product"}],"about":[{"href":"https:\/\/nextsnkr.com\/et\/wp-json\/wp\/v2\/types\/product"}],"replies":[{"embeddable":true,"href":"https:\/\/nextsnkr.com\/et\/wp-json\/wp\/v2\/comments?post=707935"}],"version-history":[{"count":0,"href":"https:\/\/nextsnkr.com\/et\/wp-json\/wp\/v2\/product\/707935\/revisions"}],"wp:featuredmedia":[{"embeddable":true,"href":"https:\/\/nextsnkr.com\/et\/wp-json\/wp\/v2\/media\/707936"}],"wp:attachment":[{"href":"https:\/\/nextsnkr.com\/et\/wp-json\/wp\/v2\/media?parent=707935"}],"wp:term":[{"taxonomy":"product_brand","embeddable":true,"href":"https:\/\/nextsnkr.com\/et\/wp-json\/wp\/v2\/product_brand?post=707935"},{"taxonomy":"product_cat","embeddable":true,"href":"https:\/\/nextsnkr.com\/et\/wp-json\/wp\/v2\/product_cat?post=707935"},{"taxonomy":"product_tag","embeddable":true,"href":"https:\/\/nextsnkr.com\/et\/wp-json\/wp\/v2\/product_tag?post=707935"}],"curies":[{"name":"wp","href":"https:\/\/api.w.org\/{rel}","templated":true}]}}