{"id":707595,"date":"2025-06-16T21:36:16","date_gmt":"2025-06-16T18:36:16","guid":{"rendered":"https:\/\/nextsnkr.com\/product\/nike-air-jordan-1-retro-high-og-white-cement\/"},"modified":"2026-01-30T15:52:32","modified_gmt":"2026-01-30T12:52:32","slug":"nike-air-jordan-1-retro-high-og-white-cement","status":"publish","type":"product","link":"https:\/\/nextsnkr.com\/et\/toode\/nike-air-jordan-1-retro-high-og-white-cement\/","title":{"rendered":"Nike Air Jordan 1 Retro High og White Cement tossud-nahast meeste tossud"},"content":{"rendered":"<h2>Nike Air Jordan 1 Retro High og White Cement tossud-nahast meeste tossud<\/h2>\n<p>Nike Air Jordan 1 Retro High og White Cement tossud on valmistatud kvaliteetsest nahast, mis tagab tugevuse, mugavuse ja vastupidavuse. Klassikaline valge ja halli kombinatsioon muudab mudeli igap\u00e4evaseks ja sportlikuks stiiliks. K\u00f5rge l\u00f5ige ja mugav tald tagavad jala mugavuse ja usaldusv\u00e4\u00e4rse fikseerimise k\u00f5ndimise ajal. Valige Nike Air Jordan 1 Retro High og White Cement, et saada segu kvaliteetsest, kaasaegsest disainist ja stiilist.<\/p>\n","protected":false},"excerpt":{"rendered":"<p>Nike Air Jordan 1 Retro High og White Cement tossud on valmistatud kvaliteetsest nahast, mis tagab tugevuse, mugavuse ja vastupidavuse. Klassikaline valge ja halli kombinatsioon muudab mudeli igap\u00e4evaseks ja sportlikuks stiiliks. K\u00f5rge l\u00f5ige ja mugav tald tagavad jala mugavuse ja usaldusv\u00e4\u00e4rse fikseerimise k\u00f5ndimise ajal. Valige Nike Air Jordan 1 Retro High og White Cement, et saada segu kvaliteetsest, kaasaegsest disainist ja stiilist.<\/p>\n","protected":false},"featured_media":707596,"comment_status":"open","ping_status":"open","template":"","meta":[],"product_brand":[],"product_cat":[3382,3186,3317],"product_tag":[],"class_list":{"0":"post-707595","1":"product","2":"type-product","3":"status-publish","4":"has-post-thumbnail","6":"product_cat-nike-jordan","7":"product_cat-all-product","8":"product_cat-kedy","9":"pa_rozmir-910","10":"pa_rozmir-912","11":"pa_rozmir-914","12":"pa_rozmir-915","13":"pa_rozmir-916","14":"pa_rozmir-917","15":"pa_rozmir-918","16":"pa_rozmir-919","17":"pa_rozmir-920","18":"pa_rozmir-921","19":"pa_rozmir-922","21":"first","22":"onbackorder","23":"purchasable","24":"product-type-variable"},"_links":{"self":[{"href":"https:\/\/nextsnkr.com\/et\/wp-json\/wp\/v2\/product\/707595","targetHints":{"allow":["GET"]}}],"collection":[{"href":"https:\/\/nextsnkr.com\/et\/wp-json\/wp\/v2\/product"}],"about":[{"href":"https:\/\/nextsnkr.com\/et\/wp-json\/wp\/v2\/types\/product"}],"replies":[{"embeddable":true,"href":"https:\/\/nextsnkr.com\/et\/wp-json\/wp\/v2\/comments?post=707595"}],"version-history":[{"count":0,"href":"https:\/\/nextsnkr.com\/et\/wp-json\/wp\/v2\/product\/707595\/revisions"}],"wp:featuredmedia":[{"embeddable":true,"href":"https:\/\/nextsnkr.com\/et\/wp-json\/wp\/v2\/media\/707596"}],"wp:attachment":[{"href":"https:\/\/nextsnkr.com\/et\/wp-json\/wp\/v2\/media?parent=707595"}],"wp:term":[{"taxonomy":"product_brand","embeddable":true,"href":"https:\/\/nextsnkr.com\/et\/wp-json\/wp\/v2\/product_brand?post=707595"},{"taxonomy":"product_cat","embeddable":true,"href":"https:\/\/nextsnkr.com\/et\/wp-json\/wp\/v2\/product_cat?post=707595"},{"taxonomy":"product_tag","embeddable":true,"href":"https:\/\/nextsnkr.com\/et\/wp-json\/wp\/v2\/product_tag?post=707595"}],"curies":[{"name":"wp","href":"https:\/\/api.w.org\/{rel}","templated":true}]}}