{"id":706576,"date":"2025-06-16T21:41:11","date_gmt":"2025-06-16T18:41:11","guid":{"rendered":"https:\/\/nextsnkr.com\/product\/nike-air-jordan-1-retro-high-og-turbo-green\/"},"modified":"2026-01-30T15:51:46","modified_gmt":"2026-01-30T12:51:46","slug":"nike-air-jordan-1-retro-high-og-turbo-green","status":"publish","type":"product","link":"https:\/\/nextsnkr.com\/et\/toode\/nike-air-jordan-1-retro-high-og-turbo-green\/","title":{"rendered":"Nike Air Jordan 1 Retro High og Turbo Green tossud-premium nahast tossud"},"content":{"rendered":"<h2>Nike Air Jordan 1 Retro High og Turbo Green tossud-premium nahast tossud<\/h2>\n<p>Nike Air Jordan 1 Retro High og &#8220;Turbo Green&#8221; tossud on stiilne ja mugav mudel igap\u00e4evaseks kandmiseks ja linnastiilis. Valmistatud kvaliteetsest nahast tekstiilkeelega ja k\u00f5vast kummist tallaga, et tagada Kindel haardumine mis tahes pindadega. 801 grammi kaaluv demihooaja mudel tagab mugavuse ja vastupidavuse. Turbo Greeni silmatorkav varjund r\u00f5hutab isikup\u00e4ra ja kaasaegset stiili. Valmistatud Vietnamis, need tossud sobivad ideaalselt aktiivseks eluks ja trendikaks v\u00e4ljan\u00e4gemiseks. Valige Air Jordan 1 Retro High OG \u2014 stiili, kvaliteedi ja prestii\u017ei kombinatsioon.<\/p>\n","protected":false},"excerpt":{"rendered":"<p>Nike Air Jordan 1 Retro High og &#8220;Turbo Green&#8221; tossud on stiilne ja mugav mudel igap\u00e4evaseks kandmiseks ja linnastiilis. Valmistatud kvaliteetsest nahast tekstiilkeelega ja k\u00f5vast kummist tallaga, et tagada Kindel haardumine mis tahes pindadega. 801 grammi kaaluv demihooaja mudel tagab mugavuse ja vastupidavuse. Turbo Greeni silmatorkav varjund r\u00f5hutab isikup\u00e4ra ja kaasaegset stiili. Valmistatud Vietnamis, need tossud sobivad ideaalselt aktiivseks eluks ja trendikaks v\u00e4ljan\u00e4gemiseks. Valige Air Jordan 1 Retro High OG \u2014 stiili, kvaliteedi ja prestii\u017ei kombinatsioon.<\/p>\n","protected":false},"featured_media":706577,"comment_status":"open","ping_status":"open","template":"","meta":[],"product_brand":[],"product_cat":[3382,3186,3317],"product_tag":[],"class_list":{"0":"post-706576","1":"product","2":"type-product","3":"status-publish","4":"has-post-thumbnail","6":"product_cat-nike-jordan","7":"product_cat-all-product","8":"product_cat-kedy","9":"pa_rozmir-910","10":"pa_rozmir-912","11":"pa_rozmir-914","12":"pa_rozmir-915","13":"pa_rozmir-916","14":"pa_rozmir-917","15":"pa_rozmir-918","16":"pa_rozmir-919","17":"pa_rozmir-920","18":"pa_rozmir-921","19":"pa_rozmir-922","21":"first","22":"instock","23":"purchasable","24":"product-type-variable"},"_links":{"self":[{"href":"https:\/\/nextsnkr.com\/et\/wp-json\/wp\/v2\/product\/706576","targetHints":{"allow":["GET"]}}],"collection":[{"href":"https:\/\/nextsnkr.com\/et\/wp-json\/wp\/v2\/product"}],"about":[{"href":"https:\/\/nextsnkr.com\/et\/wp-json\/wp\/v2\/types\/product"}],"replies":[{"embeddable":true,"href":"https:\/\/nextsnkr.com\/et\/wp-json\/wp\/v2\/comments?post=706576"}],"version-history":[{"count":0,"href":"https:\/\/nextsnkr.com\/et\/wp-json\/wp\/v2\/product\/706576\/revisions"}],"wp:featuredmedia":[{"embeddable":true,"href":"https:\/\/nextsnkr.com\/et\/wp-json\/wp\/v2\/media\/706577"}],"wp:attachment":[{"href":"https:\/\/nextsnkr.com\/et\/wp-json\/wp\/v2\/media?parent=706576"}],"wp:term":[{"taxonomy":"product_brand","embeddable":true,"href":"https:\/\/nextsnkr.com\/et\/wp-json\/wp\/v2\/product_brand?post=706576"},{"taxonomy":"product_cat","embeddable":true,"href":"https:\/\/nextsnkr.com\/et\/wp-json\/wp\/v2\/product_cat?post=706576"},{"taxonomy":"product_tag","embeddable":true,"href":"https:\/\/nextsnkr.com\/et\/wp-json\/wp\/v2\/product_tag?post=706576"}],"curies":[{"name":"wp","href":"https:\/\/api.w.org\/{rel}","templated":true}]}}