{"id":706068,"date":"2025-06-14T17:31:10","date_gmt":"2025-06-14T14:31:10","guid":{"rendered":"https:\/\/nextsnkr.com\/product\/short-zip-leather\/"},"modified":"2026-01-30T15:51:22","modified_gmt":"2026-01-30T12:51:22","slug":"short-zip-leather","status":"publish","type":"product","link":"https:\/\/nextsnkr.com\/et\/toode\/short-zip-leather\/","title":{"rendered":"UGG l\u00fchike Zip nahk &#8211; naiste seemisnahast l\u00fchikesed saapad"},"content":{"rendered":"<h2>UGG l\u00fchike Zip nahk &#8211; naiste seemisnahast l\u00fchikesed saapad<\/h2>\n<p>UGG Short Zip Leather-stiilsed ja mugavad naiste saapad, mis on valmistatud kvaliteetsest seemisnahast. Praktilise t\u00f5mblukuga l\u00fchike mudel tagab h\u00f5lpsa jalan\u00f5ude ja eemaldamise, samas kui pehme sisevooder annab k\u00fclmal aastaajal soojust ja mugavust. Klassikaline must v\u00e4rv muudab kingad universaalseks iga v\u00e4limuse jaoks. Ideaalne valik neile, kes hindavad UGG kaubam\u00e4rki, mugavust ja usaldusv\u00e4\u00e4rset kvaliteeti igap\u00e4evases kandmises.<\/p>\n","protected":false},"excerpt":{"rendered":"<p>UGG Short Zip Leather-stiilsed ja mugavad naiste saapad, mis on valmistatud kvaliteetsest seemisnahast. Praktilise t\u00f5mblukuga l\u00fchike mudel tagab h\u00f5lpsa jalan\u00f5ude ja eemaldamise, samas kui pehme sisevooder annab k\u00fclmal aastaajal soojust ja mugavust. Klassikaline must v\u00e4rv muudab kingad universaalseks iga v\u00e4limuse jaoks. Ideaalne valik neile, kes hindavad UGG kaubam\u00e4rki, mugavust ja usaldusv\u00e4\u00e4rset kvaliteeti igap\u00e4evases kandmises.<\/p>\n","protected":false},"featured_media":706069,"comment_status":"open","ping_status":"open","template":"","meta":[],"product_brand":[],"product_cat":[3406,3186],"product_tag":[],"class_list":{"0":"post-706068","1":"product","2":"type-product","3":"status-publish","4":"has-post-thumbnail","6":"product_cat-ugg","7":"product_cat-all-product","8":"pa_rozmir-910","9":"pa_rozmir-912","10":"pa_rozmir-914","11":"pa_rozmir-915","12":"pa_rozmir-916","13":"pa_rozmir-917","14":"pa_rozmir-918","15":"pa_rozmir-919","16":"pa_rozmir-920","17":"pa_rozmir-921","18":"pa_rozmir-922","20":"first","21":"instock","22":"purchasable","23":"product-type-variable"},"_links":{"self":[{"href":"https:\/\/nextsnkr.com\/et\/wp-json\/wp\/v2\/product\/706068","targetHints":{"allow":["GET"]}}],"collection":[{"href":"https:\/\/nextsnkr.com\/et\/wp-json\/wp\/v2\/product"}],"about":[{"href":"https:\/\/nextsnkr.com\/et\/wp-json\/wp\/v2\/types\/product"}],"replies":[{"embeddable":true,"href":"https:\/\/nextsnkr.com\/et\/wp-json\/wp\/v2\/comments?post=706068"}],"version-history":[{"count":0,"href":"https:\/\/nextsnkr.com\/et\/wp-json\/wp\/v2\/product\/706068\/revisions"}],"wp:featuredmedia":[{"embeddable":true,"href":"https:\/\/nextsnkr.com\/et\/wp-json\/wp\/v2\/media\/706069"}],"wp:attachment":[{"href":"https:\/\/nextsnkr.com\/et\/wp-json\/wp\/v2\/media?parent=706068"}],"wp:term":[{"taxonomy":"product_brand","embeddable":true,"href":"https:\/\/nextsnkr.com\/et\/wp-json\/wp\/v2\/product_brand?post=706068"},{"taxonomy":"product_cat","embeddable":true,"href":"https:\/\/nextsnkr.com\/et\/wp-json\/wp\/v2\/product_cat?post=706068"},{"taxonomy":"product_tag","embeddable":true,"href":"https:\/\/nextsnkr.com\/et\/wp-json\/wp\/v2\/product_tag?post=706068"}],"curies":[{"name":"wp","href":"https:\/\/api.w.org\/{rel}","templated":true}]}}