{"id":704540,"date":"2025-06-14T17:36:25","date_gmt":"2025-06-14T14:36:25","guid":{"rendered":"https:\/\/nextsnkr.com\/product\/mini-bailey-bow\/"},"modified":"2026-01-30T15:50:09","modified_gmt":"2026-01-30T12:50:09","slug":"mini-bailey-bow","status":"publish","type":"product","link":"https:\/\/nextsnkr.com\/et\/toode\/mini-bailey-bow\/","title":{"rendered":"UGG Mini Bailey Bow saapad-stiilsed seemisnahast naiste saapad"},"content":{"rendered":"<h2>UGG Mini Bailey Bow saapad-stiilsed seemisnahast naiste saapad<\/h2>\n<p>UGG Mini Bailey Bow saapad on elegantne ja mugav mudel jahedaks hooajaks. Valmistatud kvaliteetsest seemisnahast, pakuvad need soojust ja mugavust kogu p\u00e4eva v\u00e4ltel. Pehme sisetald ja vastupidav tald tagavad k\u00f5ndimise ajal stabiilsuse ja mugavuse. Dekoratiivse vibuga lakooniline disain lisab elegantsi ja muudab mudeli universaalseks iga v\u00e4limuse jaoks. Tootja-Hiina. Valige Ugg Mini Bailey Bow stiili, soojuse ja mugavuse kombinatsiooni jaoks. Kood: U02333-970493.<\/p>\n","protected":false},"excerpt":{"rendered":"<p>UGG Mini Bailey Bow saapad on elegantne ja mugav mudel jahedaks hooajaks. Valmistatud kvaliteetsest seemisnahast, pakuvad need soojust ja mugavust kogu p\u00e4eva v\u00e4ltel. Pehme sisetald ja vastupidav tald tagavad k\u00f5ndimise ajal stabiilsuse ja mugavuse. Dekoratiivse vibuga lakooniline disain lisab elegantsi ja muudab mudeli universaalseks iga v\u00e4limuse jaoks. Tootja-Hiina. Valige Ugg Mini Bailey Bow stiili, soojuse ja mugavuse kombinatsiooni jaoks. Kood: U02333-970493.<\/p>\n","protected":false},"featured_media":704541,"comment_status":"open","ping_status":"open","template":"","meta":[],"product_brand":[],"product_cat":[3406,3186],"product_tag":[],"class_list":{"0":"post-704540","1":"product","2":"type-product","3":"status-publish","4":"has-post-thumbnail","6":"product_cat-ugg","7":"product_cat-all-product","8":"pa_rozmir-910","9":"pa_rozmir-912","10":"pa_rozmir-914","11":"pa_rozmir-915","12":"pa_rozmir-916","13":"pa_rozmir-917","14":"pa_rozmir-918","15":"pa_rozmir-919","16":"pa_rozmir-920","17":"pa_rozmir-921","18":"pa_rozmir-922","20":"first","21":"onbackorder","22":"purchasable","23":"product-type-variable"},"_links":{"self":[{"href":"https:\/\/nextsnkr.com\/et\/wp-json\/wp\/v2\/product\/704540","targetHints":{"allow":["GET"]}}],"collection":[{"href":"https:\/\/nextsnkr.com\/et\/wp-json\/wp\/v2\/product"}],"about":[{"href":"https:\/\/nextsnkr.com\/et\/wp-json\/wp\/v2\/types\/product"}],"replies":[{"embeddable":true,"href":"https:\/\/nextsnkr.com\/et\/wp-json\/wp\/v2\/comments?post=704540"}],"version-history":[{"count":0,"href":"https:\/\/nextsnkr.com\/et\/wp-json\/wp\/v2\/product\/704540\/revisions"}],"wp:featuredmedia":[{"embeddable":true,"href":"https:\/\/nextsnkr.com\/et\/wp-json\/wp\/v2\/media\/704541"}],"wp:attachment":[{"href":"https:\/\/nextsnkr.com\/et\/wp-json\/wp\/v2\/media?parent=704540"}],"wp:term":[{"taxonomy":"product_brand","embeddable":true,"href":"https:\/\/nextsnkr.com\/et\/wp-json\/wp\/v2\/product_brand?post=704540"},{"taxonomy":"product_cat","embeddable":true,"href":"https:\/\/nextsnkr.com\/et\/wp-json\/wp\/v2\/product_cat?post=704540"},{"taxonomy":"product_tag","embeddable":true,"href":"https:\/\/nextsnkr.com\/et\/wp-json\/wp\/v2\/product_tag?post=704540"}],"curies":[{"name":"wp","href":"https:\/\/api.w.org\/{rel}","templated":true}]}}