{"id":703641,"date":"2025-06-14T17:40:04","date_gmt":"2025-06-14T14:40:04","guid":{"rendered":"https:\/\/nextsnkr.com\/product\/marc-jacobs-snapshot-silver-logo\/"},"modified":"2026-01-30T15:49:07","modified_gmt":"2026-01-30T12:49:07","slug":"marc-jacobs-snapshot-silver-logo","status":"publish","type":"product","link":"https:\/\/nextsnkr.com\/et\/toode\/marc-jacobs-snapshot-silver-logo\/","title":{"rendered":"Marc Jacobs Snapshot Silver LOGO kott &#8211; stiilne \u00f6ko-nahk crosbody"},"content":{"rendered":"<h2>Marc Jacobs Snapshot Silver LOGO kott &#8211; stiilne \u00f6ko-nahk crosbody<\/h2>\n<p>Marc Jacobs Snapshot Silver LOGO kott on kompaktne ja moodne \u00f6ko-nahast mudel, mis \u00fchendab stiili ja praktilisuse. Mitmek\u00fclgne h\u00f5bedane v\u00e4rv koos allkirja logoga r\u00f5hutab isikup\u00e4ra ja mugav Vormitegur \u00fcle \u00f5la tagab mugava kandmise. Tugevad materjalid tagavad vastupidavuse ja l\u00e4bim\u00f5eldud disain v\u00f5imaldab mugavalt paigutada k\u00f5ik vajalikud pisiasjad. Ideaalne valik kaasaegsetele naistele, kes hindavad stiili ja kvaliteeti.<\/p>\n","protected":false},"excerpt":{"rendered":"<p>Marc Jacobs Snapshot Silver LOGO kott on kompaktne ja moodne \u00f6ko-nahast mudel, mis \u00fchendab stiili ja praktilisuse. Mitmek\u00fclgne h\u00f5bedane v\u00e4rv koos allkirja logoga r\u00f5hutab isikup\u00e4ra ja mugav Vormitegur \u00fcle \u00f5la tagab mugava kandmise. Tugevad materjalid tagavad vastupidavuse ja l\u00e4bim\u00f5eldud disain v\u00f5imaldab mugavalt paigutada k\u00f5ik vajalikud pisiasjad. Ideaalne valik kaasaegsetele naistele, kes hindavad stiili ja kvaliteeti.<\/p>\n","protected":false},"featured_media":703642,"comment_status":"open","ping_status":"open","template":"","meta":[],"product_brand":[],"product_cat":[3186,3474],"product_tag":[],"class_list":{"0":"post-703641","1":"product","2":"type-product","3":"status-publish","4":"has-post-thumbnail","6":"product_cat-all-product","7":"product_cat-sumky","8":"pa_rozmir-20kh12kh7","10":"first","11":"instock","12":"purchasable","13":"product-type-simple"},"_links":{"self":[{"href":"https:\/\/nextsnkr.com\/et\/wp-json\/wp\/v2\/product\/703641","targetHints":{"allow":["GET"]}}],"collection":[{"href":"https:\/\/nextsnkr.com\/et\/wp-json\/wp\/v2\/product"}],"about":[{"href":"https:\/\/nextsnkr.com\/et\/wp-json\/wp\/v2\/types\/product"}],"replies":[{"embeddable":true,"href":"https:\/\/nextsnkr.com\/et\/wp-json\/wp\/v2\/comments?post=703641"}],"version-history":[{"count":0,"href":"https:\/\/nextsnkr.com\/et\/wp-json\/wp\/v2\/product\/703641\/revisions"}],"wp:featuredmedia":[{"embeddable":true,"href":"https:\/\/nextsnkr.com\/et\/wp-json\/wp\/v2\/media\/703642"}],"wp:attachment":[{"href":"https:\/\/nextsnkr.com\/et\/wp-json\/wp\/v2\/media?parent=703641"}],"wp:term":[{"taxonomy":"product_brand","embeddable":true,"href":"https:\/\/nextsnkr.com\/et\/wp-json\/wp\/v2\/product_brand?post=703641"},{"taxonomy":"product_cat","embeddable":true,"href":"https:\/\/nextsnkr.com\/et\/wp-json\/wp\/v2\/product_cat?post=703641"},{"taxonomy":"product_tag","embeddable":true,"href":"https:\/\/nextsnkr.com\/et\/wp-json\/wp\/v2\/product_tag?post=703641"}],"curies":[{"name":"wp","href":"https:\/\/api.w.org\/{rel}","templated":true}]}}