{"id":703587,"date":"2025-06-14T17:40:23","date_gmt":"2025-06-14T14:40:23","guid":{"rendered":"https:\/\/nextsnkr.com\/product\/marc-jacobs-2\/"},"modified":"2026-01-30T15:48:59","modified_gmt":"2026-01-30T12:48:59","slug":"marc-jacobs-2","status":"publish","type":"product","link":"https:\/\/nextsnkr.com\/et\/toode\/marc-jacobs-2\/","title":{"rendered":"Marc Jacobsi \u00f6konahast ja tekstiilist kott-stiilne naiste mudel"},"content":{"rendered":"<h2>Marc Jacobsi \u00f6konahast ja tekstiilist kott-stiilne naiste mudel<\/h2>\n<p>Marc Jacobsi kott on valmistatud kvaliteetsest \u00f6ko-nahast ja tekstiilist, et tagada vastupidavus ja kaasaegne v\u00e4limus. Avar Sisemaht v\u00f5imaldab teil vajalikke asju mugavalt hoida ja br\u00e4ndi l\u00e4bim\u00f5eldud disain lisab igale v\u00e4limusele elegantsi. Mudel on universaalne igap\u00e4evaseks kasutamiseks, k\u00f5ndimiseks ja t\u00f6\u00f6tamiseks. Esmaklassilise kvaliteedi, mugavuse ja stiilse disaini kombinatsioon muudab selle koti ideaalseks valikuks naistele, kes hindavad Marc Jacobsi mugavust ja kaubam\u00e4rki.<\/p>\n","protected":false},"excerpt":{"rendered":"<p>Marc Jacobsi kott on valmistatud kvaliteetsest \u00f6ko-nahast ja tekstiilist, et tagada vastupidavus ja kaasaegne v\u00e4limus. Avar Sisemaht v\u00f5imaldab teil vajalikke asju mugavalt hoida ja br\u00e4ndi l\u00e4bim\u00f5eldud disain lisab igale v\u00e4limusele elegantsi. Mudel on universaalne igap\u00e4evaseks kasutamiseks, k\u00f5ndimiseks ja t\u00f6\u00f6tamiseks. Esmaklassilise kvaliteedi, mugavuse ja stiilse disaini kombinatsioon muudab selle koti ideaalseks valikuks naistele, kes hindavad Marc Jacobsi mugavust ja kaubam\u00e4rki.<\/p>\n","protected":false},"featured_media":703588,"comment_status":"open","ping_status":"open","template":"","meta":[],"product_brand":[],"product_cat":[3186,3474],"product_tag":[],"class_list":{"0":"post-703587","1":"product","2":"type-product","3":"status-publish","4":"has-post-thumbnail","6":"product_cat-all-product","7":"product_cat-sumky","8":"pa_rozmir-20kh12kh7","10":"first","11":"instock","12":"purchasable","13":"product-type-simple"},"_links":{"self":[{"href":"https:\/\/nextsnkr.com\/et\/wp-json\/wp\/v2\/product\/703587","targetHints":{"allow":["GET"]}}],"collection":[{"href":"https:\/\/nextsnkr.com\/et\/wp-json\/wp\/v2\/product"}],"about":[{"href":"https:\/\/nextsnkr.com\/et\/wp-json\/wp\/v2\/types\/product"}],"replies":[{"embeddable":true,"href":"https:\/\/nextsnkr.com\/et\/wp-json\/wp\/v2\/comments?post=703587"}],"version-history":[{"count":0,"href":"https:\/\/nextsnkr.com\/et\/wp-json\/wp\/v2\/product\/703587\/revisions"}],"wp:featuredmedia":[{"embeddable":true,"href":"https:\/\/nextsnkr.com\/et\/wp-json\/wp\/v2\/media\/703588"}],"wp:attachment":[{"href":"https:\/\/nextsnkr.com\/et\/wp-json\/wp\/v2\/media?parent=703587"}],"wp:term":[{"taxonomy":"product_brand","embeddable":true,"href":"https:\/\/nextsnkr.com\/et\/wp-json\/wp\/v2\/product_brand?post=703587"},{"taxonomy":"product_cat","embeddable":true,"href":"https:\/\/nextsnkr.com\/et\/wp-json\/wp\/v2\/product_cat?post=703587"},{"taxonomy":"product_tag","embeddable":true,"href":"https:\/\/nextsnkr.com\/et\/wp-json\/wp\/v2\/product_tag?post=703587"}],"curies":[{"name":"wp","href":"https:\/\/api.w.org\/{rel}","templated":true}]}}