{"id":703269,"date":"2025-06-14T17:41:06","date_gmt":"2025-06-14T14:41:06","guid":{"rendered":"https:\/\/nextsnkr.com\/product\/converse-chuck-70-classic-low-top-yellow\/"},"modified":"2026-01-30T15:48:45","modified_gmt":"2026-01-30T12:48:45","slug":"converse-chuck-70-classic-low-top-yellow","status":"publish","type":"product","link":"https:\/\/nextsnkr.com\/et\/toode\/converse-chuck-70-classic-low-top-yellow\/","title":{"rendered":"Converse Chuck 70 Classic Low-top Kollane Tossud &#8211; tekstiilist heledad tossud"},"content":{"rendered":"<h2>Converse Chuck 70 Classic Low-top Kollane Tossud &#8211; tekstiilist heledad tossud<\/h2>\n<p>Converse Chuck 70 Classic Low-top Yellow tossud on valmistatud vastupidavast tekstiilist ja kummist tallast, mis tagab mugavuse, kulumiskindluse ja h\u00f5lpsa kandmise. Elav kollane v\u00e4rv lisab v\u00e4limusele energiat ja stiili, muutes tossud iga igap\u00e4evase ilme m\u00e4rgatavaks aktsendiks. Low-top Mudel sobib igap\u00e4evaseks kandmiseks linnas, koolis v\u00f5i jalutusk\u00e4igul. Vietnamis toodetud tossud \u00fchendavad Converse &#8216; i kaubam\u00e4rgi kvaliteedi, kaasaegse disaini ja praktilisuse.<\/p>\n","protected":false},"excerpt":{"rendered":"<p>Converse Chuck 70 Classic Low-top Yellow tossud on valmistatud vastupidavast tekstiilist ja kummist tallast, mis tagab mugavuse, kulumiskindluse ja h\u00f5lpsa kandmise. Elav kollane v\u00e4rv lisab v\u00e4limusele energiat ja stiili, muutes tossud iga igap\u00e4evase ilme m\u00e4rgatavaks aktsendiks. Low-top Mudel sobib igap\u00e4evaseks kandmiseks linnas, koolis v\u00f5i jalutusk\u00e4igul. Vietnamis toodetud tossud \u00fchendavad Converse &#8216; i kaubam\u00e4rgi kvaliteedi, kaasaegse disaini ja praktilisuse.<\/p>\n","protected":false},"featured_media":703270,"comment_status":"open","ping_status":"open","template":"","meta":[],"product_brand":[],"product_cat":[3186,3317],"product_tag":[],"class_list":{"0":"post-703269","1":"product","2":"type-product","3":"status-publish","4":"has-post-thumbnail","6":"product_cat-all-product","7":"product_cat-kedy","8":"pa_rozmir-910","9":"pa_rozmir-912","10":"pa_rozmir-914","11":"pa_rozmir-915","12":"pa_rozmir-916","13":"pa_rozmir-917","14":"pa_rozmir-918","15":"pa_rozmir-919","16":"pa_rozmir-920","17":"pa_rozmir-921","18":"pa_rozmir-922","20":"first","21":"instock","22":"purchasable","23":"product-type-variable"},"_links":{"self":[{"href":"https:\/\/nextsnkr.com\/et\/wp-json\/wp\/v2\/product\/703269","targetHints":{"allow":["GET"]}}],"collection":[{"href":"https:\/\/nextsnkr.com\/et\/wp-json\/wp\/v2\/product"}],"about":[{"href":"https:\/\/nextsnkr.com\/et\/wp-json\/wp\/v2\/types\/product"}],"replies":[{"embeddable":true,"href":"https:\/\/nextsnkr.com\/et\/wp-json\/wp\/v2\/comments?post=703269"}],"version-history":[{"count":0,"href":"https:\/\/nextsnkr.com\/et\/wp-json\/wp\/v2\/product\/703269\/revisions"}],"wp:featuredmedia":[{"embeddable":true,"href":"https:\/\/nextsnkr.com\/et\/wp-json\/wp\/v2\/media\/703270"}],"wp:attachment":[{"href":"https:\/\/nextsnkr.com\/et\/wp-json\/wp\/v2\/media?parent=703269"}],"wp:term":[{"taxonomy":"product_brand","embeddable":true,"href":"https:\/\/nextsnkr.com\/et\/wp-json\/wp\/v2\/product_brand?post=703269"},{"taxonomy":"product_cat","embeddable":true,"href":"https:\/\/nextsnkr.com\/et\/wp-json\/wp\/v2\/product_cat?post=703269"},{"taxonomy":"product_tag","embeddable":true,"href":"https:\/\/nextsnkr.com\/et\/wp-json\/wp\/v2\/product_tag?post=703269"}],"curies":[{"name":"wp","href":"https:\/\/api.w.org\/{rel}","templated":true}]}}