{"id":701573,"date":"2025-06-14T17:46:48","date_gmt":"2025-06-14T14:46:48","guid":{"rendered":"https:\/\/nextsnkr.com\/product\/air-jordan-1-low-purple\/"},"modified":"2026-01-30T15:47:30","modified_gmt":"2026-01-30T12:47:30","slug":"air-jordan-1-low-purple","status":"publish","type":"product","link":"https:\/\/nextsnkr.com\/et\/toode\/air-jordan-1-low-purple\/","title":{"rendered":"Air Jordan 1 Low Purple nahast ja seemisnahast tossud"},"content":{"rendered":"<h2>Air Jordan 1 Low Purple nahast ja seemisnahast tossud<\/h2>\n<p>Stiilsed air Jordan 1 Low Purple tossud on valmistatud kvaliteetse naha ja seemisnaha kombinatsioonist, et pakkuda mugavust, vastupidavust ja esmaklassilist tunnet. Hele lilla disain r\u00f5hutab individuaalset stiili ja sobib h\u00f5lpsasti linnar\u00f5ivastega. Vietnamis toodetud need tossud sobivad ideaalselt igap\u00e4evaseks kandmiseks, aktiivseks eluviisiks ja neile, kes hindavad kaubam\u00e4rgi ikoonilist Air Jordani stiili.<\/p>\n","protected":false},"excerpt":{"rendered":"<p>Stiilsed air Jordan 1 Low Purple tossud on valmistatud kvaliteetse naha ja seemisnaha kombinatsioonist, et pakkuda mugavust, vastupidavust ja esmaklassilist tunnet. Hele lilla disain r\u00f5hutab individuaalset stiili ja sobib h\u00f5lpsasti linnar\u00f5ivastega. Vietnamis toodetud need tossud sobivad ideaalselt igap\u00e4evaseks kandmiseks, aktiivseks eluviisiks ja neile, kes hindavad kaubam\u00e4rgi ikoonilist Air Jordani stiili.<\/p>\n","protected":false},"featured_media":701574,"comment_status":"open","ping_status":"open","template":"","meta":[],"product_brand":[],"product_cat":[3382,3186,3317],"product_tag":[],"class_list":{"0":"post-701573","1":"product","2":"type-product","3":"status-publish","4":"has-post-thumbnail","6":"product_cat-nike-jordan","7":"product_cat-all-product","8":"product_cat-kedy","9":"pa_rozmir-910","10":"pa_rozmir-912","11":"pa_rozmir-914","12":"pa_rozmir-915","13":"pa_rozmir-916","14":"pa_rozmir-917","15":"pa_rozmir-918","16":"pa_rozmir-919","17":"pa_rozmir-920","18":"pa_rozmir-921","19":"pa_rozmir-922","21":"first","22":"onbackorder","23":"purchasable","24":"product-type-variable"},"_links":{"self":[{"href":"https:\/\/nextsnkr.com\/et\/wp-json\/wp\/v2\/product\/701573","targetHints":{"allow":["GET"]}}],"collection":[{"href":"https:\/\/nextsnkr.com\/et\/wp-json\/wp\/v2\/product"}],"about":[{"href":"https:\/\/nextsnkr.com\/et\/wp-json\/wp\/v2\/types\/product"}],"replies":[{"embeddable":true,"href":"https:\/\/nextsnkr.com\/et\/wp-json\/wp\/v2\/comments?post=701573"}],"version-history":[{"count":0,"href":"https:\/\/nextsnkr.com\/et\/wp-json\/wp\/v2\/product\/701573\/revisions"}],"wp:featuredmedia":[{"embeddable":true,"href":"https:\/\/nextsnkr.com\/et\/wp-json\/wp\/v2\/media\/701574"}],"wp:attachment":[{"href":"https:\/\/nextsnkr.com\/et\/wp-json\/wp\/v2\/media?parent=701573"}],"wp:term":[{"taxonomy":"product_brand","embeddable":true,"href":"https:\/\/nextsnkr.com\/et\/wp-json\/wp\/v2\/product_brand?post=701573"},{"taxonomy":"product_cat","embeddable":true,"href":"https:\/\/nextsnkr.com\/et\/wp-json\/wp\/v2\/product_cat?post=701573"},{"taxonomy":"product_tag","embeddable":true,"href":"https:\/\/nextsnkr.com\/et\/wp-json\/wp\/v2\/product_tag?post=701573"}],"curies":[{"name":"wp","href":"https:\/\/api.w.org\/{rel}","templated":true}]}}