{"id":700558,"date":"2025-06-14T17:50:17","date_gmt":"2025-06-14T14:50:17","guid":{"rendered":"https:\/\/nextsnkr.com\/product\/air-jordan-retro-high-black-white\/"},"modified":"2026-01-30T15:46:43","modified_gmt":"2026-01-30T12:46:43","slug":"air-jordan-retro-high-black-white","status":"publish","type":"product","link":"https:\/\/nextsnkr.com\/et\/toode\/air-jordan-retro-high-black-white\/","title":{"rendered":"Air Jordan Retro high Black \/ White tossud &#8211; nahast k\u00f5rged"},"content":{"rendered":"<h2>Air Jordan Retro high Black \/ White tossud &#8211; nahast k\u00f5rged<\/h2>\n<p>Air Jordan Retro high Black \/ White tossud on klassikaline k\u00f5rge l\u00f5ikega nahast mudel, mis \u00fchendab stiili, mugavuse ja vastupidavuse. Kontrastne mustvalge v\u00e4rvikombinatsioon lisab v\u00e4limusele erksust ja muudab tossud mitmek\u00fclgseks erinevate stiilide jaoks. Tugevad materjalid ja kvaliteetne vietnami tootmine tagavad usaldusv\u00e4\u00e4rse istuvuse ja pika kasutusea. Valige Air Jordan Retro High aktiivse elu ja stiilse vabaaja v\u00e4ljan\u00e4gemise jaoks.<\/p>\n","protected":false},"excerpt":{"rendered":"<p>Air Jordan Retro high Black \/ White tossud on klassikaline k\u00f5rge l\u00f5ikega nahast mudel, mis \u00fchendab stiili, mugavuse ja vastupidavuse. Kontrastne mustvalge v\u00e4rvikombinatsioon lisab v\u00e4limusele erksust ja muudab tossud mitmek\u00fclgseks erinevate stiilide jaoks. Tugevad materjalid ja kvaliteetne vietnami tootmine tagavad usaldusv\u00e4\u00e4rse istuvuse ja pika kasutusea. Valige Air Jordan Retro High aktiivse elu ja stiilse vabaaja v\u00e4ljan\u00e4gemise jaoks.<\/p>\n","protected":false},"featured_media":700559,"comment_status":"open","ping_status":"open","template":"","meta":[],"product_brand":[],"product_cat":[3382,3186,3317],"product_tag":[],"class_list":{"0":"post-700558","1":"product","2":"type-product","3":"status-publish","4":"has-post-thumbnail","6":"product_cat-nike-jordan","7":"product_cat-all-product","8":"product_cat-kedy","9":"pa_rozmir-910","10":"pa_rozmir-912","11":"pa_rozmir-914","12":"pa_rozmir-915","13":"pa_rozmir-916","14":"pa_rozmir-917","15":"pa_rozmir-918","16":"pa_rozmir-919","17":"pa_rozmir-920","18":"pa_rozmir-921","19":"pa_rozmir-922","21":"first","22":"onbackorder","23":"purchasable","24":"product-type-variable"},"_links":{"self":[{"href":"https:\/\/nextsnkr.com\/et\/wp-json\/wp\/v2\/product\/700558","targetHints":{"allow":["GET"]}}],"collection":[{"href":"https:\/\/nextsnkr.com\/et\/wp-json\/wp\/v2\/product"}],"about":[{"href":"https:\/\/nextsnkr.com\/et\/wp-json\/wp\/v2\/types\/product"}],"replies":[{"embeddable":true,"href":"https:\/\/nextsnkr.com\/et\/wp-json\/wp\/v2\/comments?post=700558"}],"version-history":[{"count":0,"href":"https:\/\/nextsnkr.com\/et\/wp-json\/wp\/v2\/product\/700558\/revisions"}],"wp:featuredmedia":[{"embeddable":true,"href":"https:\/\/nextsnkr.com\/et\/wp-json\/wp\/v2\/media\/700559"}],"wp:attachment":[{"href":"https:\/\/nextsnkr.com\/et\/wp-json\/wp\/v2\/media?parent=700558"}],"wp:term":[{"taxonomy":"product_brand","embeddable":true,"href":"https:\/\/nextsnkr.com\/et\/wp-json\/wp\/v2\/product_brand?post=700558"},{"taxonomy":"product_cat","embeddable":true,"href":"https:\/\/nextsnkr.com\/et\/wp-json\/wp\/v2\/product_cat?post=700558"},{"taxonomy":"product_tag","embeddable":true,"href":"https:\/\/nextsnkr.com\/et\/wp-json\/wp\/v2\/product_tag?post=700558"}],"curies":[{"name":"wp","href":"https:\/\/api.w.org\/{rel}","templated":true}]}}