{"id":698338,"date":"2025-06-14T19:46:35","date_gmt":"2025-06-14T16:46:35","guid":{"rendered":"https:\/\/nextsnkr.com\/product\/air-jordan-all-white\/"},"modified":"2026-01-30T15:45:06","modified_gmt":"2026-01-30T12:45:06","slug":"air-jordan-all-white","status":"publish","type":"product","link":"https:\/\/nextsnkr.com\/et\/toode\/air-jordan-all-white\/","title":{"rendered":"Air Jordan all white tossud-stiilne ja mitmek\u00fclgne"},"content":{"rendered":"<h2>Air Jordan all white tossud-stiilne ja mitmek\u00fclgne<\/h2>\n<p>Air Jordan all white tossud on valmistatud kvaliteetsest j006 materjalist, mis tagab jala mugavuse, vastupidavuse ja toe. \u00dcleni valge disain lisab mitmek\u00fclgsust ja sulandub sujuvalt mis tahes v\u00e4limusega, r\u00f5hutades Air Jordani kaasaegset stiili ja kaubam\u00e4rki. Kerge tald pakub pehmendust ja mugavust igap\u00e4evaseks kasutamiseks. Vietnamis toodetud tossud on usaldusv\u00e4\u00e4rne ja moodne valik aktiivseks linnaeluks.<\/p>\n","protected":false},"excerpt":{"rendered":"<p>Air Jordan all white tossud on valmistatud kvaliteetsest j006 materjalist, mis tagab jala mugavuse, vastupidavuse ja toe. \u00dcleni valge disain lisab mitmek\u00fclgsust ja sulandub sujuvalt mis tahes v\u00e4limusega, r\u00f5hutades Air Jordani kaasaegset stiili ja kaubam\u00e4rki. Kerge tald pakub pehmendust ja mugavust igap\u00e4evaseks kasutamiseks. Vietnamis toodetud tossud on usaldusv\u00e4\u00e4rne ja moodne valik aktiivseks linnaeluks.<\/p>\n","protected":false},"featured_media":698339,"comment_status":"open","ping_status":"open","template":"","meta":[],"product_brand":[],"product_cat":[3382,3186,3317],"product_tag":[],"class_list":{"0":"post-698338","1":"product","2":"type-product","3":"status-publish","4":"has-post-thumbnail","6":"product_cat-nike-jordan","7":"product_cat-all-product","8":"product_cat-kedy","9":"pa_rozmir-910","10":"pa_rozmir-912","11":"pa_rozmir-914","12":"pa_rozmir-915","13":"pa_rozmir-916","14":"pa_rozmir-917","15":"pa_rozmir-918","16":"pa_rozmir-919","17":"pa_rozmir-920","18":"pa_rozmir-921","19":"pa_rozmir-922","21":"first","22":"instock","23":"purchasable","24":"product-type-variable"},"_links":{"self":[{"href":"https:\/\/nextsnkr.com\/et\/wp-json\/wp\/v2\/product\/698338","targetHints":{"allow":["GET"]}}],"collection":[{"href":"https:\/\/nextsnkr.com\/et\/wp-json\/wp\/v2\/product"}],"about":[{"href":"https:\/\/nextsnkr.com\/et\/wp-json\/wp\/v2\/types\/product"}],"replies":[{"embeddable":true,"href":"https:\/\/nextsnkr.com\/et\/wp-json\/wp\/v2\/comments?post=698338"}],"version-history":[{"count":0,"href":"https:\/\/nextsnkr.com\/et\/wp-json\/wp\/v2\/product\/698338\/revisions"}],"wp:featuredmedia":[{"embeddable":true,"href":"https:\/\/nextsnkr.com\/et\/wp-json\/wp\/v2\/media\/698339"}],"wp:attachment":[{"href":"https:\/\/nextsnkr.com\/et\/wp-json\/wp\/v2\/media?parent=698338"}],"wp:term":[{"taxonomy":"product_brand","embeddable":true,"href":"https:\/\/nextsnkr.com\/et\/wp-json\/wp\/v2\/product_brand?post=698338"},{"taxonomy":"product_cat","embeddable":true,"href":"https:\/\/nextsnkr.com\/et\/wp-json\/wp\/v2\/product_cat?post=698338"},{"taxonomy":"product_tag","embeddable":true,"href":"https:\/\/nextsnkr.com\/et\/wp-json\/wp\/v2\/product_tag?post=698338"}],"curies":[{"name":"wp","href":"https:\/\/api.w.org\/{rel}","templated":true}]}}