{"id":698036,"date":"2025-06-16T21:43:32","date_gmt":"2025-06-16T18:43:32","guid":{"rendered":"https:\/\/nextsnkr.com\/product\/nike-air-jordan-1-retro-high-silver-toe\/"},"modified":"2026-01-30T15:44:52","modified_gmt":"2026-01-30T12:44:52","slug":"nike-air-jordan-1-retro-high-silver-toe","status":"publish","type":"product","link":"https:\/\/nextsnkr.com\/et\/toode\/nike-air-jordan-1-retro-high-silver-toe\/","title":{"rendered":"Nike Air Jordan tossud 1 Retro k\u00f5rge h\u00f5bedane Varvas nahk"},"content":{"rendered":"<h2>Nike Air Jordan tossud 1 Retro k\u00f5rge h\u00f5bedane Varvas nahk<\/h2>\n<p>Klassikalised Nike Air Jordan 1 Retro High Silver Toe tossud on valmistatud ehtsast nahast, millel on vastupidav kummist tald mugavuse ja stabiilsuse tagamiseks. Mudelil on stiilne h\u00f5bedane sokk ja esmaklassiline varustus: must Nike Jordani karp, pakkepaber, Stock x komplekt, pannal ja Nike plastkaart. Vietnamis toodetud tossud kaaluvad 786 g ja \u00fchendavad Nike kaubam\u00e4rgi legendaarse disaini kvaliteedi ja praktilisusega igap\u00e4evaseks kandmiseks.<\/p>\n","protected":false},"excerpt":{"rendered":"<p>Klassikalised Nike Air Jordan 1 Retro High Silver Toe tossud on valmistatud ehtsast nahast, millel on vastupidav kummist tald mugavuse ja stabiilsuse tagamiseks. Mudelil on stiilne h\u00f5bedane sokk ja esmaklassiline varustus: must Nike Jordani karp, pakkepaber, Stock x komplekt, pannal ja Nike plastkaart. Vietnamis toodetud tossud kaaluvad 786 g ja \u00fchendavad Nike kaubam\u00e4rgi legendaarse disaini kvaliteedi ja praktilisusega igap\u00e4evaseks kandmiseks.<\/p>\n","protected":false},"featured_media":698039,"comment_status":"open","ping_status":"open","template":"","meta":[],"product_brand":[],"product_cat":[3382,3186,3317],"product_tag":[],"class_list":{"0":"post-698036","1":"product","2":"type-product","3":"status-publish","4":"has-post-thumbnail","6":"product_cat-nike-jordan","7":"product_cat-all-product","8":"product_cat-kedy","9":"pa_rozmir-910","10":"pa_rozmir-912","11":"pa_rozmir-914","12":"pa_rozmir-915","13":"pa_rozmir-916","14":"pa_rozmir-917","15":"pa_rozmir-918","16":"pa_rozmir-919","17":"pa_rozmir-920","18":"pa_rozmir-921","19":"pa_rozmir-922","21":"first","22":"onbackorder","23":"purchasable","24":"product-type-variable"},"_links":{"self":[{"href":"https:\/\/nextsnkr.com\/et\/wp-json\/wp\/v2\/product\/698036","targetHints":{"allow":["GET"]}}],"collection":[{"href":"https:\/\/nextsnkr.com\/et\/wp-json\/wp\/v2\/product"}],"about":[{"href":"https:\/\/nextsnkr.com\/et\/wp-json\/wp\/v2\/types\/product"}],"replies":[{"embeddable":true,"href":"https:\/\/nextsnkr.com\/et\/wp-json\/wp\/v2\/comments?post=698036"}],"version-history":[{"count":0,"href":"https:\/\/nextsnkr.com\/et\/wp-json\/wp\/v2\/product\/698036\/revisions"}],"wp:featuredmedia":[{"embeddable":true,"href":"https:\/\/nextsnkr.com\/et\/wp-json\/wp\/v2\/media\/698039"}],"wp:attachment":[{"href":"https:\/\/nextsnkr.com\/et\/wp-json\/wp\/v2\/media?parent=698036"}],"wp:term":[{"taxonomy":"product_brand","embeddable":true,"href":"https:\/\/nextsnkr.com\/et\/wp-json\/wp\/v2\/product_brand?post=698036"},{"taxonomy":"product_cat","embeddable":true,"href":"https:\/\/nextsnkr.com\/et\/wp-json\/wp\/v2\/product_cat?post=698036"},{"taxonomy":"product_tag","embeddable":true,"href":"https:\/\/nextsnkr.com\/et\/wp-json\/wp\/v2\/product_tag?post=698036"}],"curies":[{"name":"wp","href":"https:\/\/api.w.org\/{rel}","templated":true}]}}