{"id":696811,"date":"2025-06-16T21:46:43","date_gmt":"2025-06-16T18:46:43","guid":{"rendered":"https:\/\/nextsnkr.com\/product\/nike-air-jordan-1-mid-se-asw-carbon-fiber\/"},"modified":"2026-01-30T15:43:56","modified_gmt":"2026-01-30T12:43:56","slug":"nike-air-jordan-1-mid-se-asw-carbon-fiber","status":"publish","type":"product","link":"https:\/\/nextsnkr.com\/et\/toode\/nike-air-jordan-1-mid-se-asw-carbon-fiber\/","title":{"rendered":"Nike Air Jordan 1 Mid SE ASW s\u00fcsinikkiust tossud &#8211; meeste lakitud"},"content":{"rendered":"<h2>Nike Air Jordan 1 Mid SE ASW s\u00fcsinikkiust tossud &#8211; meeste lakitud<\/h2>\n<p>Nike Air Jordan 1 Mid SE ASW Carbon Fiber \u2014 stiilsed lakknahast meeste tossud, mis \u00fchendavad mugavuse, vastupidavuse ja kaasaegse disaini. Mudel on varustatud pehmendava vahtmaterjalist ja kulumiskindlast kummist tallaga, mis tagab mugavuse k\u00f5ndimisel ja vastupidavuse. Komplektis on kast Jordan, t\u00e4iendavad kingapaelad ja originaalsust t\u00f5endavad dokumendid. Tootmine Vietnamis tagab materjalide k\u00f5rge kvaliteedi. Valige Nike Air Jordan 1 Mid SE ASW Carbon Fiber, et saada stiilne ja mugav v\u00e4limus iga p\u00e4ev.<\/p>\n","protected":false},"excerpt":{"rendered":"<p>Nike Air Jordan 1 Mid SE ASW Carbon Fiber \u2014 stiilsed lakknahast meeste tossud, mis \u00fchendavad mugavuse, vastupidavuse ja kaasaegse disaini. Mudel on varustatud pehmendava vahtmaterjalist ja kulumiskindlast kummist tallaga, mis tagab mugavuse k\u00f5ndimisel ja vastupidavuse. Komplektis on kast Jordan, t\u00e4iendavad kingapaelad ja originaalsust t\u00f5endavad dokumendid. Tootmine Vietnamis tagab materjalide k\u00f5rge kvaliteedi. Valige Nike Air Jordan 1 Mid SE ASW Carbon Fiber, et saada stiilne ja mugav v\u00e4limus iga p\u00e4ev.<\/p>\n","protected":false},"featured_media":696812,"comment_status":"open","ping_status":"open","template":"","meta":[],"product_brand":[],"product_cat":[3382,3186,3317],"product_tag":[],"class_list":{"0":"post-696811","1":"product","2":"type-product","3":"status-publish","4":"has-post-thumbnail","6":"product_cat-nike-jordan","7":"product_cat-all-product","8":"product_cat-kedy","9":"pa_rozmir-910","10":"pa_rozmir-912","11":"pa_rozmir-914","12":"pa_rozmir-915","13":"pa_rozmir-916","14":"pa_rozmir-917","15":"pa_rozmir-918","16":"pa_rozmir-919","17":"pa_rozmir-920","18":"pa_rozmir-921","19":"pa_rozmir-922","21":"first","22":"onbackorder","23":"purchasable","24":"product-type-variable"},"_links":{"self":[{"href":"https:\/\/nextsnkr.com\/et\/wp-json\/wp\/v2\/product\/696811","targetHints":{"allow":["GET"]}}],"collection":[{"href":"https:\/\/nextsnkr.com\/et\/wp-json\/wp\/v2\/product"}],"about":[{"href":"https:\/\/nextsnkr.com\/et\/wp-json\/wp\/v2\/types\/product"}],"replies":[{"embeddable":true,"href":"https:\/\/nextsnkr.com\/et\/wp-json\/wp\/v2\/comments?post=696811"}],"version-history":[{"count":0,"href":"https:\/\/nextsnkr.com\/et\/wp-json\/wp\/v2\/product\/696811\/revisions"}],"wp:featuredmedia":[{"embeddable":true,"href":"https:\/\/nextsnkr.com\/et\/wp-json\/wp\/v2\/media\/696812"}],"wp:attachment":[{"href":"https:\/\/nextsnkr.com\/et\/wp-json\/wp\/v2\/media?parent=696811"}],"wp:term":[{"taxonomy":"product_brand","embeddable":true,"href":"https:\/\/nextsnkr.com\/et\/wp-json\/wp\/v2\/product_brand?post=696811"},{"taxonomy":"product_cat","embeddable":true,"href":"https:\/\/nextsnkr.com\/et\/wp-json\/wp\/v2\/product_cat?post=696811"},{"taxonomy":"product_tag","embeddable":true,"href":"https:\/\/nextsnkr.com\/et\/wp-json\/wp\/v2\/product_tag?post=696811"}],"curies":[{"name":"wp","href":"https:\/\/api.w.org\/{rel}","templated":true}]}}