{"id":695696,"date":"2025-06-16T21:51:30","date_gmt":"2025-06-16T18:51:30","guid":{"rendered":"https:\/\/nextsnkr.com\/product\/nike-air-jordan-4-retro-a-ma-maniere-violet-ore\/"},"modified":"2026-01-30T15:43:10","modified_gmt":"2026-01-30T12:43:10","slug":"nike-air-jordan-4-retro-a-ma-maniere-violet-ore","status":"publish","type":"product","link":"https:\/\/nextsnkr.com\/et\/toode\/nike-air-jordan-4-retro-a-ma-maniere-violet-ore\/","title":{"rendered":"Nike Air Jordan 4 Retro A Ma Maniere Violet tossud &#8211; nahast K\u00f5rge"},"content":{"rendered":"<h2>Nike Air Jordan 4 Retro A Ma Maniere Violet tossud &#8211; nahast K\u00f5rge<\/h2>\n<p>Nike Air Jordan 4 Retro A Ma Maniere Violet tossud on stiilne ehtsast nahast mudel, mis on loodud mugavuse ja vastupidavuse tagamiseks. K\u00f5rge profiil pakub pahkluu tuge ja nutikas disain koos lillade aktsentidega lisab v\u00e4limusele ainulaadsust. Vietnamis toodetud tossud eristuvad materjalide kvaliteedist ja detailide t\u00e4psest teostamisest. Nike Air Jordan 4 Retro A Ma Maniere Violet on ideaalne valik neile, kes hindavad stiili, mugavust ja kaasaegset sportlikku v\u00e4limust.<\/p>\n","protected":false},"excerpt":{"rendered":"<p>Nike Air Jordan 4 Retro A Ma Maniere Violet tossud on stiilne ehtsast nahast mudel, mis on loodud mugavuse ja vastupidavuse tagamiseks. K\u00f5rge profiil pakub pahkluu tuge ja nutikas disain koos lillade aktsentidega lisab v\u00e4limusele ainulaadsust. Vietnamis toodetud tossud eristuvad materjalide kvaliteedist ja detailide t\u00e4psest teostamisest. Nike Air Jordan 4 Retro A Ma Maniere Violet on ideaalne valik neile, kes hindavad stiili, mugavust ja kaasaegset sportlikku v\u00e4limust.<\/p>\n","protected":false},"featured_media":695699,"comment_status":"open","ping_status":"open","template":"","meta":[],"product_brand":[],"product_cat":[3382,3186,3187],"product_tag":[],"class_list":{"0":"post-695696","1":"product","2":"type-product","3":"status-publish","4":"has-post-thumbnail","6":"product_cat-nike-jordan","7":"product_cat-all-product","8":"product_cat-krosivky","9":"pa_rozmir-910","10":"pa_rozmir-912","11":"pa_rozmir-914","12":"pa_rozmir-915","13":"pa_rozmir-916","14":"pa_rozmir-917","15":"pa_rozmir-918","16":"pa_rozmir-919","17":"pa_rozmir-920","18":"pa_rozmir-921","19":"pa_rozmir-922","21":"first","22":"onbackorder","23":"purchasable","24":"product-type-variable"},"_links":{"self":[{"href":"https:\/\/nextsnkr.com\/et\/wp-json\/wp\/v2\/product\/695696","targetHints":{"allow":["GET"]}}],"collection":[{"href":"https:\/\/nextsnkr.com\/et\/wp-json\/wp\/v2\/product"}],"about":[{"href":"https:\/\/nextsnkr.com\/et\/wp-json\/wp\/v2\/types\/product"}],"replies":[{"embeddable":true,"href":"https:\/\/nextsnkr.com\/et\/wp-json\/wp\/v2\/comments?post=695696"}],"version-history":[{"count":0,"href":"https:\/\/nextsnkr.com\/et\/wp-json\/wp\/v2\/product\/695696\/revisions"}],"wp:featuredmedia":[{"embeddable":true,"href":"https:\/\/nextsnkr.com\/et\/wp-json\/wp\/v2\/media\/695699"}],"wp:attachment":[{"href":"https:\/\/nextsnkr.com\/et\/wp-json\/wp\/v2\/media?parent=695696"}],"wp:term":[{"taxonomy":"product_brand","embeddable":true,"href":"https:\/\/nextsnkr.com\/et\/wp-json\/wp\/v2\/product_brand?post=695696"},{"taxonomy":"product_cat","embeddable":true,"href":"https:\/\/nextsnkr.com\/et\/wp-json\/wp\/v2\/product_cat?post=695696"},{"taxonomy":"product_tag","embeddable":true,"href":"https:\/\/nextsnkr.com\/et\/wp-json\/wp\/v2\/product_tag?post=695696"}],"curies":[{"name":"wp","href":"https:\/\/api.w.org\/{rel}","templated":true}]}}