{"id":694946,"date":"2025-06-18T19:23:32","date_gmt":"2025-06-18T16:23:32","guid":{"rendered":"https:\/\/nextsnkr.com\/product\/trainer-sneaker\/"},"modified":"2026-01-30T15:42:27","modified_gmt":"2026-01-30T12:42:27","slug":"trainer-sneaker","status":"publish","type":"product","link":"https:\/\/nextsnkr.com\/et\/toode\/trainer-sneaker\/","title":{"rendered":"Trainer Sneaker tossud-stiilsed nahast tossud igap\u00e4evaseks kandmiseks"},"content":{"rendered":"<h2>Trainer Sneaker tossud-stiilsed nahast tossud igap\u00e4evaseks kandmiseks<\/h2>\n<p>Stiilsed Trainer Sneaker tossud on valmistatud ehtsast nahast, mis tagab vastupidavuse, mugavuse ja pika kasutusea. Klassikaline disain sobib h\u00f5lpsasti vabaajar\u00f5ivastega ning l\u00e4bim\u00f5eldud tald tagab pehmenduse ja mugavuse aktiivsel p\u00e4eval. Kerge ja vastupidav konstruktsioon muudab need tossud ideaalseks valikuks linnas\u00f5iduks, t\u00f6\u00f6ks v\u00f5i sportlikuks stiiliks. Ideaalne neile, kes hindavad kvaliteeti, mugavust ja kaasaegset disaini.<\/p>\n","protected":false},"excerpt":{"rendered":"<p>Stiilsed Trainer Sneaker tossud on valmistatud ehtsast nahast, mis tagab vastupidavuse, mugavuse ja pika kasutusea. Klassikaline disain sobib h\u00f5lpsasti vabaajar\u00f5ivastega ning l\u00e4bim\u00f5eldud tald tagab pehmenduse ja mugavuse aktiivsel p\u00e4eval. Kerge ja vastupidav konstruktsioon muudab need tossud ideaalseks valikuks linnas\u00f5iduks, t\u00f6\u00f6ks v\u00f5i sportlikuks stiiliks. Ideaalne neile, kes hindavad kvaliteeti, mugavust ja kaasaegset disaini.<\/p>\n","protected":false},"featured_media":694947,"comment_status":"open","ping_status":"open","template":"","meta":[],"product_brand":[],"product_cat":[3186,3317],"product_tag":[],"class_list":{"0":"post-694946","1":"product","2":"type-product","3":"status-publish","4":"has-post-thumbnail","6":"product_cat-all-product","7":"product_cat-kedy","8":"pa_rozmir-910","9":"pa_rozmir-912","10":"pa_rozmir-914","11":"pa_rozmir-915","12":"pa_rozmir-916","13":"pa_rozmir-917","14":"pa_rozmir-918","15":"pa_rozmir-919","16":"pa_rozmir-920","17":"pa_rozmir-921","18":"pa_rozmir-922","20":"first","21":"instock","22":"purchasable","23":"product-type-variable"},"_links":{"self":[{"href":"https:\/\/nextsnkr.com\/et\/wp-json\/wp\/v2\/product\/694946","targetHints":{"allow":["GET"]}}],"collection":[{"href":"https:\/\/nextsnkr.com\/et\/wp-json\/wp\/v2\/product"}],"about":[{"href":"https:\/\/nextsnkr.com\/et\/wp-json\/wp\/v2\/types\/product"}],"replies":[{"embeddable":true,"href":"https:\/\/nextsnkr.com\/et\/wp-json\/wp\/v2\/comments?post=694946"}],"version-history":[{"count":0,"href":"https:\/\/nextsnkr.com\/et\/wp-json\/wp\/v2\/product\/694946\/revisions"}],"wp:featuredmedia":[{"embeddable":true,"href":"https:\/\/nextsnkr.com\/et\/wp-json\/wp\/v2\/media\/694947"}],"wp:attachment":[{"href":"https:\/\/nextsnkr.com\/et\/wp-json\/wp\/v2\/media?parent=694946"}],"wp:term":[{"taxonomy":"product_brand","embeddable":true,"href":"https:\/\/nextsnkr.com\/et\/wp-json\/wp\/v2\/product_brand?post=694946"},{"taxonomy":"product_cat","embeddable":true,"href":"https:\/\/nextsnkr.com\/et\/wp-json\/wp\/v2\/product_cat?post=694946"},{"taxonomy":"product_tag","embeddable":true,"href":"https:\/\/nextsnkr.com\/et\/wp-json\/wp\/v2\/product_tag?post=694946"}],"curies":[{"name":"wp","href":"https:\/\/api.w.org\/{rel}","templated":true}]}}