{"id":693901,"date":"2025-06-16T21:56:22","date_gmt":"2025-06-16T18:56:22","guid":{"rendered":"https:\/\/nextsnkr.com\/product\/nike-air-jordan-4-retro-fire-red\/"},"modified":"2026-01-30T15:41:38","modified_gmt":"2026-01-30T12:41:38","slug":"nike-air-jordan-4-retro-fire-red","status":"publish","type":"product","link":"https:\/\/nextsnkr.com\/et\/toode\/nike-air-jordan-4-retro-fire-red\/","title":{"rendered":"Nike Air Jordan 4 Retro Fire Red tossud-nahast meeste Premium"},"content":{"rendered":"<h2>Nike Air Jordan 4 Retro Fire Red tossud-nahast meeste Premium<\/h2>\n<p>Nike Air Jordan 4 Retro Fire Red tossud on valmistatud ehtsast nahast ja varustatud vahtmaterjalist tallaga, millel on \u00f5hukamber ja kulumiskindel kumm, et tagada kindel pehmendus. Fire Red &#8216; i silmatorkav punane varjund muudab mudeli v\u00e4limuse m\u00e4rgatavaks aktsendiks ja t\u00f5stab esile kandja stiili. Ideaalne demihooaja kandmiseks, tossud pakuvad mugavust, stabiilsust ja vastupidavust. Valmistatud Vietnamis, \u00fchendavad nad Nike kaubam\u00e4rgi esmaklassilise kvaliteedi kaasaegse disaini ja praktilisusega linnaelu jaoks.<\/p>\n","protected":false},"excerpt":{"rendered":"<p>Nike Air Jordan 4 Retro Fire Red tossud on valmistatud ehtsast nahast ja varustatud vahtmaterjalist tallaga, millel on \u00f5hukamber ja kulumiskindel kumm, et tagada kindel pehmendus. Fire Red &#8216; i silmatorkav punane varjund muudab mudeli v\u00e4limuse m\u00e4rgatavaks aktsendiks ja t\u00f5stab esile kandja stiili. Ideaalne demihooaja kandmiseks, tossud pakuvad mugavust, stabiilsust ja vastupidavust. Valmistatud Vietnamis, \u00fchendavad nad Nike kaubam\u00e4rgi esmaklassilise kvaliteedi kaasaegse disaini ja praktilisusega linnaelu jaoks.<\/p>\n","protected":false},"featured_media":693902,"comment_status":"open","ping_status":"open","template":"","meta":[],"product_brand":[],"product_cat":[3382,3186,3187],"product_tag":[],"class_list":{"0":"post-693901","1":"product","2":"type-product","3":"status-publish","4":"has-post-thumbnail","6":"product_cat-nike-jordan","7":"product_cat-all-product","8":"product_cat-krosivky","9":"pa_rozmir-910","10":"pa_rozmir-912","11":"pa_rozmir-914","12":"pa_rozmir-915","13":"pa_rozmir-916","14":"pa_rozmir-917","15":"pa_rozmir-918","16":"pa_rozmir-919","17":"pa_rozmir-920","18":"pa_rozmir-921","19":"pa_rozmir-922","21":"first","22":"onbackorder","23":"purchasable","24":"product-type-variable"},"_links":{"self":[{"href":"https:\/\/nextsnkr.com\/et\/wp-json\/wp\/v2\/product\/693901","targetHints":{"allow":["GET"]}}],"collection":[{"href":"https:\/\/nextsnkr.com\/et\/wp-json\/wp\/v2\/product"}],"about":[{"href":"https:\/\/nextsnkr.com\/et\/wp-json\/wp\/v2\/types\/product"}],"replies":[{"embeddable":true,"href":"https:\/\/nextsnkr.com\/et\/wp-json\/wp\/v2\/comments?post=693901"}],"version-history":[{"count":0,"href":"https:\/\/nextsnkr.com\/et\/wp-json\/wp\/v2\/product\/693901\/revisions"}],"wp:featuredmedia":[{"embeddable":true,"href":"https:\/\/nextsnkr.com\/et\/wp-json\/wp\/v2\/media\/693902"}],"wp:attachment":[{"href":"https:\/\/nextsnkr.com\/et\/wp-json\/wp\/v2\/media?parent=693901"}],"wp:term":[{"taxonomy":"product_brand","embeddable":true,"href":"https:\/\/nextsnkr.com\/et\/wp-json\/wp\/v2\/product_brand?post=693901"},{"taxonomy":"product_cat","embeddable":true,"href":"https:\/\/nextsnkr.com\/et\/wp-json\/wp\/v2\/product_cat?post=693901"},{"taxonomy":"product_tag","embeddable":true,"href":"https:\/\/nextsnkr.com\/et\/wp-json\/wp\/v2\/product_tag?post=693901"}],"curies":[{"name":"wp","href":"https:\/\/api.w.org\/{rel}","templated":true}]}}