{"id":691676,"date":"2025-06-18T19:32:34","date_gmt":"2025-06-18T16:32:34","guid":{"rendered":"https:\/\/nextsnkr.com\/product\/nike-slides-white\/"},"modified":"2026-01-30T15:39:19","modified_gmt":"2026-01-30T12:39:19","slug":"nike-slides-white","status":"publish","type":"product","link":"https:\/\/nextsnkr.com\/et\/toode\/nike-slides-white\/","title":{"rendered":"Nike Slides White sussid mugavuse ja igap\u00e4evase kasutamise jaoks"},"content":{"rendered":"<h2>Nike Slides White sussid mugavuse ja igap\u00e4evase kasutamise jaoks<\/h2>\n<p>Kerged ja mugavad Nike Slides White Sussid on valmistatud pehmest vahust, mis pakub k\u00f5ndimisel mugavust ja pehmendust. Need tahvlid, mis sobivad ideaalselt koju, randa v\u00f5i basseini, \u00fchendavad Nike kaubam\u00e4rgi kvaliteedi ja stiilse, minimalistliku disaini. Praktiline, kerge ja vastupidav \u2013 optimaalne valik aktiivseks puhkuseks ja igap\u00e4evaseks kandmiseks.<\/p>\n","protected":false},"excerpt":{"rendered":"<p>Kerged ja mugavad Nike Slides White Sussid on valmistatud pehmest vahust, mis pakub k\u00f5ndimisel mugavust ja pehmendust. Need tahvlid, mis sobivad ideaalselt koju, randa v\u00f5i basseini, \u00fchendavad Nike kaubam\u00e4rgi kvaliteedi ja stiilse, minimalistliku disaini. Praktiline, kerge ja vastupidav \u2013 optimaalne valik aktiivseks puhkuseks ja igap\u00e4evaseks kandmiseks.<\/p>\n","protected":false},"featured_media":691679,"comment_status":"open","ping_status":"open","template":"","meta":[],"product_brand":[],"product_cat":[3186,3419],"product_tag":[],"class_list":{"0":"post-691676","1":"product","2":"type-product","3":"status-publish","4":"has-post-thumbnail","6":"product_cat-all-product","7":"product_cat-shlopantsi","8":"pa_rozmir-910","9":"pa_rozmir-912","10":"pa_rozmir-914","11":"pa_rozmir-915","12":"pa_rozmir-916","13":"pa_rozmir-917","14":"pa_rozmir-918","15":"pa_rozmir-919","16":"pa_rozmir-920","17":"pa_rozmir-921","18":"pa_rozmir-922","20":"first","21":"instock","22":"purchasable","23":"product-type-variable"},"_links":{"self":[{"href":"https:\/\/nextsnkr.com\/et\/wp-json\/wp\/v2\/product\/691676","targetHints":{"allow":["GET"]}}],"collection":[{"href":"https:\/\/nextsnkr.com\/et\/wp-json\/wp\/v2\/product"}],"about":[{"href":"https:\/\/nextsnkr.com\/et\/wp-json\/wp\/v2\/types\/product"}],"replies":[{"embeddable":true,"href":"https:\/\/nextsnkr.com\/et\/wp-json\/wp\/v2\/comments?post=691676"}],"version-history":[{"count":0,"href":"https:\/\/nextsnkr.com\/et\/wp-json\/wp\/v2\/product\/691676\/revisions"}],"wp:featuredmedia":[{"embeddable":true,"href":"https:\/\/nextsnkr.com\/et\/wp-json\/wp\/v2\/media\/691679"}],"wp:attachment":[{"href":"https:\/\/nextsnkr.com\/et\/wp-json\/wp\/v2\/media?parent=691676"}],"wp:term":[{"taxonomy":"product_brand","embeddable":true,"href":"https:\/\/nextsnkr.com\/et\/wp-json\/wp\/v2\/product_brand?post=691676"},{"taxonomy":"product_cat","embeddable":true,"href":"https:\/\/nextsnkr.com\/et\/wp-json\/wp\/v2\/product_cat?post=691676"},{"taxonomy":"product_tag","embeddable":true,"href":"https:\/\/nextsnkr.com\/et\/wp-json\/wp\/v2\/product_tag?post=691676"}],"curies":[{"name":"wp","href":"https:\/\/api.w.org\/{rel}","templated":true}]}}