{"id":691122,"date":"2025-06-18T19:34:10","date_gmt":"2025-06-18T16:34:10","guid":{"rendered":"https:\/\/nextsnkr.com\/product\/yves-saint-laurent-green\/"},"modified":"2026-01-30T15:38:32","modified_gmt":"2026-01-30T12:38:32","slug":"yves-saint-laurent-green","status":"publish","type":"product","link":"https:\/\/nextsnkr.com\/et\/toode\/yves-saint-laurent-green\/","title":{"rendered":"Yves Saint Laurent Green kott-stiilne \u00f6ko &#8211; nahast mudel"},"content":{"rendered":"<h2>Yves Saint Laurent Green kott-stiilne \u00f6ko &#8211; nahast mudel<\/h2>\n<p>Yves Saint Laurent Green on Yves Saint Laurenti kaubam\u00e4rgi elegantne kott, mis on valmistatud kvaliteetsest \u00f6konahast. Mudel \u00fchendab kaasaegse disaini ja praktilisuse, sobib igap\u00e4evaseks kasutamiseks ja erilistel puhkudel. Stiilne roheline v\u00e4rv lisab v\u00e4limusele heledust ja isikup\u00e4ra. Ideaalne valik neile, kes hindavad kaubam\u00e4rgiga jalatseid, mugavust ja materjalide vastupidavust.<\/p>\n","protected":false},"excerpt":{"rendered":"<p>Yves Saint Laurent Green on Yves Saint Laurenti kaubam\u00e4rgi elegantne kott, mis on valmistatud kvaliteetsest \u00f6konahast. Mudel \u00fchendab kaasaegse disaini ja praktilisuse, sobib igap\u00e4evaseks kasutamiseks ja erilistel puhkudel. Stiilne roheline v\u00e4rv lisab v\u00e4limusele heledust ja isikup\u00e4ra. Ideaalne valik neile, kes hindavad kaubam\u00e4rgiga jalatseid, mugavust ja materjalide vastupidavust.<\/p>\n","protected":false},"featured_media":691126,"comment_status":"open","ping_status":"open","template":"","meta":[],"product_brand":[],"product_cat":[3186,3474],"product_tag":[],"class_list":{"0":"post-691122","1":"product","2":"type-product","3":"status-publish","4":"has-post-thumbnail","6":"product_cat-all-product","7":"product_cat-sumky","8":"pa_rozmir-one-size","10":"first","11":"instock","12":"purchasable","13":"product-type-simple"},"_links":{"self":[{"href":"https:\/\/nextsnkr.com\/et\/wp-json\/wp\/v2\/product\/691122","targetHints":{"allow":["GET"]}}],"collection":[{"href":"https:\/\/nextsnkr.com\/et\/wp-json\/wp\/v2\/product"}],"about":[{"href":"https:\/\/nextsnkr.com\/et\/wp-json\/wp\/v2\/types\/product"}],"replies":[{"embeddable":true,"href":"https:\/\/nextsnkr.com\/et\/wp-json\/wp\/v2\/comments?post=691122"}],"version-history":[{"count":0,"href":"https:\/\/nextsnkr.com\/et\/wp-json\/wp\/v2\/product\/691122\/revisions"}],"wp:featuredmedia":[{"embeddable":true,"href":"https:\/\/nextsnkr.com\/et\/wp-json\/wp\/v2\/media\/691126"}],"wp:attachment":[{"href":"https:\/\/nextsnkr.com\/et\/wp-json\/wp\/v2\/media?parent=691122"}],"wp:term":[{"taxonomy":"product_brand","embeddable":true,"href":"https:\/\/nextsnkr.com\/et\/wp-json\/wp\/v2\/product_brand?post=691122"},{"taxonomy":"product_cat","embeddable":true,"href":"https:\/\/nextsnkr.com\/et\/wp-json\/wp\/v2\/product_cat?post=691122"},{"taxonomy":"product_tag","embeddable":true,"href":"https:\/\/nextsnkr.com\/et\/wp-json\/wp\/v2\/product_tag?post=691122"}],"curies":[{"name":"wp","href":"https:\/\/api.w.org\/{rel}","templated":true}]}}