{"id":689987,"date":"2025-06-17T21:14:41","date_gmt":"2025-06-17T18:14:41","guid":{"rendered":"https:\/\/nextsnkr.com\/product\/yeezy-slide-olive-rozprodazh\/"},"modified":"2026-01-30T15:37:46","modified_gmt":"2026-01-30T12:37:46","slug":"yeezy-slide-olive-rozprodazh","status":"publish","type":"product","link":"https:\/\/nextsnkr.com\/et\/toode\/yeezy-slide-olive-rozprodazh\/","title":{"rendered":"Yeezy Slide Olive pl\u00e4tud-kerged EVA pl\u00e4tud m\u00fc\u00fck"},"content":{"rendered":"<h2>Yeezy Slide Olive pl\u00e4tud-kerged EVA pl\u00e4tud m\u00fc\u00fck<\/h2>\n<p>Yeezy Slide Olive Sussid on mugav ja stiilne mudel igap\u00e4evaseks kandmiseks kodus v\u00f5i v\u00e4ljas. Valmistatud kergest ja vastupidavast EVA materjalist, pakuvad need k\u00f5ndimisel mugavat istuvust ja pehmendust. Oliiviv\u00e4rv lisab mitmek\u00fclgsust ja kaasaegset v\u00e4limust, samas kui lihtne disain r\u00f5hutab yeezy kaubam\u00e4rgi minimalistlikku stiili. Ideaalne suvehooajaks, puhkuseks ja igap\u00e4evaseks kasutamiseks. Tootja-Vietnam. Kood: YE052-156860.<\/p>\n","protected":false},"excerpt":{"rendered":"<p>Yeezy Slide Olive Sussid on mugav ja stiilne mudel igap\u00e4evaseks kandmiseks kodus v\u00f5i v\u00e4ljas. Valmistatud kergest ja vastupidavast EVA materjalist, pakuvad need k\u00f5ndimisel mugavat istuvust ja pehmendust. Oliiviv\u00e4rv lisab mitmek\u00fclgsust ja kaasaegset v\u00e4limust, samas kui lihtne disain r\u00f5hutab yeezy kaubam\u00e4rgi minimalistlikku stiili. Ideaalne suvehooajaks, puhkuseks ja igap\u00e4evaseks kasutamiseks. Tootja-Vietnam. Kood: YE052-156860.<\/p>\n","protected":false},"featured_media":689988,"comment_status":"open","ping_status":"open","template":"","meta":[],"product_brand":[],"product_cat":[3395,3186,3419],"product_tag":[],"class_list":{"0":"post-689987","1":"product","2":"type-product","3":"status-publish","4":"has-post-thumbnail","6":"product_cat-adidas-yeezy","7":"product_cat-all-product","8":"product_cat-shlopantsi","9":"pa_rozmir-910","10":"pa_rozmir-912","11":"pa_rozmir-914","12":"pa_rozmir-915","13":"pa_rozmir-916","14":"pa_rozmir-917","15":"pa_rozmir-918","16":"pa_rozmir-919","17":"pa_rozmir-920","18":"pa_rozmir-921","19":"pa_rozmir-922","21":"first","22":"instock","23":"purchasable","24":"product-type-variable"},"_links":{"self":[{"href":"https:\/\/nextsnkr.com\/et\/wp-json\/wp\/v2\/product\/689987","targetHints":{"allow":["GET"]}}],"collection":[{"href":"https:\/\/nextsnkr.com\/et\/wp-json\/wp\/v2\/product"}],"about":[{"href":"https:\/\/nextsnkr.com\/et\/wp-json\/wp\/v2\/types\/product"}],"replies":[{"embeddable":true,"href":"https:\/\/nextsnkr.com\/et\/wp-json\/wp\/v2\/comments?post=689987"}],"version-history":[{"count":0,"href":"https:\/\/nextsnkr.com\/et\/wp-json\/wp\/v2\/product\/689987\/revisions"}],"wp:featuredmedia":[{"embeddable":true,"href":"https:\/\/nextsnkr.com\/et\/wp-json\/wp\/v2\/media\/689988"}],"wp:attachment":[{"href":"https:\/\/nextsnkr.com\/et\/wp-json\/wp\/v2\/media?parent=689987"}],"wp:term":[{"taxonomy":"product_brand","embeddable":true,"href":"https:\/\/nextsnkr.com\/et\/wp-json\/wp\/v2\/product_brand?post=689987"},{"taxonomy":"product_cat","embeddable":true,"href":"https:\/\/nextsnkr.com\/et\/wp-json\/wp\/v2\/product_cat?post=689987"},{"taxonomy":"product_tag","embeddable":true,"href":"https:\/\/nextsnkr.com\/et\/wp-json\/wp\/v2\/product_tag?post=689987"}],"curies":[{"name":"wp","href":"https:\/\/api.w.org\/{rel}","templated":true}]}}