{"id":689791,"date":"2025-06-17T21:15:32","date_gmt":"2025-06-17T18:15:32","guid":{"rendered":"https:\/\/nextsnkr.com\/product\/yeezy-slide-white-rozprodazh\/"},"modified":"2026-01-30T15:37:42","modified_gmt":"2026-01-30T12:37:42","slug":"yeezy-slide-white-rozprodazh","status":"publish","type":"product","link":"https:\/\/nextsnkr.com\/et\/toode\/yeezy-slide-white-rozprodazh\/","title":{"rendered":"Yeezy Slide White sussid-kerged EVA pl\u00e4tud (m\u00fc\u00fck)"},"content":{"rendered":"<h2>Yeezy Slide White sussid-kerged EVA pl\u00e4tud (m\u00fc\u00fck)<\/h2>\n<p>Yeezy Slide White Sussid on valmistatud kergest ja vastupidavast EVA materjalist, mis pakub mugavust ja pehmendust igal sammul. Stiilne valge muudab mudeli mitmek\u00fclgseks ja sobib h\u00f5lpsalt iga suve-v\u00f5i vabaaja v\u00e4limusega. Kerge konstruktsioon ja ergonoomiline disain tagavad mugavuse pikaajalise kandmise ajal. Tootja-Vietnam. Kasutage m\u00fc\u00fcki ja valige yeezy Slide White mugavuse, stiili ja praktilisuse huvides.<\/p>\n","protected":false},"excerpt":{"rendered":"<p>Yeezy Slide White Sussid on valmistatud kergest ja vastupidavast EVA materjalist, mis pakub mugavust ja pehmendust igal sammul. Stiilne valge muudab mudeli mitmek\u00fclgseks ja sobib h\u00f5lpsalt iga suve-v\u00f5i vabaaja v\u00e4limusega. Kerge konstruktsioon ja ergonoomiline disain tagavad mugavuse pikaajalise kandmise ajal. Tootja-Vietnam. Kasutage m\u00fc\u00fcki ja valige yeezy Slide White mugavuse, stiili ja praktilisuse huvides.<\/p>\n","protected":false},"featured_media":689792,"comment_status":"open","ping_status":"open","template":"","meta":[],"product_brand":[],"product_cat":[3395,3186,3419],"product_tag":[],"class_list":{"0":"post-689791","1":"product","2":"type-product","3":"status-publish","4":"has-post-thumbnail","6":"product_cat-adidas-yeezy","7":"product_cat-all-product","8":"product_cat-shlopantsi","9":"pa_rozmir-910","10":"pa_rozmir-912","11":"pa_rozmir-914","12":"pa_rozmir-915","13":"pa_rozmir-916","14":"pa_rozmir-917","15":"pa_rozmir-918","16":"pa_rozmir-919","17":"pa_rozmir-920","18":"pa_rozmir-921","19":"pa_rozmir-922","21":"first","22":"instock","23":"purchasable","24":"product-type-variable"},"_links":{"self":[{"href":"https:\/\/nextsnkr.com\/et\/wp-json\/wp\/v2\/product\/689791","targetHints":{"allow":["GET"]}}],"collection":[{"href":"https:\/\/nextsnkr.com\/et\/wp-json\/wp\/v2\/product"}],"about":[{"href":"https:\/\/nextsnkr.com\/et\/wp-json\/wp\/v2\/types\/product"}],"replies":[{"embeddable":true,"href":"https:\/\/nextsnkr.com\/et\/wp-json\/wp\/v2\/comments?post=689791"}],"version-history":[{"count":0,"href":"https:\/\/nextsnkr.com\/et\/wp-json\/wp\/v2\/product\/689791\/revisions"}],"wp:featuredmedia":[{"embeddable":true,"href":"https:\/\/nextsnkr.com\/et\/wp-json\/wp\/v2\/media\/689792"}],"wp:attachment":[{"href":"https:\/\/nextsnkr.com\/et\/wp-json\/wp\/v2\/media?parent=689791"}],"wp:term":[{"taxonomy":"product_brand","embeddable":true,"href":"https:\/\/nextsnkr.com\/et\/wp-json\/wp\/v2\/product_brand?post=689791"},{"taxonomy":"product_cat","embeddable":true,"href":"https:\/\/nextsnkr.com\/et\/wp-json\/wp\/v2\/product_cat?post=689791"},{"taxonomy":"product_tag","embeddable":true,"href":"https:\/\/nextsnkr.com\/et\/wp-json\/wp\/v2\/product_tag?post=689791"}],"curies":[{"name":"wp","href":"https:\/\/api.w.org\/{rel}","templated":true}]}}