{"id":689201,"date":"2025-06-17T21:18:03","date_gmt":"2025-06-17T18:18:03","guid":{"rendered":"https:\/\/nextsnkr.com\/product\/slide-bone-rasprodazha\/"},"modified":"2026-01-30T15:36:56","modified_gmt":"2026-01-30T12:36:56","slug":"slide-bone-rasprodazha","status":"publish","type":"product","link":"https:\/\/nextsnkr.com\/et\/toode\/slide-bone-rasprodazha\/","title":{"rendered":"Slide Bone sussid-kerged EVA-d kodu ja puhkuse jaoks"},"content":{"rendered":"<h2>Slide Bone sussid-kerged EVA-d kodu ja puhkuse jaoks<\/h2>\n<p>Slide Bone Sussid on valmistatud kergest ja vastupidavast EVA materjalist, mis tagab mugavuse, pehmenduse ja h\u00f5lpsa kandmise. Mudel sobib ideaalselt koju, puhkuseks, rannaks v\u00f5i kiireks v\u00e4ljas\u00f5iduks. Mugav kuju ja libisemisvastane tald tagavad sammu ohutuse ja stabiilsuse. Tootmine on Vietnam, m\u00fc\u00fcgihind muudab ostu soodsaks. Slide Bone on praktiline ja stiilne valik igap\u00e4evaseks mugavuseks.<\/p>\n","protected":false},"excerpt":{"rendered":"<p>Slide Bone Sussid on valmistatud kergest ja vastupidavast EVA materjalist, mis tagab mugavuse, pehmenduse ja h\u00f5lpsa kandmise. Mudel sobib ideaalselt koju, puhkuseks, rannaks v\u00f5i kiireks v\u00e4ljas\u00f5iduks. Mugav kuju ja libisemisvastane tald tagavad sammu ohutuse ja stabiilsuse. Tootmine on Vietnam, m\u00fc\u00fcgihind muudab ostu soodsaks. Slide Bone on praktiline ja stiilne valik igap\u00e4evaseks mugavuseks.<\/p>\n","protected":false},"featured_media":689202,"comment_status":"open","ping_status":"open","template":"","meta":[],"product_brand":[],"product_cat":[3186,3419],"product_tag":[],"class_list":{"0":"post-689201","1":"product","2":"type-product","3":"status-publish","4":"has-post-thumbnail","6":"product_cat-all-product","7":"product_cat-shlopantsi","8":"pa_rozmir-910","9":"pa_rozmir-912","10":"pa_rozmir-914","11":"pa_rozmir-915","12":"pa_rozmir-916","13":"pa_rozmir-917","14":"pa_rozmir-918","15":"pa_rozmir-919","16":"pa_rozmir-920","17":"pa_rozmir-921","18":"pa_rozmir-922","20":"first","21":"instock","22":"purchasable","23":"product-type-variable"},"_links":{"self":[{"href":"https:\/\/nextsnkr.com\/et\/wp-json\/wp\/v2\/product\/689201","targetHints":{"allow":["GET"]}}],"collection":[{"href":"https:\/\/nextsnkr.com\/et\/wp-json\/wp\/v2\/product"}],"about":[{"href":"https:\/\/nextsnkr.com\/et\/wp-json\/wp\/v2\/types\/product"}],"replies":[{"embeddable":true,"href":"https:\/\/nextsnkr.com\/et\/wp-json\/wp\/v2\/comments?post=689201"}],"version-history":[{"count":0,"href":"https:\/\/nextsnkr.com\/et\/wp-json\/wp\/v2\/product\/689201\/revisions"}],"wp:featuredmedia":[{"embeddable":true,"href":"https:\/\/nextsnkr.com\/et\/wp-json\/wp\/v2\/media\/689202"}],"wp:attachment":[{"href":"https:\/\/nextsnkr.com\/et\/wp-json\/wp\/v2\/media?parent=689201"}],"wp:term":[{"taxonomy":"product_brand","embeddable":true,"href":"https:\/\/nextsnkr.com\/et\/wp-json\/wp\/v2\/product_brand?post=689201"},{"taxonomy":"product_cat","embeddable":true,"href":"https:\/\/nextsnkr.com\/et\/wp-json\/wp\/v2\/product_cat?post=689201"},{"taxonomy":"product_tag","embeddable":true,"href":"https:\/\/nextsnkr.com\/et\/wp-json\/wp\/v2\/product_tag?post=689201"}],"curies":[{"name":"wp","href":"https:\/\/api.w.org\/{rel}","templated":true}]}}