{"id":689152,"date":"2025-06-18T19:42:49","date_gmt":"2025-06-18T16:42:49","guid":{"rendered":"https:\/\/nextsnkr.com\/product\/prada-pink-triangle-sale\/"},"modified":"2026-01-30T15:36:33","modified_gmt":"2026-01-30T12:36:33","slug":"prada-pink-triangle-sale","status":"publish","type":"product","link":"https:\/\/nextsnkr.com\/et\/toode\/prada-pink-triangle-sale\/","title":{"rendered":"Prada Roosa Kolmnurga \u00f6ko-nahast kott-stiilne ja praktiline"},"content":{"rendered":"<h2>Prada Roosa Kolmnurga \u00f6ko-nahast kott-stiilne ja praktiline<\/h2>\n<p>Prada Pink Triangle kott on valmistatud kvaliteetsest \u00f6konahast, mis tagab vastupidavuse ja elegantse v\u00e4limuse. Mudel sobib ideaalselt igap\u00e4evaseks kasutamiseks ja stiilse v\u00e4limuse loomiseks. Silmatorkav roosa v\u00e4rv ja Prada allkirjastatud kolmnurkne logo muudavad koti silmapaistvaks aksessuaariks, mis t\u00f5stab esile isikup\u00e4ra ja rafineeritud maitset. Ideaalne valik moodsate ostude jaoks SALE &#8216; is.<\/p>\n","protected":false},"excerpt":{"rendered":"<p>Prada Pink Triangle kott on valmistatud kvaliteetsest \u00f6konahast, mis tagab vastupidavuse ja elegantse v\u00e4limuse. Mudel sobib ideaalselt igap\u00e4evaseks kasutamiseks ja stiilse v\u00e4limuse loomiseks. Silmatorkav roosa v\u00e4rv ja Prada allkirjastatud kolmnurkne logo muudavad koti silmapaistvaks aksessuaariks, mis t\u00f5stab esile isikup\u00e4ra ja rafineeritud maitset. Ideaalne valik moodsate ostude jaoks SALE &#8216; is.<\/p>\n","protected":false},"featured_media":689153,"comment_status":"open","ping_status":"open","template":"","meta":[],"product_brand":[],"product_cat":[3186,3474],"product_tag":[],"class_list":{"0":"post-689152","1":"product","2":"type-product","3":"status-publish","4":"has-post-thumbnail","6":"product_cat-all-product","7":"product_cat-sumky","8":"pa_rozmir-23kh20kh19","10":"first","11":"instock","12":"purchasable","13":"product-type-simple"},"_links":{"self":[{"href":"https:\/\/nextsnkr.com\/et\/wp-json\/wp\/v2\/product\/689152","targetHints":{"allow":["GET"]}}],"collection":[{"href":"https:\/\/nextsnkr.com\/et\/wp-json\/wp\/v2\/product"}],"about":[{"href":"https:\/\/nextsnkr.com\/et\/wp-json\/wp\/v2\/types\/product"}],"replies":[{"embeddable":true,"href":"https:\/\/nextsnkr.com\/et\/wp-json\/wp\/v2\/comments?post=689152"}],"version-history":[{"count":0,"href":"https:\/\/nextsnkr.com\/et\/wp-json\/wp\/v2\/product\/689152\/revisions"}],"wp:featuredmedia":[{"embeddable":true,"href":"https:\/\/nextsnkr.com\/et\/wp-json\/wp\/v2\/media\/689153"}],"wp:attachment":[{"href":"https:\/\/nextsnkr.com\/et\/wp-json\/wp\/v2\/media?parent=689152"}],"wp:term":[{"taxonomy":"product_brand","embeddable":true,"href":"https:\/\/nextsnkr.com\/et\/wp-json\/wp\/v2\/product_brand?post=689152"},{"taxonomy":"product_cat","embeddable":true,"href":"https:\/\/nextsnkr.com\/et\/wp-json\/wp\/v2\/product_cat?post=689152"},{"taxonomy":"product_tag","embeddable":true,"href":"https:\/\/nextsnkr.com\/et\/wp-json\/wp\/v2\/product_tag?post=689152"}],"curies":[{"name":"wp","href":"https:\/\/api.w.org\/{rel}","templated":true}]}}