{"id":683227,"date":"2025-06-18T20:49:12","date_gmt":"2025-06-18T17:49:12","guid":{"rendered":"https:\/\/nextsnkr.com\/product\/nike-sb-dunk-high-x-ambush-black-white\/"},"modified":"2026-01-30T15:31:44","modified_gmt":"2026-01-30T12:31:44","slug":"nike-sb-dunk-high-x-ambush-black-white","status":"publish","type":"product","link":"https:\/\/nextsnkr.com\/et\/toode\/nike-sb-dunk-high-x-ambush-black-white\/","title":{"rendered":"Nike SB DUNK HIGH X AMBUSH mustad \/ valged tossud-Stiil ja mugavus"},"content":{"rendered":"<h2>Nike SB DUNK HIGH X AMBUSH mustad \/ valged tossud-Stiil ja mugavus<\/h2>\n<p>NIKE SB DUNK HIGH x AMBUSH mustad \/ valged tossud on valmistatud kvaliteetsest nahast, mis tagab vastupidavuse ja kandmismugavuse. Nike kaubam\u00e4rgi mudel sobib ideaalselt igap\u00e4evaseks kasutamiseks ja aktiivseks puhkuseks. Stiilne must ja valge disain r\u00f5hutab isikup\u00e4ra ja moes maitset. Kvaliteetsed materjalid ja mugav istuvus muudavad need must-have tossud neile, kes hindavad mugavust ja stiili igal sammul.<\/p>\n","protected":false},"excerpt":{"rendered":"<p>NIKE SB DUNK HIGH x AMBUSH mustad \/ valged tossud on valmistatud kvaliteetsest nahast, mis tagab vastupidavuse ja kandmismugavuse. Nike kaubam\u00e4rgi mudel sobib ideaalselt igap\u00e4evaseks kasutamiseks ja aktiivseks puhkuseks. Stiilne must ja valge disain r\u00f5hutab isikup\u00e4ra ja moes maitset. Kvaliteetsed materjalid ja mugav istuvus muudavad need must-have tossud neile, kes hindavad mugavust ja stiili igal sammul.<\/p>\n","protected":false},"featured_media":683229,"comment_status":"open","ping_status":"open","template":"","meta":[],"product_brand":[],"product_cat":[3186,3317],"product_tag":[],"class_list":{"0":"post-683227","1":"product","2":"type-product","3":"status-publish","4":"has-post-thumbnail","6":"product_cat-all-product","7":"product_cat-kedy","8":"pa_rozmir-910","9":"pa_rozmir-912","10":"pa_rozmir-914","11":"pa_rozmir-915","12":"pa_rozmir-916","13":"pa_rozmir-917","14":"pa_rozmir-918","15":"pa_rozmir-919","16":"pa_rozmir-920","17":"pa_rozmir-921","18":"pa_rozmir-922","20":"first","21":"instock","22":"purchasable","23":"product-type-variable"},"_links":{"self":[{"href":"https:\/\/nextsnkr.com\/et\/wp-json\/wp\/v2\/product\/683227","targetHints":{"allow":["GET"]}}],"collection":[{"href":"https:\/\/nextsnkr.com\/et\/wp-json\/wp\/v2\/product"}],"about":[{"href":"https:\/\/nextsnkr.com\/et\/wp-json\/wp\/v2\/types\/product"}],"replies":[{"embeddable":true,"href":"https:\/\/nextsnkr.com\/et\/wp-json\/wp\/v2\/comments?post=683227"}],"version-history":[{"count":0,"href":"https:\/\/nextsnkr.com\/et\/wp-json\/wp\/v2\/product\/683227\/revisions"}],"wp:featuredmedia":[{"embeddable":true,"href":"https:\/\/nextsnkr.com\/et\/wp-json\/wp\/v2\/media\/683229"}],"wp:attachment":[{"href":"https:\/\/nextsnkr.com\/et\/wp-json\/wp\/v2\/media?parent=683227"}],"wp:term":[{"taxonomy":"product_brand","embeddable":true,"href":"https:\/\/nextsnkr.com\/et\/wp-json\/wp\/v2\/product_brand?post=683227"},{"taxonomy":"product_cat","embeddable":true,"href":"https:\/\/nextsnkr.com\/et\/wp-json\/wp\/v2\/product_cat?post=683227"},{"taxonomy":"product_tag","embeddable":true,"href":"https:\/\/nextsnkr.com\/et\/wp-json\/wp\/v2\/product_tag?post=683227"}],"curies":[{"name":"wp","href":"https:\/\/api.w.org\/{rel}","templated":true}]}}