{"id":681372,"date":"2025-06-13T12:42:11","date_gmt":"2025-06-13T09:42:11","guid":{"rendered":"https:\/\/nextsnkr.com\/product\/louis-vuitton-lv-trainer-white-beige\/"},"modified":"2026-01-30T15:30:13","modified_gmt":"2026-01-30T12:30:13","slug":"louis-vuitton-lv-trainer-white-beige","status":"publish","type":"product","link":"https:\/\/nextsnkr.com\/et\/toode\/louis-vuitton-lv-trainer-white-beige\/","title":{"rendered":"Louis Vuitton LV Trainer White-beige tossud-stiilsed nahast tossud"},"content":{"rendered":"<h2>Louis Vuitton LV Trainer White-beige tossud-stiilsed nahast tossud<\/h2>\n<p>Louis Vuitton LV Trainer White \/ Beige tossud on esmaklassiline nahast ja hingavast v\u00f5rgust mudel, mis on loodud maksimaalse mugavuse ja stiilse igap\u00e4evase kasutamise tagamiseks. Louis Vuittoni kerge siluett, kvaliteetsed materjalid ja \u00e4ratuntav disain muudavad selle paari ideaalseks linna v\u00e4ljan\u00e4gemise jaoks. Pehme polsterdus ja kindel tugi tagavad mugavuse ka pika kandmise ajal.<\/p>\n","protected":false},"excerpt":{"rendered":"<p>Louis Vuitton LV Trainer White \/ Beige tossud on esmaklassiline nahast ja hingavast v\u00f5rgust mudel, mis on loodud maksimaalse mugavuse ja stiilse igap\u00e4evase kasutamise tagamiseks. Louis Vuittoni kerge siluett, kvaliteetsed materjalid ja \u00e4ratuntav disain muudavad selle paari ideaalseks linna v\u00e4ljan\u00e4gemise jaoks. Pehme polsterdus ja kindel tugi tagavad mugavuse ka pika kandmise ajal.<\/p>\n","protected":false},"featured_media":681373,"comment_status":"open","ping_status":"open","template":"","meta":[],"product_brand":[],"product_cat":[3186,3187],"product_tag":[],"class_list":{"0":"post-681372","1":"product","2":"type-product","3":"status-publish","4":"has-post-thumbnail","6":"product_cat-all-product","7":"product_cat-krosivky","8":"pa_rozmir-910","9":"pa_rozmir-912","10":"pa_rozmir-914","11":"pa_rozmir-915","12":"pa_rozmir-916","13":"pa_rozmir-917","14":"pa_rozmir-918","15":"pa_rozmir-919","16":"pa_rozmir-920","17":"pa_rozmir-921","18":"pa_rozmir-922","20":"first","21":"instock","22":"purchasable","23":"product-type-variable"},"_links":{"self":[{"href":"https:\/\/nextsnkr.com\/et\/wp-json\/wp\/v2\/product\/681372","targetHints":{"allow":["GET"]}}],"collection":[{"href":"https:\/\/nextsnkr.com\/et\/wp-json\/wp\/v2\/product"}],"about":[{"href":"https:\/\/nextsnkr.com\/et\/wp-json\/wp\/v2\/types\/product"}],"replies":[{"embeddable":true,"href":"https:\/\/nextsnkr.com\/et\/wp-json\/wp\/v2\/comments?post=681372"}],"version-history":[{"count":0,"href":"https:\/\/nextsnkr.com\/et\/wp-json\/wp\/v2\/product\/681372\/revisions"}],"wp:featuredmedia":[{"embeddable":true,"href":"https:\/\/nextsnkr.com\/et\/wp-json\/wp\/v2\/media\/681373"}],"wp:attachment":[{"href":"https:\/\/nextsnkr.com\/et\/wp-json\/wp\/v2\/media?parent=681372"}],"wp:term":[{"taxonomy":"product_brand","embeddable":true,"href":"https:\/\/nextsnkr.com\/et\/wp-json\/wp\/v2\/product_brand?post=681372"},{"taxonomy":"product_cat","embeddable":true,"href":"https:\/\/nextsnkr.com\/et\/wp-json\/wp\/v2\/product_cat?post=681372"},{"taxonomy":"product_tag","embeddable":true,"href":"https:\/\/nextsnkr.com\/et\/wp-json\/wp\/v2\/product_tag?post=681372"}],"curies":[{"name":"wp","href":"https:\/\/api.w.org\/{rel}","templated":true}]}}