{"id":681033,"date":"2025-06-13T12:43:24","date_gmt":"2025-06-13T09:43:24","guid":{"rendered":"https:\/\/nextsnkr.com\/product\/louis-vuitton-lv-trainer-white-grey\/"},"modified":"2026-01-30T15:29:53","modified_gmt":"2026-01-30T12:29:53","slug":"louis-vuitton-lv-trainer-white-grey","status":"publish","type":"product","link":"https:\/\/nextsnkr.com\/et\/toode\/louis-vuitton-lv-trainer-white-grey\/","title":{"rendered":"Louis Vuitton LV treener valge \u2014 Hall-stiilsed nahast tossud"},"content":{"rendered":"<h2>Louis Vuitton LV treener valge \u2014 Hall-stiilsed nahast tossud<\/h2>\n<p>Esmaklassilised Louis Vuitton LV Trainer White \/ Grey tossud \u00fchendavad kaasaegse stiili ja br\u00e4ndi laitmatu kvaliteedi. Mudel on valmistatud nahast ja hingamisv\u00f5rgust, mis tagab mugavuse, tugevuse ja ventilatsiooni igap\u00e4evase kandmise ajal. Elegantne valge ja halli kombinatsioon muudab need tossud mitmek\u00fclgseks t\u00e4ienduseks igale v\u00e4limusele-alates vabaajast kuni sportlikuni. LV Trainer on valik neile, kes hindavad esmaklassilisi materjale, ainulaadset disaini ja staatuse v\u00e4limust. Ideaalne linnastiili ja aktiivse elur\u00fctmi jaoks.<\/p>\n","protected":false},"excerpt":{"rendered":"<p>Esmaklassilised Louis Vuitton LV Trainer White \/ Grey tossud \u00fchendavad kaasaegse stiili ja br\u00e4ndi laitmatu kvaliteedi. Mudel on valmistatud nahast ja hingamisv\u00f5rgust, mis tagab mugavuse, tugevuse ja ventilatsiooni igap\u00e4evase kandmise ajal. Elegantne valge ja halli kombinatsioon muudab need tossud mitmek\u00fclgseks t\u00e4ienduseks igale v\u00e4limusele-alates vabaajast kuni sportlikuni. LV Trainer on valik neile, kes hindavad esmaklassilisi materjale, ainulaadset disaini ja staatuse v\u00e4limust. Ideaalne linnastiili ja aktiivse elur\u00fctmi jaoks.<\/p>\n","protected":false},"featured_media":681034,"comment_status":"open","ping_status":"open","template":"","meta":[],"product_brand":[],"product_cat":[3186,3187],"product_tag":[],"class_list":{"0":"post-681033","1":"product","2":"type-product","3":"status-publish","4":"has-post-thumbnail","6":"product_cat-all-product","7":"product_cat-krosivky","8":"pa_rozmir-910","9":"pa_rozmir-912","10":"pa_rozmir-914","11":"pa_rozmir-915","12":"pa_rozmir-916","13":"pa_rozmir-917","14":"pa_rozmir-918","15":"pa_rozmir-919","16":"pa_rozmir-920","17":"pa_rozmir-921","18":"pa_rozmir-922","20":"first","21":"instock","22":"purchasable","23":"product-type-variable"},"_links":{"self":[{"href":"https:\/\/nextsnkr.com\/et\/wp-json\/wp\/v2\/product\/681033","targetHints":{"allow":["GET"]}}],"collection":[{"href":"https:\/\/nextsnkr.com\/et\/wp-json\/wp\/v2\/product"}],"about":[{"href":"https:\/\/nextsnkr.com\/et\/wp-json\/wp\/v2\/types\/product"}],"replies":[{"embeddable":true,"href":"https:\/\/nextsnkr.com\/et\/wp-json\/wp\/v2\/comments?post=681033"}],"version-history":[{"count":0,"href":"https:\/\/nextsnkr.com\/et\/wp-json\/wp\/v2\/product\/681033\/revisions"}],"wp:featuredmedia":[{"embeddable":true,"href":"https:\/\/nextsnkr.com\/et\/wp-json\/wp\/v2\/media\/681034"}],"wp:attachment":[{"href":"https:\/\/nextsnkr.com\/et\/wp-json\/wp\/v2\/media?parent=681033"}],"wp:term":[{"taxonomy":"product_brand","embeddable":true,"href":"https:\/\/nextsnkr.com\/et\/wp-json\/wp\/v2\/product_brand?post=681033"},{"taxonomy":"product_cat","embeddable":true,"href":"https:\/\/nextsnkr.com\/et\/wp-json\/wp\/v2\/product_cat?post=681033"},{"taxonomy":"product_tag","embeddable":true,"href":"https:\/\/nextsnkr.com\/et\/wp-json\/wp\/v2\/product_tag?post=681033"}],"curies":[{"name":"wp","href":"https:\/\/api.w.org\/{rel}","templated":true}]}}